{"id":997,"date":"2018-06-14T23:46:31","date_gmt":"2018-06-14T23:46:31","guid":{"rendered":"http:\/\/luft-und-klimatechnik.lacuna-air.de\/?post_type=product&#038;p=997"},"modified":"2018-06-15T00:03:08","modified_gmt":"2018-06-15T00:03:08","slug":"mess-und-regelungssystem","status":"publish","type":"product","link":"https:\/\/www.lacuna-air.de\/?product=mess-und-regelungssystem","title":{"rendered":"Mess- und Regelungssystem"},"content":{"rendered":"<p><strong>Technische Dokumentation:<\/strong><\/p>\n<p><a href=\"http:\/\/luft-und-klimatechnik.lacuna-air.de\/wp-content\/uploads\/2018\/06\/MUR-Technische-Dokumentatio.pdf\">MUR Technische Dokumentation<\/a><\/p>\n<p>&nbsp;<\/p>\n<p><strong>Zertifikate und Erkl\u00e4rungen:<\/strong><\/p>\n<p><a href=\"http:\/\/luft-und-klimatechnik.lacuna-air.de\/wp-content\/uploads\/2018\/06\/MuR-Elektromagnetische-Vertr\u00e4glichkeit-EMC.pdf\">MuR &#8211; Elektromagnetische Vertr\u00e4glichkeit EMC<\/a><br \/>\n<a href=\"http:\/\/luft-und-klimatechnik.lacuna-air.de\/wp-content\/uploads\/2018\/06\/MuR-Niederspannungsrichtlinie-Zertifikat-LVD.pdf\">MuR &#8211; Niederspannungsrichtlinie Zertifikat LVD<\/a><br \/>\n<a href=\"http:\/\/luft-und-klimatechnik.lacuna-air.de\/wp-content\/uploads\/2018\/06\/MuR-Leistungserkl\u00e4rung.pdf\">MuR Leistungserkl\u00e4rung<\/a><strong><br \/>\n<\/strong><\/p>\n<p>&nbsp;<\/p>\n<h4><strong>Anleitung und Anderes:<\/strong><\/h4>\n<p><a href=\"http:\/\/luft-und-klimatechnik.lacuna-air.de\/wp-content\/uploads\/2018\/06\/MuR-Installation-und-Inbetriebnahme.pdf\">MuR Installation und Inbetriebnahme<\/a><br \/>\n<a href=\"http:\/\/luft-und-klimatechnik.lacuna-air.de\/wp-content\/uploads\/2018\/06\/MuR-Anleitung-VLT-Micro-Drive-FC-51-Danfoss.pdf\">MuR-Anleitung-VLT-Micro-Drive-FC-51-Danfoss<\/a><br \/>\n<a href=\"http:\/\/luft-und-klimatechnik.lacuna-air.de\/wp-content\/uploads\/2018\/06\/MuR-Anleitung-VLT-Micro-Drive-FC-102-Danfoss.pdf\">MuR-Anleitung-VLT-Micro-Drive-FC-102-Danfoss<\/a><br \/>\n<a href=\"http:\/\/luft-und-klimatechnik.lacuna-air.de\/wp-content\/uploads\/2018\/06\/MuR-Anleitung-Siemens-Steuerung.pdf\">MuR Anleitung Siemens Steuerung<\/a><br \/>\n<a href=\"http:\/\/luft-und-klimatechnik.lacuna-air.de\/wp-content\/uploads\/2018\/06\/MuR-Kurzanleitung-VLT-\u00ae-HVAC-Basic-Drive-FC-101-Danfoss.pdf\">MuR Kurzanleitung VLT-\u00ae-HVAC-Basic-Drive-FC-101-Danfoss<\/a><br \/>\n<a href=\"http:\/\/luft-und-klimatechnik.lacuna-air.de\/wp-content\/uploads\/2018\/06\/MuR-Kurzanleitung-FC-51-Danfoss.pdf\">MuR-Kurzanleitung-FC-51-Danfoss<\/a><\/p>\n","protected":false},"excerpt":{"rendered":"<p>Mess- und Regelungssystem ist bestimmt f\u00fcr eine effektive Steuerung der Luftklimager\u00e4te MAND\u00cdK bestimmt.<\/p>\n<ul class=\"first\">\n<li>Entwurf des MSR-Systems ger\u00e4tespezifisch m\u00f6glich<\/li>\n<li>Komfortable Steuerung des Ger\u00e4tes mit Hilfe von programmierbaren Siemens Climatix Regulator.<\/li>\n<li>Breite Palette von Kommunikationsm\u00f6glichkeiten \u2013 Zusammenarbeit mit den meisten \u00fcbergeordneten Systemen<\/li>\n<li>Einfache Bedienung und vollst\u00e4ndige Serviceeinstellungen mit Hilfe von den Regulator Display und Bedienungstasten<\/li>\n<li>Startstromverteilerkasten im Metall- oder Plastikausf\u00fchrung nach der gew\u00e4hlten Konfiguration des Ger\u00e4tes<\/li>\n<\/ul>\n<p>&nbsp;<\/p>\n<h3>Eigenschaften des MSR-Systems<\/h3>\n<ul class=\"first\">\n<li>Hervorragendes Preis\/Leistung Verh\u00e4ltnis<\/li>\n<li>Einfache Installation<\/li>\n<li>Einfache Bedienung in einigen Varianten<\/li>\n<li>Lokal- oder Fernbedienung<\/li>\n<li>Jahres- und Wochenzeitprogramme<\/li>\n<li>Textdisplay mit \u00fcbersichtlicher Darstellung aller Parameter<\/li>\n<li>Sprachwahl aller EU Sprachen (standardm\u00e4\u00dfig Tschechisch)<\/li>\n<li>Wahl von mehreren Betriebsregimen<\/li>\n<li>Regulation von Luft, Temperatur und Feuchtigkeit der Zuluft oder im Raum<\/li>\n<li>Automatische Erkennung der Erhitzung oder Abk\u00fchlung Bedarfs<\/li>\n<li>Komplexe exakte Steuerung der L\u00fcftungstechnik<\/li>\n<\/ul>\n","protected":false},"featured_media":998,"template":"","meta":[],"product_cat":[39,50],"product_tag":[],"_links":{"self":[{"href":"https:\/\/www.lacuna-air.de\/index.php?rest_route=\/wp\/v2\/product\/997"}],"collection":[{"href":"https:\/\/www.lacuna-air.de\/index.php?rest_route=\/wp\/v2\/product"}],"about":[{"href":"https:\/\/www.lacuna-air.de\/index.php?rest_route=\/wp\/v2\/types\/product"}],"wp:featuredmedia":[{"embeddable":true,"href":"https:\/\/www.lacuna-air.de\/index.php?rest_route=\/wp\/v2\/media\/998"}],"wp:attachment":[{"href":"https:\/\/www.lacuna-air.de\/index.php?rest_route=%2Fwp%2Fv2%2Fmedia&parent=997"}],"wp:term":[{"taxonomy":"product_cat","embeddable":true,"href":"https:\/\/www.lacuna-air.de\/index.php?rest_route=%2Fwp%2Fv2%2Fproduct_cat&post=997"},{"taxonomy":"product_tag","embeddable":true,"href":"https:\/\/www.lacuna-air.de\/index.php?rest_route=%2Fwp%2Fv2%2Fproduct_tag&post=997"}],"curies":[{"name":"wp","href":"https:\/\/api.w.org\/{rel}","templated":true}]}}