{"id":971,"date":"2018-06-14T23:19:06","date_gmt":"2018-06-14T23:19:06","guid":{"rendered":"http:\/\/luft-und-klimatechnik.lacuna-air.de\/?post_type=product&#038;p=971"},"modified":"2018-06-14T23:33:48","modified_gmt":"2018-06-14T23:33:48","slug":"kompakte-luftklimageraete-mandik","status":"publish","type":"product","link":"https:\/\/www.lacuna-air.de\/?product=kompakte-luftklimageraete-mandik","title":{"rendered":"Kompakte Luftklimager\u00e4te MAND\u00cdK"},"content":{"rendered":"<h4><strong>Technische Dokumentation:<\/strong><\/h4>\n<p>&nbsp;<\/p>\n<p><a href=\"http:\/\/luft-und-klimatechnik.lacuna-air.de\/wp-content\/uploads\/2018\/06\/Kompakte-RLT-CPV-TD.pdf\">Kompakte RLT-CPV-TD<\/a><br \/>\n<a href=\"http:\/\/luft-und-klimatechnik.lacuna-air.de\/wp-content\/uploads\/2018\/06\/Kompakte-RLT-CPV-12-H.pdf\">Kompakte RLT-CPV-12-H<\/a><br \/>\n<a href=\"http:\/\/luft-und-klimatechnik.lacuna-air.de\/wp-content\/uploads\/2018\/06\/Kompakte-RLT-CPV-24-H.pdf\">Kompakte RLT-CPV-24-H<\/a><br \/>\n<a href=\"http:\/\/luft-und-klimatechnik.lacuna-air.de\/wp-content\/uploads\/2018\/06\/Kompakte-RLT-CPV-36-H.pdf\">Kompakte RLT-CPV-36-H<\/a><br \/>\n<a href=\"http:\/\/luft-und-klimatechnik.lacuna-air.de\/wp-content\/uploads\/2018\/06\/Kompakte-RLT-CPV-48-H.pdf\">Kompakte RLT-CPV-48-H<\/a><br \/>\n<a href=\"http:\/\/luft-und-klimatechnik.lacuna-air.de\/wp-content\/uploads\/2018\/06\/Kompakte-RLT-CPV-60-H.pdf\">Kompakte RLT-CPV-60-H<\/a><br \/>\n<a href=\"http:\/\/luft-und-klimatechnik.lacuna-air.de\/wp-content\/uploads\/2018\/06\/Kompakte-RLT-CPV-MSR.pdf\">Kompakte RLT-CPV-MSR<\/a><\/p>\n<h4><\/h4>\n<h4><strong>Zertifikate und Erkl\u00e4rungen:<\/strong><\/h4>\n<p><a href=\"http:\/\/luft-und-klimatechnik.lacuna-air.de\/wp-content\/uploads\/2018\/06\/Kompakte-RLT-Zertifikat-CZ.pdf\">Kompakte-RLT-Zertifikat-(CZ)<\/a><br \/>\n<a href=\"http:\/\/luft-und-klimatechnik.lacuna-air.de\/wp-content\/uploads\/2018\/06\/Kompakte-RLT-Konformitatserklarung..pdf\">Kompakte-RLT-Konformitatserkl\u00e4rung<\/a><\/p>\n<h4><\/h4>\n<h4><strong>Anleitungen und Anderes:<\/strong><\/h4>\n<p><a href=\"http:\/\/luft-und-klimatechnik.lacuna-air.de\/wp-content\/uploads\/2018\/06\/Kompakte-RLT-Installation_Inbetriebnahme_Wartung.pdf\">Kompakte RLT- Installation_Inbetriebnahme_Wartung<\/a><\/p>\n","protected":false},"excerpt":{"rendered":"<p>Die kompakten Luftklimager\u00e4te sind f\u00fcr die zentrale Luftaufbereitung und Luftverteilung im kommerziellen und industriellen Bereich bestimmt. Die Ger\u00e4te sind f\u00fcr normale Betriebsbedingungen und Innenaufstellung bestimmt. Die Anlagen sind mit W\u00e4rmer\u00fcckgewinnung, Luftnachheizer und eventuell mit einer Umluft-\/Mischklappe ausgestattet (Ausf\u00fchrungen abweichend vom Standard, auf Anfrage m\u00f6glich). Hergestellt werden die Ger\u00e4te mit Luftleistungen von 500 bis 6.800 m<sup>3<\/sup>\/h. Die Ger\u00e4te werden standardm\u00e4\u00dfig in einer Plug &amp; Play Ausf\u00fchrung mit integriertem MSR System geliefert (Ausf\u00fchrungen abweichend vom Standard, auf Anfrage m\u00f6glich).<\/p>\n<p><img loading=\"lazy\" class=\"alignnone size-medium wp-image-974\" src=\"http:\/\/luft-und-klimatechnik.lacuna-air.de\/wp-content\/uploads\/2018\/06\/Graf_DE_2-300x222.png\" alt=\"\" width=\"300\" height=\"222\" srcset=\"https:\/\/www.lacuna-air.de\/wp-content\/uploads\/2018\/06\/Graf_DE_2-300x222.png 300w, https:\/\/www.lacuna-air.de\/wp-content\/uploads\/2018\/06\/Graf_DE_2.png 600w\" sizes=\"(max-width: 300px) 100vw, 300px\" \/>\u00a0 \u00a0 \u00a0<img loading=\"lazy\" class=\"alignnone size-medium wp-image-975\" src=\"http:\/\/luft-und-klimatechnik.lacuna-air.de\/wp-content\/uploads\/2018\/06\/Erp-2016.png\" alt=\"\" width=\"80\" height=\"78\" \/> <img loading=\"lazy\" class=\"alignnone size-medium wp-image-976\" src=\"http:\/\/luft-und-klimatechnik.lacuna-air.de\/wp-content\/uploads\/2018\/06\/ErP-2018.png\" alt=\"\" width=\"80\" height=\"76\" \/><\/p>\n<h4><strong>Aus der Sicht der Energie:<\/strong><\/h4>\n<ul>\n<li>Erf\u00fcllt die \u00d6kodesign-Richtlinie 2016 und 2018<\/li>\n<li>W\u00e4rmer\u00fcckgewinnung mit hohen Wirkungsgraden verbunden mit niedrigen Druckverlusten<\/li>\n<li>Kontinuierliche Regulierung der WRG Leistung<\/li>\n<li>WRG W\u00e4rmetauscher gegen Vereisung gesch\u00fctzt<\/li>\n<li>Freik\u00fchlung verf\u00fcgbar<\/li>\n<li>M\u00f6glichkeit die Abluft mit Frischluft, durch die Mischklappe, zu mischen und dadurch die W\u00e4rmeleistung zu optimieren &#8211; Einsparung von Heizenergie<\/li>\n<li>EC-Ventilatoren mit gro\u00dfen Reserven f\u00fcr hohe externe Pressungen<\/li>\n<li>Ein speziell eingesetztes Dichtungsprofil zur Reduzierung der W\u00e4rmedurchl\u00e4ssigkeit durch die Sandwichpaneele der Einheit<\/li>\n<li>Thermische Trennung der einzelnen Luftstr\u00f6me im Inneren der Anlage<\/li>\n<\/ul>\n<p>&nbsp;<\/p>\n<h4><strong>Aus der Sicht der Konstruktion:<\/strong><\/h4>\n<ul>\n<li>Plug &amp; Play-Ausf\u00fchrung des Ger\u00e4tes \u2013 komplett mit dem MSR System ausgestattet und im Werk gepr\u00fcft<\/li>\n<li>Kompakte Abmessungen<\/li>\n<li>Alle Luft-, Strom- und Medium-Anschl\u00fcsse an der Oberseite angebracht<\/li>\n<li>Glatte Innenoberfl\u00e4che der Anlage<\/li>\n<li>Ein speziell eingesetztes Dichtungsprofil zur Sicherstellung der Dichtheit und der optimalen W\u00e4rmeeigenschaften des Geh\u00e4uses<\/li>\n<li>MSR System-Schaltschrank im Geh\u00e4use integriert<\/li>\n<li>Alle Luftklappen im Ger\u00e4t integriert<\/li>\n<li>Die Anlage ist mit einer selbsttragenden Rahmenkonstruktion ausger\u00fcstet<\/li>\n<\/ul>\n<p>&nbsp;<\/p>\n<h4><strong>Aus der Sicht der Bedienung:<\/strong><\/h4>\n<ul>\n<li>Intelligente und bedienungsfreundliche Steuerung der Anlage (Weboberfl\u00e4che, Visualisierungsm\u00f6glichkeit,\u2026)<\/li>\n<li>Verbindungsm\u00f6glichkeit mit dem MSR System und seiner Bedienung oder Parametrierung direkt am Regler oder mit Hilfe von Webbrowser (PC, Tablet, Smartphone)<\/li>\n<li>Ein dichtes \u201eMANDIK Schubsystem\u201c f\u00fcr das rausziehen der Ventilatoren aus dem Geh\u00e4use mit Zugriff auf die Klemmleiste<\/li>\n<li>Kompressionsgriffe mit Sicherheitsfunktion und der M\u00f6glichkeit einer einfachen Demontage aller Bedienungspaneele mit Betonung auf die Servicefreundlichkeit und Zug\u00e4nglichkeit aller Ger\u00e4teteile<\/li>\n<\/ul>\n<p>&nbsp;<\/p>\n<h3>Auststattung<\/h3>\n<h4><strong>Zuluftseite:<\/strong><\/h4>\n<ul>\n<li>Standardausf\u00fchrung mit F7 Kompakt Filter<\/li>\n<li>Frischluftklappe<\/li>\n<li>Bypass-Klappe der WRG<\/li>\n<li>Kreuzgegenstrom Plattenw\u00e4rmetauscher f\u00fcr W\u00e4rmer\u00fcckgewinnung<\/li>\n<li>EC-Ventilatoren<\/li>\n<li>Lufterhitzer \u2013 Wasser, Elektro, Kondenser oder Kondenser\/ Verdampfer<\/li>\n<li>D\u00e4mmeins\u00e4tze f\u00fcr Zu- und Abluft<\/li>\n<\/ul>\n<p>&nbsp;<\/p>\n<h4><strong>Abluftseite:<\/strong><\/h4>\n<ul>\n<li>Standardausf\u00fchrung mit M5 Kompakt Filter<\/li>\n<li>Kreuzgegenstrom Plattenw\u00e4rmetauscher f\u00fcr W\u00e4rmer\u00fcckgewinnung<\/li>\n<li>M\u00f6glichkeit einer Mischklappe f\u00fcr Frisch- und Abluft<\/li>\n<li>EC-Ventilator<\/li>\n<li>D\u00e4mmeins\u00e4tze f\u00fcr Zu- und Abluft<\/li>\n<\/ul>\n<p>Alle anderen Ausf\u00fchrungen der Filtration, Medium f\u00fcr die Lufterhitzung, Verfl\u00fcssiger, Berechnung usw. auf Anfrage.<\/p>\n<h3>Geh\u00e4useparameter nach EN 1886<\/h3>\n<table border=\"0\" cellspacing=\"0\" cellpadding=\"0\">\n<tbody>\n<tr>\n<td>Mechanische Stabilit\u00e4t:&#8230;&#8230;&#8230;&#8230;&#8230;&#8230;&#8230;&#8230;&#8230;&#8230;&#8230;&#8230;&#8230;&#8230;&#8230;&#8230;&#8230;&#8230;&#8230;&#8230;&#8230;&#8230;&#8230;&#8230;&#8230;&#8230;&#8230;&#8230;&#8230;&#8230;&#8230;&#8230;&#8230;&#8230;D1<\/td>\n<\/tr>\n<tr>\n<td>Geh\u00e4use Leckage:&#8230;&#8230;&#8230;&#8230;&#8230;&#8230;&#8230;&#8230;&#8230;&#8230;&#8230;&#8230;&#8230;&#8230;&#8230;&#8230;&#8230;&#8230;&#8230;&#8230;&#8230;&#8230;&#8230;&#8230;&#8230;&#8230;&#8230;&#8230;&#8230;&#8230;&#8230;&#8230;&#8230;&#8230;&#8230;&#8230;&#8230;L1<\/td>\n<\/tr>\n<tr>\n<td>Filter Leckage:&#8230;&#8230;&#8230;&#8230;&#8230;&#8230;&#8230;&#8230;&#8230;&#8230;&#8230;&#8230;&#8230;&#8230;&#8230;&#8230;&#8230;&#8230;&#8230;&#8230;&#8230;&#8230;&#8230;&#8230;&#8230;&#8230;&#8230;&#8230;&#8230;&#8230;&#8230;&#8230;&#8230;&#8230;&lt; 0.5% &#8211; F9<\/td>\n<\/tr>\n<tr>\n<td>Thermische Verluste:&#8230;&#8230;&#8230;&#8230;&#8230;&#8230;&#8230;&#8230;&#8230;&#8230;&#8230;&#8230;&#8230;&#8230;&#8230;&#8230;&#8230;&#8230;&#8230;&#8230;&#8230;&#8230;&#8230;&#8230;&#8230;&#8230;&#8230;&#8230;&#8230;&#8230;&#8230;&#8230;&#8230;&#8230;&#8230;T2<\/td>\n<\/tr>\n<tr>\n<td>W\u00e4rmebr\u00fccken:&#8230;&#8230;&#8230;&#8230;&#8230;&#8230;&#8230;&#8230;&#8230;&#8230;&#8230;&#8230;&#8230;&#8230;&#8230;&#8230;&#8230;&#8230;&#8230;&#8230;&#8230;&#8230;&#8230;&#8230;&#8230;&#8230;&#8230;&#8230;&#8230;&#8230;&#8230;&#8230;&#8230;&#8230;&#8230;&#8230;&#8230;.TB2<\/td>\n<\/tr>\n<\/tbody>\n<\/table>\n<p>&nbsp;<\/p>\n<h4><strong>Technische Spezifikation der Kompaktger\u00e4te MAND\u00cdK<\/strong><\/h4>\n<ul>\n<li>Unsere Techniker werden Sie kostenlos bei dem Entwurf der CPV Kompaktger\u00e4te unterst\u00fctzen.<\/li>\n<li>Bei weiterem Interesse kontaktieren Sie uns.<\/li>\n<\/ul>\n","protected":false},"featured_media":972,"template":"","meta":[],"product_cat":[39,50],"product_tag":[],"_links":{"self":[{"href":"https:\/\/www.lacuna-air.de\/index.php?rest_route=\/wp\/v2\/product\/971"}],"collection":[{"href":"https:\/\/www.lacuna-air.de\/index.php?rest_route=\/wp\/v2\/product"}],"about":[{"href":"https:\/\/www.lacuna-air.de\/index.php?rest_route=\/wp\/v2\/types\/product"}],"wp:featuredmedia":[{"embeddable":true,"href":"https:\/\/www.lacuna-air.de\/index.php?rest_route=\/wp\/v2\/media\/972"}],"wp:attachment":[{"href":"https:\/\/www.lacuna-air.de\/index.php?rest_route=%2Fwp%2Fv2%2Fmedia&parent=971"}],"wp:term":[{"taxonomy":"product_cat","embeddable":true,"href":"https:\/\/www.lacuna-air.de\/index.php?rest_route=%2Fwp%2Fv2%2Fproduct_cat&post=971"},{"taxonomy":"product_tag","embeddable":true,"href":"https:\/\/www.lacuna-air.de\/index.php?rest_route=%2Fwp%2Fv2%2Fproduct_tag&post=971"}],"curies":[{"name":"wp","href":"https:\/\/api.w.org\/{rel}","templated":true}]}}