{"id":917,"date":"2018-06-14T22:20:42","date_gmt":"2018-06-14T22:20:42","guid":{"rendered":"http:\/\/luft-und-klimatechnik.lacuna-air.de\/?post_type=product&#038;p=917"},"modified":"2018-06-14T22:23:15","modified_gmt":"2018-06-14T22:23:15","slug":"luftklimageraete-mandik","status":"publish","type":"product","link":"https:\/\/www.lacuna-air.de\/?product=luftklimageraete-mandik","title":{"rendered":"Luftklimager\u00e4te MAND\u00cdK"},"content":{"rendered":"<p><strong>Technische Dokumentation:<\/strong><\/p>\n<p><a href=\"http:\/\/luft-und-klimatechnik.lacuna-air.de\/wp-content\/uploads\/2018\/06\/Luftklimager\u00e4te-Technische-Dokumentation.pdf\">Luftklimager\u00e4te Technische Dokumentation<\/a><br \/>\n<a href=\"http:\/\/luft-und-klimatechnik.lacuna-air.de\/wp-content\/uploads\/2018\/06\/gaserhitzer_kjm.pdf\">Luftklimager\u00e4ter Data sheet Gas Erhitzungskammern<\/a><br \/>\n<a href=\"http:\/\/luft-und-klimatechnik.lacuna-air.de\/wp-content\/uploads\/2018\/06\/fotodokumentace-de-klein.pdf\">Luftklimager\u00e4te-Fotodokumentation<\/a><br \/>\n<a href=\"http:\/\/luft-und-klimatechnik.lacuna-air.de\/wp-content\/uploads\/2018\/06\/Luftklimagerate-katalog.pdf\">Luftklimagerate-katalog<\/a><\/p>\n<p>&nbsp;<\/p>\n<p><strong>Zertifikate und Erkl\u00e4rungen:<\/strong><\/p>\n<p><a href=\"http:\/\/luft-und-klimatechnik.lacuna-air.de\/wp-content\/uploads\/2018\/06\/Luftklimager\u00e4te-Zertifikat.pdf\">Luftklimager\u00e4te Zertifikat<\/a><br \/>\n<a href=\"http:\/\/luft-und-klimatechnik.lacuna-air.de\/wp-content\/uploads\/2018\/06\/Luftklimager\u00e4te-Zertifikat-EUROVENTEN.pdf\">Luftklimager\u00e4te Zertifikat EUROVENT(EN)<\/a><br \/>\n<a href=\"http:\/\/luft-und-klimatechnik.lacuna-air.de\/wp-content\/uploads\/2018\/06\/Luftklimager\u00e4te-T\u00dcV-SUD-Zertifikat-.pdf\">Luftklimager\u00e4te T\u00dcV-SUD-Zertifikat<\/a><br \/>\n<a href=\"http:\/\/luft-und-klimatechnik.lacuna-air.de\/wp-content\/uploads\/2018\/06\/Luftkllimager\u00e4te-T\u00dcV-RLT-Zertifikat_pdf.pdf\">Luftklimager\u00e4te T\u00dcV-RLT Richtlinie\u00a0 Zertifizierung (Energieeffizienz)<\/a><br \/>\n<a href=\"http:\/\/luft-und-klimatechnik.lacuna-air.de\/wp-content\/uploads\/2018\/06\/Luftklilmager\u00e4te-Elektromagnetische-Vertr\u00e4glichkeit.pdf\">Luftklilmager\u00e4te Elektromagnetische Vertr\u00e4glichkeit<\/a><br \/>\n<a href=\"http:\/\/luft-und-klimatechnik.lacuna-air.de\/wp-content\/uploads\/2018\/06\/Luftklimager\u00e4te-Konformitatserklarung.pdf\">Luftklimager\u00e4te Konformitatserklarung<\/a><br \/>\n<a href=\"http:\/\/luft-und-klimatechnik.lacuna-air.de\/wp-content\/uploads\/2018\/06\/Luftklimager\u00e4te-Konformitatserklarung-ATEX.pdf\">Luftklimager\u00e4te Konformitatserklarung-ATEX<\/a><br \/>\n<a href=\"http:\/\/luft-und-klimatechnik.lacuna-air.de\/wp-content\/uploads\/2018\/06\/Luftklimager\u00e4te-Hygienezertifikat.pdf\">Luftklimager\u00e4te Hygienezertifikat<\/a><br \/>\n<a href=\"http:\/\/luft-und-klimatechnik.lacuna-air.de\/wp-content\/uploads\/2018\/06\/Luftklimager\u00e4te-Hygienezertifikat-ONORM-H6020.pdf\">Luftklimager\u00e4te Hygienezertifikat ONORM-H6020<\/a><\/p>\n<h4><\/h4>\n<h4><strong>Anleitung und Anderes:<\/strong><\/h4>\n<p><a href=\"http:\/\/luft-und-klimatechnik.lacuna-air.de\/wp-content\/uploads\/2018\/06\/Luftklimager\u00e4te-Installationsanleitung_KJM.pdf\">Luftklimager\u00e4te Installationsanleitung<\/a><br \/>\n<a href=\"http:\/\/luft-und-klimatechnik.lacuna-air.de\/wp-content\/uploads\/2018\/06\/Luftklimager\u00e4te-Bedingungen-zur-Inbetriebnahme.pdf\">Luftklimager\u00e4te Bedingungen zur Inbetriebnahme<\/a><br \/>\n<a href=\"http:\/\/luft-und-klimatechnik.lacuna-air.de\/wp-content\/uploads\/2018\/06\/Luftklimager\u00e4te-Anleitung_VLT_FC_51.pdf\">Luftklimager\u00e4te Anleitung VLT Micro Drive FC 51 Danfoss<\/a><br \/>\n<a href=\"http:\/\/luft-und-klimatechnik.lacuna-air.de\/wp-content\/uploads\/2018\/06\/Luftklimager\u00e4te-Anleitung_VLT_FC_102.pdf\">Luftklimager\u00e4te Anleitung VLT Micro Drive FC 102 Danfoss<\/a><br \/>\n<a href=\"http:\/\/luft-und-klimatechnik.lacuna-air.de\/wp-content\/uploads\/2018\/06\/Luftklimager\u00e4te-Kurzanleitung_VLT_FC_51.pdf\">Luftklimager\u00e4te Kurzanleitung VLT FC 51 Danfoss<\/a><br \/>\n<a href=\"http:\/\/luft-und-klimatechnik.lacuna-air.de\/wp-content\/uploads\/2018\/06\/Luftklimager\u00e4te-Kurzanleitung_VLT_FC_101.pdf\">Luftklimager\u00e4te Kurzanleitung VLT FC 101 Danfoss<\/a><br \/>\n<a href=\"http:\/\/luft-und-klimatechnik.lacuna-air.de\/wp-content\/uploads\/2018\/06\/Luftklimager\u00e4te-Climatix_Bedienungseinleitung.pdf\">Luftklimager\u00e4te Bedienungseinleitung Siemens Steuerung<\/a><\/p>\n<p>&nbsp;<\/p>\n","protected":false},"excerpt":{"rendered":"<p>Modular aufgebaute Luftklimager\u00e4te sind f\u00fcr zentrale Verteilung und Behandlung von Luft in industriellen und kommerziellen Anwendungen bestimmt. Sie sorgen f\u00fcr Bef\u00f6rderung und Behandlung der Luft und das bei hohen Anspr\u00fcchen an die Betriebseffektivit\u00e4t. Werden f\u00fcr Luftleistungen von 500 bis 100 000 m<sup>3<\/sup>\/h gebaut. Die Einheiten sind komplett gebaut und zertifiziert in einer einzigartigen selbsttragenden Ausf\u00fchrung. Hohe Variabilit\u00e4t in der Ausf\u00fchrung macht es m\u00f6glich ma\u00dfgeschnittene L\u00f6sungen anzubieten.<\/p>\n<p><img loading=\"lazy\" class=\"alignnone size-full wp-image-918\" src=\"http:\/\/luft-und-klimatechnik.lacuna-air.de\/wp-content\/uploads\/2018\/06\/EUROVENT.png\" alt=\"\" width=\"233\" height=\"80\" \/> <img loading=\"lazy\" class=\"alignnone size-medium wp-image-919\" src=\"http:\/\/luft-und-klimatechnik.lacuna-air.de\/wp-content\/uploads\/2018\/06\/EUROVENT_energeticky_stitek.png\" alt=\"\" width=\"80\" height=\"80\" \/><br \/>\n<img loading=\"lazy\" class=\"alignnone size-full wp-image-920\" src=\"http:\/\/luft-und-klimatechnik.lacuna-air.de\/wp-content\/uploads\/2018\/06\/RLT.png\" alt=\"\" width=\"89\" height=\"80\" \/> <img loading=\"lazy\" class=\"alignnone size-medium wp-image-921\" src=\"http:\/\/luft-und-klimatechnik.lacuna-air.de\/wp-content\/uploads\/2018\/06\/RLT_A.jpg\" alt=\"\" width=\"71\" height=\"80\" \/> <img loading=\"lazy\" class=\"alignnone size-medium wp-image-922\" src=\"http:\/\/luft-und-klimatechnik.lacuna-air.de\/wp-content\/uploads\/2018\/06\/RLT_A_plus.jpg\" alt=\"\" width=\"72\" height=\"80\" \/> <img loading=\"lazy\" class=\"alignnone size-medium wp-image-923\" src=\"http:\/\/luft-und-klimatechnik.lacuna-air.de\/wp-content\/uploads\/2018\/06\/RLT_B.jpg\" alt=\"\" width=\"71\" height=\"80\" \/><\/p>\n<ul class=\"first\">\n<li>Luftleistungen von 500 bis 100 000 m<sup>3<\/sup>\/h<\/li>\n<li>31 Standardgr\u00f6\u00dfen \u2013 15 mit quadratischem Querschnitt, 16 mit rechteckigem Querschnitt<\/li>\n<li>Vorschlag gem\u00e4\u00df Verordnung zur \u00d6KODESIGN-Richtlinie der EU 1253\/2014, ErP 2018<\/li>\n<li>Parameter der Verkleidungsplatten des Ger\u00e4tes nach der Norm EN 1886 \u2013 gepr\u00fcft von T\u00dcV S\u00dcD M\u00fcnchen<\/li>\n<li>Zertifikation EUROVENT und Auslegung bis Energieeffizienzklasse A+ und Ausstellung der Energieeffizienzlabel<\/li>\n<li>Zertifikation gem\u00e4\u00df Forderung des deutschen Herstellerverbandes RLT-Ger\u00e4te, M\u00f6glichkeit der Auslegung bis Energieeffizienzklasse A+ und Ausstellung der Energieeffizienzlabel von zertifizierter Deutschen Gesellschaft T\u00dcV S\u00dcD Industrie Service GmbH<\/li>\n<li>Standardm\u00e4\u00dfige Konfiguration \u2013 Zuluft- und Abluftteil \u00fcber- oder nebeneinander, Ausf\u00fchrung als Deckenger\u00e4t ist auch m\u00f6glich<\/li>\n<li>Innen-\/Au\u00dfenausf\u00fchrung oder hygienische Ausf\u00fchrung<\/li>\n<li>ATEX Ausf\u00fchrung f\u00fcr explosionsgef\u00f6rderte Umgebungen<\/li>\n<li>M\u00f6glichkeit der Wahl von der Oberfl\u00e4chenbehandlung mit Pulverbeschichtung \u2013 Innen-\/Au\u00dfenteile der Verkleidung und Blechteile der Einbauten<\/li>\n<li>Saubere ebene Innenoberfl\u00e4che schon in der Standardausf\u00fchrung ohne zus\u00e4tzliche Montageaufw\u00e4nde<\/li>\n<li>Variable Effektivit\u00e4t der WRG W\u00e4rmetauscher<\/li>\n<li>Eigene Gaserhitzer mit Heizleistungen von 15 bis 610 kW<\/li>\n<li>MSR-System auf der Siemens Climatix Plattform<\/li>\n<li>Betonung auf hochwertige Verarbeitungsqualit\u00e4t und Preis\/Leistung Verh\u00e4ltnis<\/li>\n<li>Regelm\u00e4\u00dfige \u00dcberpr\u00fcfung der Qualit\u00e4t und Zertifizierungen der eingekauften Teile<\/li>\n<li>Service und Montage Freundlichkeit<\/li>\n<li>Verl\u00e4ngerung der Garantie bis zu 60 Monate m\u00f6glich<\/li>\n<\/ul>\n","protected":false},"featured_media":924,"template":"","meta":[],"product_cat":[39,50],"product_tag":[],"_links":{"self":[{"href":"https:\/\/www.lacuna-air.de\/index.php?rest_route=\/wp\/v2\/product\/917"}],"collection":[{"href":"https:\/\/www.lacuna-air.de\/index.php?rest_route=\/wp\/v2\/product"}],"about":[{"href":"https:\/\/www.lacuna-air.de\/index.php?rest_route=\/wp\/v2\/types\/product"}],"wp:featuredmedia":[{"embeddable":true,"href":"https:\/\/www.lacuna-air.de\/index.php?rest_route=\/wp\/v2\/media\/924"}],"wp:attachment":[{"href":"https:\/\/www.lacuna-air.de\/index.php?rest_route=%2Fwp%2Fv2%2Fmedia&parent=917"}],"wp:term":[{"taxonomy":"product_cat","embeddable":true,"href":"https:\/\/www.lacuna-air.de\/index.php?rest_route=%2Fwp%2Fv2%2Fproduct_cat&post=917"},{"taxonomy":"product_tag","embeddable":true,"href":"https:\/\/www.lacuna-air.de\/index.php?rest_route=%2Fwp%2Fv2%2Fproduct_tag&post=917"}],"curies":[{"name":"wp","href":"https:\/\/api.w.org\/{rel}","templated":true}]}}