{"id":911,"date":"2018-06-14T21:43:17","date_gmt":"2018-06-14T21:43:17","guid":{"rendered":"http:\/\/luft-und-klimatechnik.lacuna-air.de\/?post_type=product&#038;p=911"},"modified":"2018-06-15T00:19:59","modified_gmt":"2018-06-15T00:19:59","slug":"vpvm-quellluftauslass","status":"publish","type":"product","link":"https:\/\/www.lacuna-air.de\/?product=vpvm-quellluftauslass","title":{"rendered":"VPVM Quellluftauslass"},"content":{"rendered":"<p><strong>Technische Dokumentation:<\/strong><\/p>\n<p><a href=\"http:\/\/luft-und-klimatechnik.lacuna-air.de\/wp-content\/uploads\/2018\/06\/VPVM-Technische-Dokumentation.pdf\">VPVM Technische Dokumentation<\/a><\/p>\n<p>&nbsp;<\/p>\n<p>&nbsp;<\/p>\n","protected":false},"excerpt":{"rendered":"<p><strong>VPVM<\/strong>\u00a0\u2013 der gro\u00dffl\u00e4chige Auslass ist ein Endst\u00fcck zur Verteilung der Luft in zu klimatisierenden oder zu bel\u00fcftenden R\u00e4umen. Die Luft wird mit einer niedrigen Geschwindigkeit nahe dem Fu\u00dfboden zugef\u00fchrt und leitet somit Schadstoffe aus dem Aufenthaltsbereich in den Unterdeckenbereich ab.<\/p>\n<ul class=\"first\">\n<li>F\u00fcr Zuluft im Aufenthaltsbereich von B\u00fcros, gewerblichen Objekten, Laboren mit hoher Punkt-Heizbelastung oder durch Schadstoffe verschmutzter Luft im Raum \u2013 geringe Str\u00f6mungsgeschwindigkeiten im Arbeitsbereich.<\/li>\n<li>Durchfluss von 500 bis 8 100 m<sup>3<\/sup>\/h<\/li>\n<li>F\u00fcr eine Zulufttemperatur, die um\u00a01 bis 3 \u00b0C niedriger ist als im Raum<\/li>\n<li>Ausf\u00fchrung: rund, halbrund und viertel rund<\/li>\n<li>Die Zuluft wird im Raum vom Boden aufw\u00e4rts mittels Konvektion verbreitet<\/li>\n<li>Hergestellt aus Stahlblech, Oberfl\u00e4che in RAL 9010<\/li>\n<\/ul>\n","protected":false},"featured_media":912,"template":"","meta":[],"product_cat":[39,47],"product_tag":[],"_links":{"self":[{"href":"https:\/\/www.lacuna-air.de\/index.php?rest_route=\/wp\/v2\/product\/911"}],"collection":[{"href":"https:\/\/www.lacuna-air.de\/index.php?rest_route=\/wp\/v2\/product"}],"about":[{"href":"https:\/\/www.lacuna-air.de\/index.php?rest_route=\/wp\/v2\/types\/product"}],"wp:featuredmedia":[{"embeddable":true,"href":"https:\/\/www.lacuna-air.de\/index.php?rest_route=\/wp\/v2\/media\/912"}],"wp:attachment":[{"href":"https:\/\/www.lacuna-air.de\/index.php?rest_route=%2Fwp%2Fv2%2Fmedia&parent=911"}],"wp:term":[{"taxonomy":"product_cat","embeddable":true,"href":"https:\/\/www.lacuna-air.de\/index.php?rest_route=%2Fwp%2Fv2%2Fproduct_cat&post=911"},{"taxonomy":"product_tag","embeddable":true,"href":"https:\/\/www.lacuna-air.de\/index.php?rest_route=%2Fwp%2Fv2%2Fproduct_tag&post=911"}],"curies":[{"name":"wp","href":"https:\/\/api.w.org\/{rel}","templated":true}]}}