{"id":890,"date":"2018-06-14T20:50:35","date_gmt":"2018-06-14T20:50:35","guid":{"rendered":"http:\/\/luft-und-klimatechnik.lacuna-air.de\/?post_type=product&#038;p=890"},"modified":"2018-06-14T21:03:21","modified_gmt":"2018-06-14T21:03:21","slug":"890","status":"publish","type":"product","link":"https:\/\/www.lacuna-air.de\/?product=890","title":{"rendered":"VBM-V L\u00fcftungsbox"},"content":{"rendered":"<p><strong>Technische Dokumentation:<\/strong><\/p>\n<p><a href=\"http:\/\/luft-und-klimatechnik.lacuna-air.de\/wp-content\/uploads\/2018\/06\/VBM-V-Technische-Dokumentation.pdf\">VBM-V Technische Dokumentation<\/a><\/p>\n","protected":false},"excerpt":{"rendered":"<h3>f\u00fcr Zu- und Abluftregulierung<\/h3>\n<p><strong>VBM-V<\/strong>\u00a0\u2013 L\u00fcftungsbox f\u00fcr Zu- und Abluftregulierung ist f\u00fcr die Nutzung in DCV Systemen (demand controlled ventilation) bestimmt. L\u00fcftungsbox reguliert die Menge der zugef\u00fchrten und abgef\u00fchrten Luft gem\u00e4\u00df den Vorgaben des automatischen Geb\u00e4udesystems oder Nutzes. Der VBM-V Box kann mit einem Raumsteuerger\u00e4t ausgestattet werden, damit der Nutzer die Luftmenge regulieren kann.<\/p>\n<ul>\n<li>Gr\u00f6\u00dfe VBM-V 100, 125, 160<\/li>\n<li>Luftmengenbereich von 30 m<sup>3<\/sup>\/h bis 320 m<sup>3<\/sup>\/h<\/li>\n<li>Raumsteuerger\u00e4te in zwei Varianten REG1 a REG2 mit Schutz IP30 und mit Einspeisung AC\/DC 24V<\/li>\n<li>Einspeisung 1x230V\/50Hz<\/li>\n<li>Schalld\u00e4mpfer integriert<\/li>\n<li>Nur f\u00fcr Inneninstallationen bestimmt (keine Witterungseinfl\u00fcsse)<\/li>\n<\/ul>\n","protected":false},"featured_media":891,"template":"","meta":[],"product_cat":[40],"product_tag":[],"_links":{"self":[{"href":"https:\/\/www.lacuna-air.de\/index.php?rest_route=\/wp\/v2\/product\/890"}],"collection":[{"href":"https:\/\/www.lacuna-air.de\/index.php?rest_route=\/wp\/v2\/product"}],"about":[{"href":"https:\/\/www.lacuna-air.de\/index.php?rest_route=\/wp\/v2\/types\/product"}],"wp:featuredmedia":[{"embeddable":true,"href":"https:\/\/www.lacuna-air.de\/index.php?rest_route=\/wp\/v2\/media\/891"}],"wp:attachment":[{"href":"https:\/\/www.lacuna-air.de\/index.php?rest_route=%2Fwp%2Fv2%2Fmedia&parent=890"}],"wp:term":[{"taxonomy":"product_cat","embeddable":true,"href":"https:\/\/www.lacuna-air.de\/index.php?rest_route=%2Fwp%2Fv2%2Fproduct_cat&post=890"},{"taxonomy":"product_tag","embeddable":true,"href":"https:\/\/www.lacuna-air.de\/index.php?rest_route=%2Fwp%2Fv2%2Fproduct_tag&post=890"}],"curies":[{"name":"wp","href":"https:\/\/api.w.org\/{rel}","templated":true}]}}