{"id":887,"date":"2018-06-14T20:46:39","date_gmt":"2018-06-14T20:46:39","guid":{"rendered":"http:\/\/luft-und-klimatechnik.lacuna-air.de\/?post_type=product&#038;p=887"},"modified":"2018-06-14T21:03:54","modified_gmt":"2018-06-14T21:03:54","slug":"887","status":"publish","type":"product","link":"https:\/\/www.lacuna-air.de\/?product=887","title":{"rendered":"RKALM Eckige Aluminium Regelklappe"},"content":{"rendered":"<h4><strong>Technische Dokumentation:<\/strong><\/h4>\n<p><a href=\"http:\/\/luft-und-klimatechnik.lacuna-air.de\/wp-content\/uploads\/2018\/06\/RKALM-Technische-Dokumentation.pdf\">RKALM Technische Dokumentation<\/a><\/p>\n","protected":false},"excerpt":{"rendered":"<p><strong>RKALM<\/strong>\u00a0\u2013 Eckige Aluminium Regelklappe dient zur Regulierung des Luftstromes durch Minderung des Querschnittes oder zum Schlie\u00dfen\/\u00d6ffnen des Luftkanals. Die Klappenbl\u00e4tter sind mit Dichtungen versehen.<\/p>\n<ul>\n<li>Regulierung und Schlie\u00dfung des Luftstromes<\/li>\n<li>Klappensteuerung \u2013 mechanisch oder mit Stellantrieb<\/li>\n<li>Abmessungen : 200 x 100 bis 2000 x 2000 mm<\/li>\n<li>Blattbreite 100 mm<\/li>\n<li>Material : aus Aluminium<\/li>\n<li>Dichtheit gem\u00e4\u00df EN 1751 : \u00fcber Klappenblatt Klasse 2,3<\/li>\n<li>W\u00e4rme\u00fcbertragungskoeffizient \u00fcber Blatt : 2,99 W\/m<sup>2<\/sup>.K<\/li>\n<li>Mit Flansch f\u00fcr Rohrverbindung<\/li>\n<\/ul>\n","protected":false},"featured_media":889,"template":"","meta":[],"product_cat":[40,53],"product_tag":[],"_links":{"self":[{"href":"https:\/\/www.lacuna-air.de\/index.php?rest_route=\/wp\/v2\/product\/887"}],"collection":[{"href":"https:\/\/www.lacuna-air.de\/index.php?rest_route=\/wp\/v2\/product"}],"about":[{"href":"https:\/\/www.lacuna-air.de\/index.php?rest_route=\/wp\/v2\/types\/product"}],"wp:featuredmedia":[{"embeddable":true,"href":"https:\/\/www.lacuna-air.de\/index.php?rest_route=\/wp\/v2\/media\/889"}],"wp:attachment":[{"href":"https:\/\/www.lacuna-air.de\/index.php?rest_route=%2Fwp%2Fv2%2Fmedia&parent=887"}],"wp:term":[{"taxonomy":"product_cat","embeddable":true,"href":"https:\/\/www.lacuna-air.de\/index.php?rest_route=%2Fwp%2Fv2%2Fproduct_cat&post=887"},{"taxonomy":"product_tag","embeddable":true,"href":"https:\/\/www.lacuna-air.de\/index.php?rest_route=%2Fwp%2Fv2%2Fproduct_tag&post=887"}],"curies":[{"name":"wp","href":"https:\/\/api.w.org\/{rel}","templated":true}]}}