{"id":882,"date":"2018-06-14T20:31:05","date_gmt":"2018-06-14T20:31:05","guid":{"rendered":"http:\/\/luft-und-klimatechnik.lacuna-air.de\/?post_type=product&#038;p=882"},"modified":"2018-06-14T20:35:58","modified_gmt":"2018-06-14T20:35:58","slug":"msd-entrauchungsklappe","status":"publish","type":"product","link":"https:\/\/www.lacuna-air.de\/?product=msd-entrauchungsklappe","title":{"rendered":"MSD Entrauchungsklappe"},"content":{"rendered":"<p><strong>Technische Dokumentation:<\/strong><\/p>\n<p><a href=\"http:\/\/luft-und-klimatechnik.lacuna-air.de\/wp-content\/uploads\/2018\/06\/MSD-Technische-Dokumentation.pdf\">MSD Technische Dokumentation<\/a><\/p>\n<p>&nbsp;<\/p>\n<p><strong>Zertifikate und Erkl\u00e4rungen:<\/strong><\/p>\n<p><a href=\"http:\/\/luft-und-klimatechnik.lacuna-air.de\/wp-content\/uploads\/2018\/06\/MSD_Leistungserklaerung.pdf\">MSD_Leistungserklaerung<\/a><br \/>\n<a href=\"http:\/\/luft-und-klimatechnik.lacuna-air.de\/wp-content\/uploads\/2018\/06\/MSD-Zertifikat.pdf\">MSD Zertifikat<\/a><\/p>\n","protected":false},"excerpt":{"rendered":"<h3>mit Rauchabf\u00fchrung aus mehreren Brandabschnitten<\/h3>\n<p><strong>MSD<\/strong>\u00a0\u2013 die Entrauchungsklappe ist ein Abschluss in Rohrleitungen von Entrauchungsanlagen, welche W\u00e4rme- und Brandgasableitung von mehreren Brandabschnitten erm\u00f6glichen.<\/p>\n<ul>\n<li>Eckige Entrauchungsklappen von 160 \u00d7 180 mm bis 1500 x 800 mm<\/li>\n<li>Runde Entrauchungsklappen von \u00d8 180 bis 630 mm<\/li>\n<li>CE Zertifizierung gem\u00e4\u00df EN 12101-8<\/li>\n<li>Gepr\u00fcft gem\u00e4\u00df EN 1366-10<\/li>\n<li>Klassifizierung gem\u00e4\u00df DIN EN 13501-4 + A1 EIS 120, HOT 400\/30, Steuerung AA\/MA f\u00fcr mehrere Brandabschnitte<\/li>\n<li>Zyklen C 10 000 gem\u00e4\u00df DIN EN 12101-8<\/li>\n<li>Dichtheit gem\u00e4\u00df DIN EN 1751: Klappengeh\u00e4use: Klasse C \/ Klappenblatt Klasse 2<\/li>\n<li>Max. Luftstromgeschwindigkeit durch die Klappe von 15 m\/s<\/li>\n<li>Entrauchungsklappensteuerung \u2013 mit Stellantrieb<\/li>\n<li>Mit Unterdruck bis \u2013 1 500 Pa oder mit \u00dcberdruck bis 500 Pa<\/li>\n<\/ul>\n<p>&nbsp;<\/p>\n","protected":false},"featured_media":886,"template":"","meta":[],"product_cat":[38],"product_tag":[],"_links":{"self":[{"href":"https:\/\/www.lacuna-air.de\/index.php?rest_route=\/wp\/v2\/product\/882"}],"collection":[{"href":"https:\/\/www.lacuna-air.de\/index.php?rest_route=\/wp\/v2\/product"}],"about":[{"href":"https:\/\/www.lacuna-air.de\/index.php?rest_route=\/wp\/v2\/types\/product"}],"wp:featuredmedia":[{"embeddable":true,"href":"https:\/\/www.lacuna-air.de\/index.php?rest_route=\/wp\/v2\/media\/886"}],"wp:attachment":[{"href":"https:\/\/www.lacuna-air.de\/index.php?rest_route=%2Fwp%2Fv2%2Fmedia&parent=882"}],"wp:term":[{"taxonomy":"product_cat","embeddable":true,"href":"https:\/\/www.lacuna-air.de\/index.php?rest_route=%2Fwp%2Fv2%2Fproduct_cat&post=882"},{"taxonomy":"product_tag","embeddable":true,"href":"https:\/\/www.lacuna-air.de\/index.php?rest_route=%2Fwp%2Fv2%2Fproduct_tag&post=882"}],"curies":[{"name":"wp","href":"https:\/\/api.w.org\/{rel}","templated":true}]}}