{"id":876,"date":"2018-06-14T20:24:15","date_gmt":"2018-06-14T20:24:15","guid":{"rendered":"http:\/\/luft-und-klimatechnik.lacuna-air.de\/?post_type=product&#038;p=876"},"modified":"2018-06-14T20:34:54","modified_gmt":"2018-06-14T20:34:54","slug":"seds-l-entrauchungsklappe-single-lamellen","status":"publish","type":"product","link":"https:\/\/www.lacuna-air.de\/?product=seds-l-entrauchungsklappe-single-lamellen","title":{"rendered":"SEDS-L Entrauchungsklappe"},"content":{"rendered":"<p><strong>Technische Dokumentation:<\/strong><\/p>\n<p><a href=\"http:\/\/luft-und-klimatechnik.lacuna-air.de\/wp-content\/uploads\/2018\/06\/SEDS-L-Technische-Dokumentation.pdf\">SEDS-L Technische Dokumentation<\/a><\/p>\n<p>&nbsp;<\/p>\n<p><strong>Zertifikate und Erkl\u00e4rungen:<\/strong><\/p>\n<p><a href=\"http:\/\/luft-und-klimatechnik.lacuna-air.de\/wp-content\/uploads\/2018\/06\/SEDS-L-Zertifikat.pdf\">SEDS-L Zertifikat<\/a><br \/>\n<a href=\"http:\/\/luft-und-klimatechnik.lacuna-air.de\/wp-content\/uploads\/2018\/06\/SEDS-L_Leistungserklarung.pdf\">SEDS-L_Leistungserklarung<\/a><\/p>\n<p>&nbsp;<\/p>\n","protected":false},"excerpt":{"rendered":"<h3>&#8211; Single Lamellen<\/h3>\n<p><strong>SEDS-L<\/strong>\u00a0\u2013 die Entrauchungsklappe ist ein Abschluss in Rohrleitungen von Entrauchungsanlagen, welche W\u00e4rme- und Brandgasableitung von einem Brandabschnitt erm\u00f6glichen.<\/p>\n<ul class=\"first\">\n<li>Eckige Entrauchungsklappe von 200 \u00d7 200 mm bis 1 200 \u00d7 1 200 mm<\/li>\n<li>Gepr\u00fcft gem\u00e4\u00df 1366-10<\/li>\n<li>Klassifiziert gem\u00e4\u00df DIN EN 13501-4 +A1 ES 120\/600, Steuerung MA oder AA f\u00fcr einen Brandabschnitt<\/li>\n<li>Zyklen C 10 000 gem\u00e4\u00df DIN EN 12101-8<\/li>\n<li>Zur Installation in vertikaler oder horizontaler Blattposition<\/li>\n<li>Dichtheit gem\u00e4\u00df DIN EN 1751 \u2013 Klappengeh\u00e4use: Klasse B, Klappenblatt: Klasse 3<\/li>\n<li>Max. Luftstromgeschwindigkeit durch die Klappe von 12 m\/s<\/li>\n<li>Entrauchungsklappensteuerung \u2013 mit Stellantrieb<\/li>\n<li>Mit Unterdruck bis \u2013 1 500 Pa oder mit \u00dcberdruck bis 500 Pa<\/li>\n<\/ul>\n","protected":false},"featured_media":877,"template":"","meta":[],"product_cat":[38],"product_tag":[],"_links":{"self":[{"href":"https:\/\/www.lacuna-air.de\/index.php?rest_route=\/wp\/v2\/product\/876"}],"collection":[{"href":"https:\/\/www.lacuna-air.de\/index.php?rest_route=\/wp\/v2\/product"}],"about":[{"href":"https:\/\/www.lacuna-air.de\/index.php?rest_route=\/wp\/v2\/types\/product"}],"wp:featuredmedia":[{"embeddable":true,"href":"https:\/\/www.lacuna-air.de\/index.php?rest_route=\/wp\/v2\/media\/877"}],"wp:attachment":[{"href":"https:\/\/www.lacuna-air.de\/index.php?rest_route=%2Fwp%2Fv2%2Fmedia&parent=876"}],"wp:term":[{"taxonomy":"product_cat","embeddable":true,"href":"https:\/\/www.lacuna-air.de\/index.php?rest_route=%2Fwp%2Fv2%2Fproduct_cat&post=876"},{"taxonomy":"product_tag","embeddable":true,"href":"https:\/\/www.lacuna-air.de\/index.php?rest_route=%2Fwp%2Fv2%2Fproduct_tag&post=876"}],"curies":[{"name":"wp","href":"https:\/\/api.w.org\/{rel}","templated":true}]}}