{"id":850,"date":"2018-06-13T17:52:39","date_gmt":"2018-06-13T17:52:39","guid":{"rendered":"http:\/\/luft-und-klimatechnik.lacuna-air.de\/?post_type=product&#038;p=850"},"modified":"2018-06-14T21:06:47","modified_gmt":"2018-06-14T21:06:47","slug":"alkm-lamellendurchlass-rund","status":"publish","type":"product","link":"https:\/\/www.lacuna-air.de\/?product=alkm-lamellendurchlass-rund","title":{"rendered":"ALKM Lamellendurchlass &#8211; rund"},"content":{"rendered":"<h4><strong>Technische Dokumentation:<\/strong><\/h4>\n<p><a href=\"http:\/\/luft-und-klimatechnik.lacuna-air.de\/wp-content\/uploads\/2018\/06\/ALKM-Technische-Dokumentation.pdf\">ALKM Technische Dokumentation<\/a><\/p>\n","protected":false},"excerpt":{"rendered":"<p><strong>ALKM<\/strong>\u00a0\u2013 der Lamellendurchlass ist ein lufttechnisches Luftverteilungsendsegment. Die Auslassfl\u00e4chen des Durchlasses bestehen aus festen, profilierten Lamellen, deren runde Konstruktion bei der Zulufteinbringung eine allseitig gleichm\u00e4\u00dfige Ausstr\u00f6mung gew\u00e4hrleistet.<\/p>\n<ul class=\"first\">\n<li>Unterdecken-Einbau oder unter der Decke platziert<\/li>\n<li>F\u00fcr B\u00fcros, Kinos, Restaurants, Einkaufszentren u. \u00e4.<\/li>\n<li>Durchfluss von 110 bis 1 800 m<sup>3<\/sup>\/h<\/li>\n<li>Gr\u00f6\u00dfen in mm: 250, 300, 400, 500, 600<\/li>\n<li>Deckenh\u00f6he von 2,6 bis 4,0 m<\/li>\n<li>Zur Heizung und K\u00fchlung mit \u2206tp \u2264 \u22128 K<\/li>\n<li>Anschlusskasten in verzinkter Ausf\u00fchrung<\/li>\n<li>Frontplatte in RAL 9010<\/li>\n<\/ul>\n<p>&nbsp;<\/p>\n","protected":false},"featured_media":851,"template":"","meta":[],"product_cat":[39,47],"product_tag":[],"_links":{"self":[{"href":"https:\/\/www.lacuna-air.de\/index.php?rest_route=\/wp\/v2\/product\/850"}],"collection":[{"href":"https:\/\/www.lacuna-air.de\/index.php?rest_route=\/wp\/v2\/product"}],"about":[{"href":"https:\/\/www.lacuna-air.de\/index.php?rest_route=\/wp\/v2\/types\/product"}],"wp:featuredmedia":[{"embeddable":true,"href":"https:\/\/www.lacuna-air.de\/index.php?rest_route=\/wp\/v2\/media\/851"}],"wp:attachment":[{"href":"https:\/\/www.lacuna-air.de\/index.php?rest_route=%2Fwp%2Fv2%2Fmedia&parent=850"}],"wp:term":[{"taxonomy":"product_cat","embeddable":true,"href":"https:\/\/www.lacuna-air.de\/index.php?rest_route=%2Fwp%2Fv2%2Fproduct_cat&post=850"},{"taxonomy":"product_tag","embeddable":true,"href":"https:\/\/www.lacuna-air.de\/index.php?rest_route=%2Fwp%2Fv2%2Fproduct_tag&post=850"}],"curies":[{"name":"wp","href":"https:\/\/api.w.org\/{rel}","templated":true}]}}