{"id":847,"date":"2018-06-13T17:48:06","date_gmt":"2018-06-13T17:48:06","guid":{"rendered":"http:\/\/luft-und-klimatechnik.lacuna-air.de\/?post_type=product&#038;p=847"},"modified":"2018-06-13T17:48:41","modified_gmt":"2018-06-13T17:48:41","slug":"ecobox-anschlusskasten","status":"publish","type":"product","link":"https:\/\/www.lacuna-air.de\/?product=ecobox-anschlusskasten","title":{"rendered":"ECOBOX Anschlusskasten"},"content":{"rendered":"<p><strong>Technische Dokumentation:<\/strong><\/p>\n<p><a href=\"http:\/\/luft-und-klimatechnik.lacuna-air.de\/wp-content\/uploads\/2018\/06\/ECOBOX-Technische-Dokumentation.pdf\">ECOBOX Technische Dokumentation<\/a><\/p>\n","protected":false},"excerpt":{"rendered":"<p><strong>ECOBOX<\/strong>\u00a0\u2013\u00a0 der Anschlusskasten ist f\u00fcr den Anschluss von quadratischen bzw. runden Frontplatten vorgesehen.<\/p>\n<ul class=\"first\">\n<li>Standard-Variante oder mit der M\u00f6glichkeit zur Einstellung des Luftdurchflusses bei montierter Frontplatte<\/li>\n<li>Gr\u00f6\u00dfen in mm: 250, 300, 400, 500, 600, 625, 825<\/li>\n<li>Horizontaler Anschluss mit Regelklappe<\/li>\n<li>F\u00fcr eckige Frontplatten, mit \u00dcbergang auch f\u00fcr runde Frontplatten vorgesehen<\/li>\n<li>Verzinkte Ausf\u00fchrung<\/li>\n<\/ul>\n<p>&nbsp;<\/p>\n","protected":false},"featured_media":848,"template":"","meta":[],"product_cat":[39,47],"product_tag":[],"_links":{"self":[{"href":"https:\/\/www.lacuna-air.de\/index.php?rest_route=\/wp\/v2\/product\/847"}],"collection":[{"href":"https:\/\/www.lacuna-air.de\/index.php?rest_route=\/wp\/v2\/product"}],"about":[{"href":"https:\/\/www.lacuna-air.de\/index.php?rest_route=\/wp\/v2\/types\/product"}],"wp:featuredmedia":[{"embeddable":true,"href":"https:\/\/www.lacuna-air.de\/index.php?rest_route=\/wp\/v2\/media\/848"}],"wp:attachment":[{"href":"https:\/\/www.lacuna-air.de\/index.php?rest_route=%2Fwp%2Fv2%2Fmedia&parent=847"}],"wp:term":[{"taxonomy":"product_cat","embeddable":true,"href":"https:\/\/www.lacuna-air.de\/index.php?rest_route=%2Fwp%2Fv2%2Fproduct_cat&post=847"},{"taxonomy":"product_tag","embeddable":true,"href":"https:\/\/www.lacuna-air.de\/index.php?rest_route=%2Fwp%2Fv2%2Fproduct_tag&post=847"}],"curies":[{"name":"wp","href":"https:\/\/api.w.org\/{rel}","templated":true}]}}