{"id":844,"date":"2018-06-13T17:45:01","date_gmt":"2018-06-13T17:45:01","guid":{"rendered":"http:\/\/luft-und-klimatechnik.lacuna-air.de\/?post_type=product&#038;p=844"},"modified":"2018-06-14T21:07:14","modified_gmt":"2018-06-14T21:07:14","slug":"vapm-deckenluftdurchlass","status":"publish","type":"product","link":"https:\/\/www.lacuna-air.de\/?product=vapm-deckenluftdurchlass","title":{"rendered":"VAPM Deckenluftdurchlass"},"content":{"rendered":"<h4><strong>Technische Dokumentation:<\/strong><\/h4>\n<p><a href=\"http:\/\/luft-und-klimatechnik.lacuna-air.de\/wp-content\/uploads\/2018\/06\/VAPM-Technische-Dokumentation.pdf\">VAPM Technische Dokumentation<\/a><\/p>\n","protected":false},"excerpt":{"rendered":"<h3>mit festen Lamellen<\/h3>\n<p><strong>VAPM<\/strong>\u00a0\u2013 der Durchlass mit Wirbel-Luftauslass und festen Lamellen ist ein lufttechnisches Luftverteilungsendsegment. Durch den Wirbel-Luftauslass wird eine intensive Durchmischung mit der bestehenden Luft sichergestellt.<\/p>\n<ul class=\"first\">\n<li>Unterdecken-Einbau oder unter der Decke platziert<\/li>\n<li>F\u00fcr B\u00fcros, Kinos, Restaurants, Einkaufszentren u. \u00e4.<\/li>\n<li>Gr\u00f6\u00dfen in mm: 125, 160, 200, 250, 315, 400<\/li>\n<li>Durchfluss von 30 bis 900 m<sup>3<\/sup>\/h<\/li>\n<li>Deckenh\u00f6he von 2,6 bis 4,0 m<\/li>\n<li>Zur Heizung und K\u00fchlung mit \u2206tp \u2264 \u221210 K<\/li>\n<li>Hohe Induktion der Zuluft im zu bel\u00fcftenden Raum<\/li>\n<li>Anschlusskasten in verzinkter Ausf\u00fchrung<\/li>\n<li>Frontplatte in RAL 9010<\/li>\n<\/ul>\n","protected":false},"featured_media":845,"template":"","meta":[],"product_cat":[39,47],"product_tag":[],"_links":{"self":[{"href":"https:\/\/www.lacuna-air.de\/index.php?rest_route=\/wp\/v2\/product\/844"}],"collection":[{"href":"https:\/\/www.lacuna-air.de\/index.php?rest_route=\/wp\/v2\/product"}],"about":[{"href":"https:\/\/www.lacuna-air.de\/index.php?rest_route=\/wp\/v2\/types\/product"}],"wp:featuredmedia":[{"embeddable":true,"href":"https:\/\/www.lacuna-air.de\/index.php?rest_route=\/wp\/v2\/media\/845"}],"wp:attachment":[{"href":"https:\/\/www.lacuna-air.de\/index.php?rest_route=%2Fwp%2Fv2%2Fmedia&parent=844"}],"wp:term":[{"taxonomy":"product_cat","embeddable":true,"href":"https:\/\/www.lacuna-air.de\/index.php?rest_route=%2Fwp%2Fv2%2Fproduct_cat&post=844"},{"taxonomy":"product_tag","embeddable":true,"href":"https:\/\/www.lacuna-air.de\/index.php?rest_route=%2Fwp%2Fv2%2Fproduct_tag&post=844"}],"curies":[{"name":"wp","href":"https:\/\/api.w.org\/{rel}","templated":true}]}}