{"id":841,"date":"2018-06-13T17:41:21","date_gmt":"2018-06-13T17:41:21","guid":{"rendered":"http:\/\/luft-und-klimatechnik.lacuna-air.de\/?post_type=product&#038;p=841"},"modified":"2018-06-14T21:07:34","modified_gmt":"2018-06-14T21:07:34","slug":"alcm-lamellendurchlass-viereckig","status":"publish","type":"product","link":"https:\/\/www.lacuna-air.de\/?product=alcm-lamellendurchlass-viereckig","title":{"rendered":"ALCM Lamellendurchlass &#8211; viereckig"},"content":{"rendered":"<h4><strong>Technische Dokumentation:<\/strong><\/h4>\n<p><a href=\"http:\/\/luft-und-klimatechnik.lacuna-air.de\/wp-content\/uploads\/2018\/06\/ALCM-Technische-Dokumentation.pdf\">ALCM Technische Dokumentation<\/a><\/p>\n","protected":false},"excerpt":{"rendered":"<p><strong>ALCM<\/strong>\u00a0\u2013 der Lamellendurchlass ist ein lufttechnisches Luftverteilungsendsegment. Die Frontplatten der Luftdurchl\u00e4sse bestehen aus festen, profilierten, horizontal eingegliederten Lamellen. Die Lamellen sind in verschiedenen Anordnungs-Ausf\u00fchrungen lieferbar: Standard (quadratisch), I, H, L und U.<\/p>\n<ul class=\"first\">\n<li>Unterdecken-Einbau oder unter der Decke platziert<\/li>\n<li>F\u00fcr B\u00fcros, Kinos, Restaurants, Einkaufszentren u. \u00e4.<\/li>\n<li>Durchfluss von 110 bis 1 800 m<sup>3<\/sup>\/h<\/li>\n<li>Gr\u00f6\u00dfen in mm: 250, 300, 400, 500, 600, 625<\/li>\n<li>Deckenh\u00f6he von 2,6 bis 4,0 m<\/li>\n<li>Zur Heizung und K\u00fchlung mit \u2206tp \u2264 \u22128 K<\/li>\n<li>Anschlusskasten in verzinkter Ausf\u00fchrung<\/li>\n<li>Frontplatte in RAL 9010<\/li>\n<\/ul>\n<p>&nbsp;<\/p>\n","protected":false},"featured_media":842,"template":"","meta":[],"product_cat":[39,47],"product_tag":[],"_links":{"self":[{"href":"https:\/\/www.lacuna-air.de\/index.php?rest_route=\/wp\/v2\/product\/841"}],"collection":[{"href":"https:\/\/www.lacuna-air.de\/index.php?rest_route=\/wp\/v2\/product"}],"about":[{"href":"https:\/\/www.lacuna-air.de\/index.php?rest_route=\/wp\/v2\/types\/product"}],"wp:featuredmedia":[{"embeddable":true,"href":"https:\/\/www.lacuna-air.de\/index.php?rest_route=\/wp\/v2\/media\/842"}],"wp:attachment":[{"href":"https:\/\/www.lacuna-air.de\/index.php?rest_route=%2Fwp%2Fv2%2Fmedia&parent=841"}],"wp:term":[{"taxonomy":"product_cat","embeddable":true,"href":"https:\/\/www.lacuna-air.de\/index.php?rest_route=%2Fwp%2Fv2%2Fproduct_cat&post=841"},{"taxonomy":"product_tag","embeddable":true,"href":"https:\/\/www.lacuna-air.de\/index.php?rest_route=%2Fwp%2Fv2%2Fproduct_tag&post=841"}],"curies":[{"name":"wp","href":"https:\/\/api.w.org\/{rel}","templated":true}]}}