{"id":838,"date":"2018-06-13T17:38:48","date_gmt":"2018-06-13T17:38:48","guid":{"rendered":"http:\/\/luft-und-klimatechnik.lacuna-air.de\/?post_type=product&#038;p=838"},"modified":"2018-06-14T21:07:54","modified_gmt":"2018-06-14T21:07:54","slug":"vvdm-dralldurchlass","status":"publish","type":"product","link":"https:\/\/www.lacuna-air.de\/?product=vvdm-dralldurchlass","title":{"rendered":"VVDM Dralldurchlass"},"content":{"rendered":"<h4>Technische Dokumentation:<\/h4>\n<p><a href=\"http:\/\/luft-und-klimatechnik.lacuna-air.de\/wp-content\/uploads\/2018\/06\/VVDM-Technische-Dokumentation.pdf\">VVDM Technische Dokumentation<\/a><\/p>\n","protected":false},"excerpt":{"rendered":"<h3>mit verstellbaren Lamellen<\/h3>\n<p><strong>VVDM<\/strong>\u00a0\u2013 der Auslass mit Wirbel-Luftausstr\u00f6mung ist ein handverstellbarer Auslass mit Schaufeln zur Regelung der Luftstr\u00f6mung. Es handelt sich um ein lufttechnisches Endst\u00fcck zur Luftverteilung, das eine optimale Anpassung der Abluftstr\u00f6mung je nach dem Bedarf der klimatisierten oder bel\u00fcfteten R\u00e4ume erm\u00f6glicht. Durch den drallf\u00f6rmigen Luftaustritt wird eine intensive Durchmischung mit der bestehenden Luft sichergestellt.<\/p>\n<ul class=\"first\">\n<li>Unterdecken-Einbau oder unter der Decke platziert<\/li>\n<li>F\u00fcr B\u00fcros, Kinos, Einkaufszentren u. \u00e4.<\/li>\n<li>Durchfluss von 150 bis 1 500 m<sup>3<\/sup>\/h<\/li>\n<li>Gr\u00f6\u00dfen in mm: 300, 400, 500, 600, 625, 825<\/li>\n<li>Deckenh\u00f6he von 2,5 bis 4,0 m<\/li>\n<li>Zur Heizung und K\u00fchlung mit \u2206tp \u2264 12 K<\/li>\n<li>Verstellbare Kunststofflamellen f\u00fcr die Steuerung der Luftstr\u00f6mung<\/li>\n<li>Anschlusskasten in verzinkter Ausf\u00fchrung<\/li>\n<li>Frontplatte in RAL 9010<\/li>\n<\/ul>\n","protected":false},"featured_media":839,"template":"","meta":[],"product_cat":[39,47],"product_tag":[],"_links":{"self":[{"href":"https:\/\/www.lacuna-air.de\/index.php?rest_route=\/wp\/v2\/product\/838"}],"collection":[{"href":"https:\/\/www.lacuna-air.de\/index.php?rest_route=\/wp\/v2\/product"}],"about":[{"href":"https:\/\/www.lacuna-air.de\/index.php?rest_route=\/wp\/v2\/types\/product"}],"wp:featuredmedia":[{"embeddable":true,"href":"https:\/\/www.lacuna-air.de\/index.php?rest_route=\/wp\/v2\/media\/839"}],"wp:attachment":[{"href":"https:\/\/www.lacuna-air.de\/index.php?rest_route=%2Fwp%2Fv2%2Fmedia&parent=838"}],"wp:term":[{"taxonomy":"product_cat","embeddable":true,"href":"https:\/\/www.lacuna-air.de\/index.php?rest_route=%2Fwp%2Fv2%2Fproduct_cat&post=838"},{"taxonomy":"product_tag","embeddable":true,"href":"https:\/\/www.lacuna-air.de\/index.php?rest_route=%2Fwp%2Fv2%2Fproduct_tag&post=838"}],"curies":[{"name":"wp","href":"https:\/\/api.w.org\/{rel}","templated":true}]}}