{"id":835,"date":"2018-06-13T17:32:47","date_gmt":"2018-06-13T17:32:47","guid":{"rendered":"http:\/\/luft-und-klimatechnik.lacuna-air.de\/?post_type=product&#038;p=835"},"modified":"2018-06-15T00:19:39","modified_gmt":"2018-06-15T00:19:39","slug":"pdzm-wetterschutzgitter","status":"publish","type":"product","link":"https:\/\/www.lacuna-air.de\/?product=pdzm-wetterschutzgitter","title":{"rendered":"PDZM Wetterschutzgitter"},"content":{"rendered":"<h4><strong>Technische Dokumentation:<\/strong><\/h4>\n<p><a href=\"http:\/\/luft-und-klimatechnik.lacuna-air.de\/wp-content\/uploads\/2018\/06\/PDZM-Technische-Dokumentation.pdf\">PDZM Technische Dokumentation<\/a><\/p>\n","protected":false},"excerpt":{"rendered":"<p><strong>PDZM<\/strong>\u00a0&#8211; Wetterschutzgitter sch\u00fctzt die Ein- und Auslass\u00f6ffnungen von L\u00fcftungseinrichtungen von Schmutz, Regen, Schnee oder gegen das Eindringen von Kleintieren. Es dient auch als eine \u00e4sthetische Verdeckung der \u00d6ffnung.<\/p>\n<ul class=\"first\">\n<li>Zuluft und Abluft<\/li>\n<li>Verdeckte Befestigung oder Schraubenbefestigung<\/li>\n<li>Optional Mauereinbaurahmen<\/li>\n<li>Ma\u00dfreihe von 200 \u00d7 200 mm bis 2 000 \u00d7 2 000 mm<\/li>\n<li>V\u00f6gel- oder Insektennetz<\/li>\n<li>Zwei w\u00e4hlbare Standard Tiefen \u2013 40 und 70 mm<\/li>\n<li>M\u00f6glichkeit f\u00fcr Einbau eines Filtergewebes G2<\/li>\n<li>Rahmen und Lamellen in Standard-Ausf\u00fchrung aus verzinktem Blech<\/li>\n<li>Lackierte Ausf\u00fchrung nach RAL<\/li>\n<\/ul>\n","protected":false},"featured_media":836,"template":"","meta":[],"product_cat":[39,47],"product_tag":[],"_links":{"self":[{"href":"https:\/\/www.lacuna-air.de\/index.php?rest_route=\/wp\/v2\/product\/835"}],"collection":[{"href":"https:\/\/www.lacuna-air.de\/index.php?rest_route=\/wp\/v2\/product"}],"about":[{"href":"https:\/\/www.lacuna-air.de\/index.php?rest_route=\/wp\/v2\/types\/product"}],"wp:featuredmedia":[{"embeddable":true,"href":"https:\/\/www.lacuna-air.de\/index.php?rest_route=\/wp\/v2\/media\/836"}],"wp:attachment":[{"href":"https:\/\/www.lacuna-air.de\/index.php?rest_route=%2Fwp%2Fv2%2Fmedia&parent=835"}],"wp:term":[{"taxonomy":"product_cat","embeddable":true,"href":"https:\/\/www.lacuna-air.de\/index.php?rest_route=%2Fwp%2Fv2%2Fproduct_cat&post=835"},{"taxonomy":"product_tag","embeddable":true,"href":"https:\/\/www.lacuna-air.de\/index.php?rest_route=%2Fwp%2Fv2%2Fproduct_tag&post=835"}],"curies":[{"name":"wp","href":"https:\/\/api.w.org\/{rel}","templated":true}]}}