{"id":832,"date":"2018-06-13T17:28:18","date_gmt":"2018-06-13T17:28:18","guid":{"rendered":"http:\/\/luft-und-klimatechnik.lacuna-air.de\/?post_type=product&#038;p=832"},"modified":"2018-06-15T00:18:29","modified_gmt":"2018-06-15T00:18:29","slug":"tvom-tvpm-tellerventil","status":"publish","type":"product","link":"https:\/\/www.lacuna-air.de\/?product=tvom-tvpm-tellerventil","title":{"rendered":"TVOM, TVPM Tellerventil"},"content":{"rendered":"<h4><strong>Technische Dokumentation:<\/strong><\/h4>\n<p><a href=\"http:\/\/luft-und-klimatechnik.lacuna-air.de\/wp-content\/uploads\/2018\/06\/TVPM-Technische-Dokumentation.pdf\">TVPM &#8211; TVPM Technische Dokumentation<\/a><\/p>\n","protected":false},"excerpt":{"rendered":"<p><strong>TVOM, TVPM<\/strong>\u00a0\u2013 das Tellerventil ist ein lufttechnisches Endst\u00fcck, zur Verteilung der Luft in bel\u00fcfteten oder klimatisierten R\u00e4umen.<\/p>\n<ul class=\"first\">\n<li>F\u00fcr Abluft (TVOM) und Zuluft (TVPM) aus WC, Badezimmern und anderen kleinen R\u00e4umen; Unterdecken-Einbau<\/li>\n<li>Durchfluss von 20 bis 250 m<sup>3<\/sup>\/h<\/li>\n<li>Gr\u00f6\u00dfen in mm: 80, 100, 125, 150, 160, 200<\/li>\n<li>Hergestellt aus Stahlblech in RAL 9010<\/li>\n<\/ul>\n<p>&nbsp;<\/p>\n","protected":false},"featured_media":834,"template":"","meta":[],"product_cat":[39,47],"product_tag":[],"_links":{"self":[{"href":"https:\/\/www.lacuna-air.de\/index.php?rest_route=\/wp\/v2\/product\/832"}],"collection":[{"href":"https:\/\/www.lacuna-air.de\/index.php?rest_route=\/wp\/v2\/product"}],"about":[{"href":"https:\/\/www.lacuna-air.de\/index.php?rest_route=\/wp\/v2\/types\/product"}],"wp:featuredmedia":[{"embeddable":true,"href":"https:\/\/www.lacuna-air.de\/index.php?rest_route=\/wp\/v2\/media\/834"}],"wp:attachment":[{"href":"https:\/\/www.lacuna-air.de\/index.php?rest_route=%2Fwp%2Fv2%2Fmedia&parent=832"}],"wp:term":[{"taxonomy":"product_cat","embeddable":true,"href":"https:\/\/www.lacuna-air.de\/index.php?rest_route=%2Fwp%2Fv2%2Fproduct_cat&post=832"},{"taxonomy":"product_tag","embeddable":true,"href":"https:\/\/www.lacuna-air.de\/index.php?rest_route=%2Fwp%2Fv2%2Fproduct_tag&post=832"}],"curies":[{"name":"wp","href":"https:\/\/api.w.org\/{rel}","templated":true}]}}