{"id":829,"date":"2018-06-13T17:26:13","date_gmt":"2018-06-13T17:26:13","guid":{"rendered":"http:\/\/luft-und-klimatechnik.lacuna-air.de\/?post_type=product&#038;p=829"},"modified":"2018-06-15T00:18:51","modified_gmt":"2018-06-15T00:18:51","slug":"ddm-ii-weitwurfduese","status":"publish","type":"product","link":"https:\/\/www.lacuna-air.de\/?product=ddm-ii-weitwurfduese","title":{"rendered":"DDM II Weitwurfd\u00fcse"},"content":{"rendered":"<h4><strong>Technische Dokumentation:<\/strong><\/h4>\n<p><a href=\"http:\/\/luft-und-klimatechnik.lacuna-air.de\/wp-content\/uploads\/2018\/06\/DDM-II-Technische-Dokumentation.pdf\">DDM-II Technische Dokumentation<\/a><\/p>\n","protected":false},"excerpt":{"rendered":"<p><strong>DDM II<\/strong>\u00a0\u2013 die Weitwurfd\u00fcse ist ein lufttechnisches Endst\u00fcck zur Verteilung der Zuluft auf gro\u00dfen Entfernungen.<\/p>\n<ul class=\"first\">\n<li>Verteilung der Zuluft in gro\u00dfen Entfernungen<\/li>\n<li>Zum Anbringen an die Wand oder Decke vorgesehen<\/li>\n<li>F\u00fcr gro\u00dfe Hallen, Theater, Konzerts\u00e4le<\/li>\n<li>Durchfluss von 40 bis 2 400 m<sup>3<\/sup>\/h.<\/li>\n<li>Gr\u00f6\u00dfen in mm: 100, 125, 160, 200, 250, 315, 400<\/li>\n<li>Zur Heizung mit \u2206tp \u2264 25 K und K\u00fchlung mit \u2206tp \u2264 \u221214 K<\/li>\n<li>\u00c4nderung der Richtung manuell oder mittels Servoantriebs (\u00b1 25\u00b0)<\/li>\n<li>Hohe Endgeschwindigkeit der Luftstr\u00f6mung<\/li>\n<li>Oberfl\u00e4che in RAL 9010<\/li>\n<\/ul>\n<p>&nbsp;<\/p>\n","protected":false},"featured_media":830,"template":"","meta":[],"product_cat":[39,47],"product_tag":[],"_links":{"self":[{"href":"https:\/\/www.lacuna-air.de\/index.php?rest_route=\/wp\/v2\/product\/829"}],"collection":[{"href":"https:\/\/www.lacuna-air.de\/index.php?rest_route=\/wp\/v2\/product"}],"about":[{"href":"https:\/\/www.lacuna-air.de\/index.php?rest_route=\/wp\/v2\/types\/product"}],"wp:featuredmedia":[{"embeddable":true,"href":"https:\/\/www.lacuna-air.de\/index.php?rest_route=\/wp\/v2\/media\/830"}],"wp:attachment":[{"href":"https:\/\/www.lacuna-air.de\/index.php?rest_route=%2Fwp%2Fv2%2Fmedia&parent=829"}],"wp:term":[{"taxonomy":"product_cat","embeddable":true,"href":"https:\/\/www.lacuna-air.de\/index.php?rest_route=%2Fwp%2Fv2%2Fproduct_cat&post=829"},{"taxonomy":"product_tag","embeddable":true,"href":"https:\/\/www.lacuna-air.de\/index.php?rest_route=%2Fwp%2Fv2%2Fproduct_tag&post=829"}],"curies":[{"name":"wp","href":"https:\/\/api.w.org\/{rel}","templated":true}]}}