{"id":826,"date":"2018-06-13T17:21:38","date_gmt":"2018-06-13T17:21:38","guid":{"rendered":"http:\/\/luft-und-klimatechnik.lacuna-air.de\/?post_type=product&#038;p=826"},"modified":"2018-06-13T17:56:16","modified_gmt":"2018-06-13T17:56:16","slug":"vnkm-lueftungsgitter","status":"publish","type":"product","link":"https:\/\/www.lacuna-air.de\/?product=vnkm-lueftungsgitter","title":{"rendered":"VNKM L\u00fcftungsgitter"},"content":{"rendered":"<h4><strong>Technische Dokumentation:<\/strong><\/h4>\n<p><a href=\"http:\/\/luft-und-klimatechnik.lacuna-air.de\/wp-content\/uploads\/2018\/06\/VNKM-Technische-Dokumentatiojn.pdf\">VNKM Technische Dokumentation<\/a><\/p>\n","protected":false},"excerpt":{"rendered":"<div class=\"col-sm-12\">\n<h3>f\u00fcr Rundrohr<\/h3>\n<\/div>\n<div class=\"productDetailContent\">\n<div class=\"col-md-3 col-sm-4 image\"><strong>VNKM<\/strong>\u00a0\u2013 das verstellbare Gitter ist ein lufttechnisches Endelement f\u00fcr Rohrkan\u00e4le zur Luftverteilung in zu klimatisierenden, zu bel\u00fcftenden oder zu beheizenden R\u00e4umen. Das Gitter wird mit verstellbaren Lamellen geliefert, die zur Einstellung der Luftstr\u00f6mungsrichtung dienen. Das Gitter ist dem Durchmesser des Rohrkanals plan angepasst.<\/div>\n<div class=\"col-md-6 col-sm-8 text\">\n<ul class=\"first\">\n<li>Zum Anbringen in runde Leitungen<\/li>\n<li>Zuluft und Abluft in Kinos, Einkaufszentren, Hallen, Garagen u. \u00e4.<\/li>\n<li>Durchfluss von 100 bis ca. 5 000 m<sup>3<\/sup>\/h<\/li>\n<li>W\u00e4hlbares Regelungselement zur Einstellung des Durchflusses und Druckverlusts des Auslasses.<\/li>\n<li>Einstellbare Luftstr\u00f6mungsrichtung<\/li>\n<li>Der Gitterrahmen ist aus verzinktem Blech, die Lamellen aus Aluminiumprofilen.<\/li>\n<\/ul>\n<\/div>\n<\/div>\n","protected":false},"featured_media":827,"template":"","meta":[],"product_cat":[39,46],"product_tag":[],"_links":{"self":[{"href":"https:\/\/www.lacuna-air.de\/index.php?rest_route=\/wp\/v2\/product\/826"}],"collection":[{"href":"https:\/\/www.lacuna-air.de\/index.php?rest_route=\/wp\/v2\/product"}],"about":[{"href":"https:\/\/www.lacuna-air.de\/index.php?rest_route=\/wp\/v2\/types\/product"}],"wp:featuredmedia":[{"embeddable":true,"href":"https:\/\/www.lacuna-air.de\/index.php?rest_route=\/wp\/v2\/media\/827"}],"wp:attachment":[{"href":"https:\/\/www.lacuna-air.de\/index.php?rest_route=%2Fwp%2Fv2%2Fmedia&parent=826"}],"wp:term":[{"taxonomy":"product_cat","embeddable":true,"href":"https:\/\/www.lacuna-air.de\/index.php?rest_route=%2Fwp%2Fv2%2Fproduct_cat&post=826"},{"taxonomy":"product_tag","embeddable":true,"href":"https:\/\/www.lacuna-air.de\/index.php?rest_route=%2Fwp%2Fv2%2Fproduct_tag&post=826"}],"curies":[{"name":"wp","href":"https:\/\/api.w.org\/{rel}","templated":true}]}}