{"id":795,"date":"2018-06-13T16:29:50","date_gmt":"2018-06-13T16:29:50","guid":{"rendered":"http:\/\/luft-und-klimatechnik.lacuna-air.de\/?post_type=product&#038;p=795"},"modified":"2018-06-13T16:58:18","modified_gmt":"2018-06-13T16:58:18","slug":"rpm-k","status":"publish","type":"product","link":"https:\/\/www.lacuna-air.de\/?product=rpm-k","title":{"rendered":"RPM-K Runder Volumenstromregler"},"content":{"rendered":"<h4><strong>Technische Dokumentation:<\/strong><\/h4>\n<p><a href=\"http:\/\/luft-und-klimatechnik.lacuna-air.de\/wp-content\/uploads\/2018\/06\/RPM-K-Technische-Dokumentation.pdf\">RPM-K Technische Dokumentation<\/a><\/p>\n<h4><strong>Zertifikate und Erkl\u00e4rungen:<\/strong><\/h4>\n<p><a href=\"http:\/\/luft-und-klimatechnik.lacuna-air.de\/wp-content\/uploads\/2018\/06\/RPM-K-Hygieniezertifikat.pdf\">RPM-K Hygieniezertifikat<\/a><\/p>\n","protected":false},"excerpt":{"rendered":"<h3>F\u00fcr konstante Luftstr\u00f6mung<\/h3>\n<p><strong>RPM-K<\/strong>\u00a0\u2013 Volumenstromregler des konstanten Luftdurchflusses sind f\u00fcr die Zuluft- und Abluftsysteme vorgesehen. Die aerodynamischen Kr\u00e4fte, die auf dem Blatt durch die Str\u00f6mung wirken, sind durch die Steuereinrichtung mit der geforderten Luftstr\u00f6mung kompensiert.<\/p>\n<ul class=\"first\">\n<li>Das Geh\u00e4use des Volumenstromreglers und die Steuereinrichtung sind aus verzinktem Blech, das Blatt der Klappe ist aus Aluminiumblech, die Achse des Blattes, die B\u00fcchse und die Feder sind aus Edelstahl hergestellt.<\/li>\n<\/ul>\n<ul>\n<li>Sorgt f\u00fcr eine konstante Luftstr\u00f6mung in L\u00fcftungssystemen<\/li>\n<li>Durchmesser von 100 bis 400 mm<\/li>\n<li>Durchfluss von 100 bis 4 000 m<sup>3<\/sup>\/h<\/li>\n<\/ul>\n","protected":false},"featured_media":798,"template":"","meta":[],"product_cat":[40,52],"product_tag":[],"_links":{"self":[{"href":"https:\/\/www.lacuna-air.de\/index.php?rest_route=\/wp\/v2\/product\/795"}],"collection":[{"href":"https:\/\/www.lacuna-air.de\/index.php?rest_route=\/wp\/v2\/product"}],"about":[{"href":"https:\/\/www.lacuna-air.de\/index.php?rest_route=\/wp\/v2\/types\/product"}],"wp:featuredmedia":[{"embeddable":true,"href":"https:\/\/www.lacuna-air.de\/index.php?rest_route=\/wp\/v2\/media\/798"}],"wp:attachment":[{"href":"https:\/\/www.lacuna-air.de\/index.php?rest_route=%2Fwp%2Fv2%2Fmedia&parent=795"}],"wp:term":[{"taxonomy":"product_cat","embeddable":true,"href":"https:\/\/www.lacuna-air.de\/index.php?rest_route=%2Fwp%2Fv2%2Fproduct_cat&post=795"},{"taxonomy":"product_tag","embeddable":true,"href":"https:\/\/www.lacuna-air.de\/index.php?rest_route=%2Fwp%2Fv2%2Fproduct_tag&post=795"}],"curies":[{"name":"wp","href":"https:\/\/api.w.org\/{rel}","templated":true}]}}