{"id":711,"date":"2018-06-08T12:56:23","date_gmt":"2018-06-08T12:56:23","guid":{"rendered":"http:\/\/luft-und-klimatechnik.lacuna-air.de\/?post_type=product&#038;p=711"},"modified":"2018-10-17T07:42:18","modified_gmt":"2018-10-17T07:42:18","slug":"smr-schalldaempfer","status":"publish","type":"product","link":"https:\/\/www.lacuna-air.de\/?product=smr-schalldaempfer","title":{"rendered":"SMR Schalld\u00e4mpfer"},"content":{"rendered":"<p><strong>SMRF<\/strong>\u00a0\u2013 die Schalld\u00e4mpfer der Sto\u00dfd\u00e4mpfungsart sind f\u00fcr den Einbau in die Rohrleitungen vorgesehen. Zweck der Schalld\u00e4mpfer: die Schallminderung einer L\u00e4rmquelle, die sich durch die Leitung verbreiten kann. Der Schalld\u00e4mpfer ist feuerbest\u00e4ndig.<\/p>\n<p>&nbsp;<\/p>\n<ul class=\"first\">\n<li>Anschlussabmessungen von 80 bis 500 mm<\/li>\n<li>Lippendichtung<\/li>\n<li>Ausf\u00fchrung SMR ist ohne Feuerbest\u00e4ndigkeit<\/li>\n<li>Isolationsst\u00e4rke ist 50 mm<\/li>\n<li>Max. Druckdifferenz 1 500 Pa.<\/li>\n<li>Max. Luftstromgeschwindigkeit 12 m\/s<\/li>\n<\/ul>\n","protected":false},"excerpt":{"rendered":"<ul>\n<li>Gepr\u00fcft nach EN 1366-1, EN 12237 und EN ISO 11691<\/li>\n<li>Feuerbest\u00e4ndigkeit gem\u00e4\u00df EN 13501-3 + A1 EI 30 ohne Schutzdistanz<\/li>\n<\/ul>\n","protected":false},"featured_media":712,"template":"","meta":[],"product_cat":[69,56],"product_tag":[],"_links":{"self":[{"href":"https:\/\/www.lacuna-air.de\/index.php?rest_route=\/wp\/v2\/product\/711"}],"collection":[{"href":"https:\/\/www.lacuna-air.de\/index.php?rest_route=\/wp\/v2\/product"}],"about":[{"href":"https:\/\/www.lacuna-air.de\/index.php?rest_route=\/wp\/v2\/types\/product"}],"wp:featuredmedia":[{"embeddable":true,"href":"https:\/\/www.lacuna-air.de\/index.php?rest_route=\/wp\/v2\/media\/712"}],"wp:attachment":[{"href":"https:\/\/www.lacuna-air.de\/index.php?rest_route=%2Fwp%2Fv2%2Fmedia&parent=711"}],"wp:term":[{"taxonomy":"product_cat","embeddable":true,"href":"https:\/\/www.lacuna-air.de\/index.php?rest_route=%2Fwp%2Fv2%2Fproduct_cat&post=711"},{"taxonomy":"product_tag","embeddable":true,"href":"https:\/\/www.lacuna-air.de\/index.php?rest_route=%2Fwp%2Fv2%2Fproduct_tag&post=711"}],"curies":[{"name":"wp","href":"https:\/\/api.w.org\/{rel}","templated":true}]}}