{"id":708,"date":"2018-06-08T12:50:29","date_gmt":"2018-06-08T12:50:29","guid":{"rendered":"http:\/\/luft-und-klimatechnik.lacuna-air.de\/?post_type=product&#038;p=708"},"modified":"2018-06-14T21:18:41","modified_gmt":"2018-06-14T21:18:41","slug":"smm-smpm-lueftungsgitter-mit-feststehenden-lamellen","status":"publish","type":"product","link":"https:\/\/www.lacuna-air.de\/?product=smm-smpm-lueftungsgitter-mit-feststehenden-lamellen","title":{"rendered":"SMM, SMPM L\u00fcftungsgitter"},"content":{"rendered":"<h4><strong>Technische Dokumentation:<\/strong><\/h4>\n<p><a href=\"http:\/\/luft-und-klimatechnik.lacuna-air.de\/wp-content\/uploads\/2018\/06\/SMM-Technische-Dokumentation.pdf\">SMM &#8211; SMPM Technische Dokumentation<\/a><\/p>\n","protected":false},"excerpt":{"rendered":"<h3>mit feststehenden Lamellen<\/h3>\n<p><strong>SMM, SMPM<\/strong>\u00a0\u2013 das separate Wandgitter dient zur Abdeckung der L\u00fcftungs\u00f6ffnungen in zu klimatisierenden, zu bel\u00fcftenden oder zu beheizenden R\u00e4umen.<\/p>\n<ul class=\"first\">\n<li>Ausf\u00fchrung aus eloxiertem Aluminium<\/li>\n<li>Wandgitter separat (SMM) und Wandgitterb\u00e4nder (SMPM) zum Anbringen an Kan\u00e4len oder W\u00e4nden<\/li>\n<li>Zuluft und Abluft in Kinos, Einkaufszentren, Hallen, Garagen u. \u00e4.<\/li>\n<li>Durchfluss von 100 bis ca. 5 000 m<sup>3<\/sup>\/h<\/li>\n<\/ul>\n","protected":false},"featured_media":709,"template":"","meta":[],"product_cat":[39,46],"product_tag":[],"_links":{"self":[{"href":"https:\/\/www.lacuna-air.de\/index.php?rest_route=\/wp\/v2\/product\/708"}],"collection":[{"href":"https:\/\/www.lacuna-air.de\/index.php?rest_route=\/wp\/v2\/product"}],"about":[{"href":"https:\/\/www.lacuna-air.de\/index.php?rest_route=\/wp\/v2\/types\/product"}],"wp:featuredmedia":[{"embeddable":true,"href":"https:\/\/www.lacuna-air.de\/index.php?rest_route=\/wp\/v2\/media\/709"}],"wp:attachment":[{"href":"https:\/\/www.lacuna-air.de\/index.php?rest_route=%2Fwp%2Fv2%2Fmedia&parent=708"}],"wp:term":[{"taxonomy":"product_cat","embeddable":true,"href":"https:\/\/www.lacuna-air.de\/index.php?rest_route=%2Fwp%2Fv2%2Fproduct_cat&post=708"},{"taxonomy":"product_tag","embeddable":true,"href":"https:\/\/www.lacuna-air.de\/index.php?rest_route=%2Fwp%2Fv2%2Fproduct_tag&post=708"}],"curies":[{"name":"wp","href":"https:\/\/api.w.org\/{rel}","templated":true}]}}