{"id":697,"date":"2018-06-08T12:12:00","date_gmt":"2018-06-08T12:12:00","guid":{"rendered":"http:\/\/luft-und-klimatechnik.lacuna-air.de\/?post_type=product&#038;p=697"},"modified":"2018-06-13T14:09:04","modified_gmt":"2018-06-13T14:09:04","slug":"bsk-a-90-brandschutzklappe-eckig-und-rund","status":"publish","type":"product","link":"https:\/\/www.lacuna-air.de\/?product=bsk-a-90-brandschutzklappe-eckig-und-rund","title":{"rendered":"BSK-A-90 Brandschutzklappe eckig und rund"},"content":{"rendered":"<h4><strong>Technische Dokumentation:<\/strong><\/h4>\n<p><a href=\"http:\/\/luft-und-klimatechnik.lacuna-air.de\/wp-content\/uploads\/2018\/06\/BSK-A-90-Technische-Dokumentation.pdf\">BSK-A-90 Technische Dokumentation<\/a><\/p>\n<p>&nbsp;<\/p>\n<h4><strong>Zertifikate und Erkl\u00e4rungen:<\/strong><\/h4>\n<p><a href=\"http:\/\/luft-und-klimatechnik.lacuna-air.de\/wp-content\/uploads\/2018\/06\/BSK-A-90-Zertifikat.pdf\">BSK-A-90 Zertifikat<\/a><br \/>\n<a href=\"http:\/\/luft-und-klimatechnik.lacuna-air.de\/wp-content\/uploads\/2018\/06\/BSK-A-90-Hygienierzertifikat.pdf\">BSK-A-90 Hygienierzertifikat<\/a><a href=\"http:\/\/luft-und-klimatechnik.lacuna-air.de\/wp-content\/uploads\/2018\/06\/BSK-A-90_Leistungserklaerung.pdf\"><br \/>\n<\/a><a href=\"http:\/\/luft-und-klimatechnik.lacuna-air.de\/wp-content\/uploads\/2018\/06\/BSK-A-90-Leistungserkl\u00e4rung.pdf\">BSK-A-90 Leistungserkl\u00e4rung<\/a><br \/>\n<a href=\"http:\/\/luft-und-klimatechnik.lacuna-air.de\/wp-content\/uploads\/2018\/06\/BSK-A-90-DIBT-Zulassung.pdf\">BSK-A-90 DIBT Zulassung<\/a><\/p>\n<p>&nbsp;<\/p>\n<h4><strong>Anleitung und Anderes:<\/strong><\/h4>\n<p><a href=\"http:\/\/luft-und-klimatechnik.lacuna-air.de\/wp-content\/uploads\/2018\/06\/BSK-A-E-Montageanleitung.pdf\">BSK-A-E Montageanleitung<\/a><br \/>\n<a href=\"http:\/\/luft-und-klimatechnik.lacuna-air.de\/wp-content\/uploads\/2018\/06\/BSK-A-R-Montageanleitung.pdf\">BSK-A-R Montageanleitung<\/a><\/p>\n<p>&nbsp;<\/p>\n","protected":false},"excerpt":{"rendered":"<p><strong>BSK-A-90<\/strong> \u2013 die Brandschutzklappe ist ein Abschluss einer lufttechnischen Anlage, die Ausbreitung eines Brandes und die Verbreitung der Gase, durch Unterbrechung des Luftstroms verhindert.<\/p>\n<ul>\n<li>Eckige Brandschutzklappen von 180 \u00d7 180 mm bis 1 500 \u00d7 800 mm<\/li>\n<li>Runde Brandschutzklappen von D 180 mm bis 1 000 mm<\/li>\n<li>Brandschutzklappensteuerung \u2013 mechanisch oder mit Stellantrieb<\/li>\n<li>CE Zertifizierung: EN 15650<\/li>\n<li>Klassifizierung: EN 13501\u00ad-3+A1<\/li>\n<li>Brandpr\u00fcfung: EN 1366-\u00ad2<\/li>\n<li>Zyklen C 10 000: EN 15650<\/li>\n<li>Feuerwiderstandsklasse: EIS 90 (ve, ho, i \u2194 o) S<\/li>\n<li>Dichtheit gem\u00e4\u00df EN 1751: Klappengeh\u00e4use Klasse C \/ Klappenblatt Klasse 2<\/li>\n<li>Korrosionsbest\u00e4ndigkeit: EN 15650<\/li>\n<li>Betriebsdruck: max. 1 200 Pa<\/li>\n<li>Max. Luftstromgeschwindigkeit: 12 m\/s<\/li>\n<\/ul>\n","protected":false},"featured_media":698,"template":"","meta":[],"product_cat":[37],"product_tag":[],"_links":{"self":[{"href":"https:\/\/www.lacuna-air.de\/index.php?rest_route=\/wp\/v2\/product\/697"}],"collection":[{"href":"https:\/\/www.lacuna-air.de\/index.php?rest_route=\/wp\/v2\/product"}],"about":[{"href":"https:\/\/www.lacuna-air.de\/index.php?rest_route=\/wp\/v2\/types\/product"}],"wp:featuredmedia":[{"embeddable":true,"href":"https:\/\/www.lacuna-air.de\/index.php?rest_route=\/wp\/v2\/media\/698"}],"wp:attachment":[{"href":"https:\/\/www.lacuna-air.de\/index.php?rest_route=%2Fwp%2Fv2%2Fmedia&parent=697"}],"wp:term":[{"taxonomy":"product_cat","embeddable":true,"href":"https:\/\/www.lacuna-air.de\/index.php?rest_route=%2Fwp%2Fv2%2Fproduct_cat&post=697"},{"taxonomy":"product_tag","embeddable":true,"href":"https:\/\/www.lacuna-air.de\/index.php?rest_route=%2Fwp%2Fv2%2Fproduct_tag&post=697"}],"curies":[{"name":"wp","href":"https:\/\/api.w.org\/{rel}","templated":true}]}}