{"id":695,"date":"2018-06-08T12:06:25","date_gmt":"2018-06-08T12:06:25","guid":{"rendered":"http:\/\/luft-und-klimatechnik.lacuna-air.de\/?post_type=product&#038;p=695"},"modified":"2018-06-13T13:51:10","modified_gmt":"2018-06-13T13:51:10","slug":"bsk-d-90-brandschutzklappe-rund","status":"publish","type":"product","link":"https:\/\/www.lacuna-air.de\/?product=bsk-d-90-brandschutzklappe-rund","title":{"rendered":"BSK-D-90 Brandschutzklappe rund"},"content":{"rendered":"<h4><strong>Technische Dokumentation:<br \/>\n<\/strong><\/h4>\n<p><a href=\"http:\/\/luft-und-klimatechnik.lacuna-air.de\/wp-content\/uploads\/2018\/06\/BSK-D-Technische-Dokumentation.pdf\">BSK-D-Technische Dokumentation<\/a><\/p>\n<p>&nbsp;<\/p>\n<p><strong>Zertifikate und Erkl\u00e4rungen:<\/strong><\/p>\n<p><a href=\"http:\/\/luft-und-klimatechnik.lacuna-air.de\/wp-content\/uploads\/2018\/06\/BSK-D-90-Zertifikat.pdf\">BSK-D-90-Zertifikat<\/a><br \/>\n<a href=\"http:\/\/luft-und-klimatechnik.lacuna-air.de\/wp-content\/uploads\/2018\/06\/BSK-D-90hygienische_zertifikat.pdf\">BSK-D-90 Hygienischezertifikat<\/a><br \/>\n<a href=\"http:\/\/luft-und-klimatechnik.lacuna-air.de\/wp-content\/uploads\/2018\/06\/BSK-D-90_Leistungserklaerung.pdf\">BSK-D-90_Leistungserklaerung<\/a><br \/>\n<a href=\"http:\/\/luft-und-klimatechnik.lacuna-air.de\/wp-content\/uploads\/2018\/06\/BSK-D-90-DIBt-Zulassung.pdf\">BSK-D-90-DIBt-Zulassung<\/a><strong><br \/>\n<\/strong><\/p>\n<p>&nbsp;<\/p>\n<h4><strong>Anleitung und Anderes:<\/strong><\/h4>\n<p><a href=\"http:\/\/luft-und-klimatechnik.lacuna-air.de\/wp-content\/uploads\/2018\/06\/BSK-D-R-Montageanleitung.pdf\">BSK-D-R-Montageanleitung<\/a><\/p>\n","protected":false},"excerpt":{"rendered":"<p><strong>BSK-D-90<\/strong>\u00a0\u2013 die Brandschutzklappe ist ein Abschluss einer lufttechnischen Anlage, die Ausbreitung eines Brandes und die Verbreitung der Gase, durch Unterbrechun\u200bg des Luftstroms verhindert.<\/p>\n<p>&nbsp;<\/p>\n<ul>\n<li>Runde Brandschutzklappen von D 100 mm bis 200 mm<\/li>\n<li>Brandschutzklappensteuerung \u2013 mechanisch oder mit Stellantrieb<\/li>\n<li>CE Zertifizierung: EN 15650<\/li>\n<li>Klassifizierung: EN 13501\u00ad-3+A1<\/li>\n<li>Brandpr\u00fcfung: EN 1366-\u00ad2<\/li>\n<li>Zyklen C 10 000: EN 15650<\/li>\n<li>Feuerwiderstandsklasse: EIS 90 (ve, ho, i \u2194 o) S<\/li>\n<li>Dichtheit gem\u00e4\u00df EN 1751: Klappengeh\u00e4use Klasse C \/ Klappenblatt Klasse 2<\/li>\n<li>Korrosionsbest\u00e4ndigkeit: EN 15650<\/li>\n<li>Betriebsdruck: max. 1 500 Pa.<\/li>\n<li>Max. Luftstromgeschwindigkeit: 12 m\/s<\/li>\n<\/ul>\n<p>&nbsp;<\/p>\n<p>&nbsp;<\/p>\n","protected":false},"featured_media":696,"template":"","meta":[],"product_cat":[37],"product_tag":[],"_links":{"self":[{"href":"https:\/\/www.lacuna-air.de\/index.php?rest_route=\/wp\/v2\/product\/695"}],"collection":[{"href":"https:\/\/www.lacuna-air.de\/index.php?rest_route=\/wp\/v2\/product"}],"about":[{"href":"https:\/\/www.lacuna-air.de\/index.php?rest_route=\/wp\/v2\/types\/product"}],"wp:featuredmedia":[{"embeddable":true,"href":"https:\/\/www.lacuna-air.de\/index.php?rest_route=\/wp\/v2\/media\/696"}],"wp:attachment":[{"href":"https:\/\/www.lacuna-air.de\/index.php?rest_route=%2Fwp%2Fv2%2Fmedia&parent=695"}],"wp:term":[{"taxonomy":"product_cat","embeddable":true,"href":"https:\/\/www.lacuna-air.de\/index.php?rest_route=%2Fwp%2Fv2%2Fproduct_cat&post=695"},{"taxonomy":"product_tag","embeddable":true,"href":"https:\/\/www.lacuna-air.de\/index.php?rest_route=%2Fwp%2Fv2%2Fproduct_tag&post=695"}],"curies":[{"name":"wp","href":"https:\/\/api.w.org\/{rel}","templated":true}]}}