{"id":691,"date":"2018-06-08T12:05:11","date_gmt":"2018-06-08T12:05:11","guid":{"rendered":"http:\/\/luft-und-klimatechnik.lacuna-air.de\/?post_type=product&#038;p=691"},"modified":"2018-06-13T12:58:57","modified_gmt":"2018-06-13T12:58:57","slug":"fdml-lamellenbrandschutzklappe","status":"publish","type":"product","link":"https:\/\/www.lacuna-air.de\/?product=fdml-lamellenbrandschutzklappe","title":{"rendered":"FDML Lamellenbrandschutzklappe"},"content":{"rendered":"<h4><strong>Technische Dokumentation:<\/strong><\/h4>\n<p><a href=\"http:\/\/luft-und-klimatechnik.lacuna-air.de\/wp-content\/uploads\/2018\/06\/130_17_de_FDML.pdf\">FDML-Technische Dokumentation<\/a><\/p>\n<h4><\/h4>\n<h4><strong>Zertifikate und Erkl\u00e4rungen:<\/strong><\/h4>\n<p><a href=\"http:\/\/luft-und-klimatechnik.lacuna-air.de\/wp-content\/uploads\/2018\/06\/konformitatszertifikat_FDML.pdf\">FDML-Zertifikat<\/a><\/p>\n<p><a href=\"http:\/\/luft-und-klimatechnik.lacuna-air.de\/wp-content\/uploads\/2018\/06\/FDML_Leistungserklaerung.pdf\">FDML_Leistungserklaerung<\/a><\/p>\n<p>&nbsp;<\/p>\n","protected":false},"excerpt":{"rendered":"<p>FDML\u00a0\u2013 Brandschutzklappe ist ein Endelement in der Luftkanalverteilung der lufttechnischen Einheit.<br \/>\nDiese verhindert die Brand- und Brandrauchausbreitung von einem Brandabschnitt in den n\u00e4chsten, durch Schlie\u00dfen des Luftkanals im Einbaubereich oder durch Schlie\u00dfen der L\u00fcftungs\u00f6ffnung in einer Brand-Trennschutz Wandkonstruktion.<\/p>\n<ul>\n<li>Verwendung: Lamellenbrandschutzklappe oder als Brandwandabschluss<\/li>\n<li>Abmessung ab 200 x 300 bis 1000 x 1000 mm<\/li>\n<li>CE Zertifizierung gem\u00e4\u00df EN 15650<\/li>\n<li>Gepr\u00fcft gem\u00e4\u00df EN 1366-2<\/li>\n<li>Klassifiziert gem\u00e4\u00df EN 13501-3+A1<\/li>\n<li>Feuerbest\u00e4ndigkeit bis EI 90 S, E 120 S<\/li>\n<li>Leckluftstrom gem\u00e4\u00df EN 1751 \u00fcbers Geh\u00e4use Klasse B und bei geschlossenem Klappenblatt Klasse 3<\/li>\n<li>Korrosionsbest\u00e4ndigkeit gem\u00e4\u00df EN 15650<\/li>\n<li>Zyklen Test C 10 000 gem\u00e4\u00df EN 15650<\/li>\n<li>Klappensteuerung mit Stellantrieb<\/li>\n<li>Max. Luftgeschwindigkeit 12m\/s &#8211; max. Druckdifferenz auf dem Klappenblatt 1500 Pa.<\/li>\n<\/ul>\n<p>&nbsp;<\/p>\n","protected":false},"featured_media":692,"template":"","meta":[],"product_cat":[37],"product_tag":[],"_links":{"self":[{"href":"https:\/\/www.lacuna-air.de\/index.php?rest_route=\/wp\/v2\/product\/691"}],"collection":[{"href":"https:\/\/www.lacuna-air.de\/index.php?rest_route=\/wp\/v2\/product"}],"about":[{"href":"https:\/\/www.lacuna-air.de\/index.php?rest_route=\/wp\/v2\/types\/product"}],"wp:featuredmedia":[{"embeddable":true,"href":"https:\/\/www.lacuna-air.de\/index.php?rest_route=\/wp\/v2\/media\/692"}],"wp:attachment":[{"href":"https:\/\/www.lacuna-air.de\/index.php?rest_route=%2Fwp%2Fv2%2Fmedia&parent=691"}],"wp:term":[{"taxonomy":"product_cat","embeddable":true,"href":"https:\/\/www.lacuna-air.de\/index.php?rest_route=%2Fwp%2Fv2%2Fproduct_cat&post=691"},{"taxonomy":"product_tag","embeddable":true,"href":"https:\/\/www.lacuna-air.de\/index.php?rest_route=%2Fwp%2Fv2%2Fproduct_tag&post=691"}],"curies":[{"name":"wp","href":"https:\/\/api.w.org\/{rel}","templated":true}]}}