{"id":668,"date":"2018-06-08T11:16:01","date_gmt":"2018-06-08T11:16:01","guid":{"rendered":"http:\/\/luft-und-klimatechnik.lacuna-air.de\/?post_type=product&#038;p=668"},"modified":"2018-06-14T20:33:38","modified_gmt":"2018-06-14T20:33:38","slug":"eks-entrauchungsklappe-single","status":"publish","type":"product","link":"https:\/\/www.lacuna-air.de\/?product=eks-entrauchungsklappe-single","title":{"rendered":"EKS Entrauchungsklappe \u2013 Single"},"content":{"rendered":"<h4><strong>Technische Dokumentation:<\/strong><\/h4>\n<p><a href=\"http:\/\/luft-und-klimatechnik.lacuna-air.de\/wp-content\/uploads\/2018\/06\/EKS-Technische-Dokumentation.pdf\">EKS Technische Dokumentation<\/a><\/p>\n<p>&nbsp;<\/p>\n<h4><strong>Zertifikate und Erkl\u00e4rungen:\u00a0<\/strong><\/h4>\n<p><a href=\"http:\/\/luft-und-klimatechnik.lacuna-air.de\/wp-content\/uploads\/2018\/06\/EKS-DIBT-Zulassung.pdf\">EKS DIBT Zulassung<\/a><br \/>\n<a href=\"http:\/\/luft-und-klimatechnik.lacuna-air.de\/wp-content\/uploads\/2018\/06\/EKS-Hygienezertifikat.pdf\">EKS Hygienezertifikat<\/a><br \/>\n<a href=\"http:\/\/luft-und-klimatechnik.lacuna-air.de\/wp-content\/uploads\/2018\/06\/EKS-Zertifikat.pdf\">EKS Zertifikat<\/a><br \/>\n<a href=\"http:\/\/luft-und-klimatechnik.lacuna-air.de\/wp-content\/uploads\/2018\/06\/EKS_Leistungserklaerung.pdf\">EKS Leistungserklaerung<\/a><\/p>\n","protected":false},"excerpt":{"rendered":"<p>Die Entrauchungsklappe ist ein Abschluss in Rohrleitungen von Entrauchungsanlagen, welche W\u00e4rme- und Brandgasableitung von einem Brandabschnitt erm\u00f6glichen.<\/p>\n<ul class=\"first\">\n<li>Eckige Entrauchungsklappe von 180 \u00d7 180 mm bis 1 600 \u00d7 1 000 mm<\/li>\n<li>Max. Luftstromgeschwindigkeit durch die Klappe von 15 m\/s<\/li>\n<li>Entrauchungsklappensteuerung \u2013 mit Stellantrieb<\/li>\n<li>Mit Unterdruck bis \u2013 1 000 Pa oder mit \u00dcberdruck bis 500 Pa<\/li>\n<li>CE Zertifizierung gem\u00e4\u00df DIN EN 12101-8<\/li>\n<li>Gepr\u00fcft gem\u00e4\u00df 1366-10<\/li>\n<li>Klassifiziert gem\u00e4\u00df DIN EN 13501-4 +A1 ES 90\/600, Steuerung AA f\u00fcr einen Brandabschnitt<\/li>\n<li>Zyklen C 300 gem\u00e4\u00df DIN EN 12101-8<\/li>\n<li>Dichtheit gem\u00e4\u00df DIN EN 1751 \u2013 Klappengeh\u00e4use: Klasse C, Klappenblatt: Klasse 2<\/li>\n<\/ul>\n<p>&nbsp;<\/p>\n","protected":false},"featured_media":690,"template":"","meta":[],"product_cat":[38],"product_tag":[],"_links":{"self":[{"href":"https:\/\/www.lacuna-air.de\/index.php?rest_route=\/wp\/v2\/product\/668"}],"collection":[{"href":"https:\/\/www.lacuna-air.de\/index.php?rest_route=\/wp\/v2\/product"}],"about":[{"href":"https:\/\/www.lacuna-air.de\/index.php?rest_route=\/wp\/v2\/types\/product"}],"wp:featuredmedia":[{"embeddable":true,"href":"https:\/\/www.lacuna-air.de\/index.php?rest_route=\/wp\/v2\/media\/690"}],"wp:attachment":[{"href":"https:\/\/www.lacuna-air.de\/index.php?rest_route=%2Fwp%2Fv2%2Fmedia&parent=668"}],"wp:term":[{"taxonomy":"product_cat","embeddable":true,"href":"https:\/\/www.lacuna-air.de\/index.php?rest_route=%2Fwp%2Fv2%2Fproduct_cat&post=668"},{"taxonomy":"product_tag","embeddable":true,"href":"https:\/\/www.lacuna-air.de\/index.php?rest_route=%2Fwp%2Fv2%2Fproduct_tag&post=668"}],"curies":[{"name":"wp","href":"https:\/\/api.w.org\/{rel}","templated":true}]}}