{"id":2139,"date":"2021-08-31T07:41:53","date_gmt":"2021-08-31T07:41:53","guid":{"rendered":"https:\/\/www.lacuna-air.de\/?post_type=product&#038;p=2139"},"modified":"2021-11-15T12:32:48","modified_gmt":"2021-11-15T12:32:48","slug":"alltagsmaske-mns-premium-i","status":"publish","type":"product","link":"https:\/\/www.lacuna-air.de\/?product=alltagsmaske-mns-premium-i","title":{"rendered":"Alltagsmaske MNS Premium I"},"content":{"rendered":"\r\n<p><strong>Charakteristiken:<a href=\"https:\/\/www.lacuna-air.de\/wp-content\/uploads\/2020\/06\/DELTRIAN-medizinische-Maske.pdf\" target=\"_blank\" rel=\"noopener noreferrer\"><img loading=\"lazy\" class=\"alignnone size-full wp-image-1844\" src=\"https:\/\/www.lacuna-air.de\/wp-content\/uploads\/2020\/07\/atmungsaktiv-neu.png\" alt=\"\" width=\"300\" height=\"100\" \/><\/a><br \/><\/strong>\u2022 Gute Anpassung ans Gesicht durch flexible Ohrschlaufen aus \u00d6kotex-Material<br \/>\u2022 Integrierter Nasenfl\u00fcgel, anatomisch einstellbar<br \/>\u2022 Gr\u00f6\u00dfe: 17.5 cm (\u00b1 0.5 cm) 9.5 cm (\u00b1 0.5 cm)<br \/>\u2022 Farbe: wei\u00df<\/p>\r\n<p><strong>Verpackungseinheiten:<br \/><\/strong>10 St\u00fcck \/Faltetui<br \/>20 St\u00fcck \/ Packung<br \/>50 St\u00fcck \/ Packung<\/p>\r\n<p><strong>Technische Daten:<br \/><\/strong>APC-Partikelemission \u2265 0,5 \u03bcm\u00a0 \u2013 289 Partikel \/ St\u00fcck 1<strong><br \/><\/strong><\/p>\r\n<p><img loading=\"lazy\" class=\"alignnone wp-image-1773\" src=\"https:\/\/www.lacuna-air.de\/wp-content\/uploads\/2020\/06\/alltagssmaske-filter.png\" alt=\"\" width=\"978\" height=\"144\" \/><\/p>\r\n<p><strong>Material:<\/strong><br \/>einzigartige Meltblown-Technologie, mehrschichtiges 3-in-1 lagiges Verbundmaterial<\/p>\r\n<table>\r\n<tbody>\r\n<tr>\r\n<th><strong>Werte<\/strong><\/th>\r\n<th>\u00a0<\/th>\r\n<th><strong>Testmethode<\/strong><\/th>\r\n<\/tr>\r\n<tr>\r\n<td>Bakterienfiltereffizienz (BFE)<\/td>\r\n<td>&gt; 93%<\/td>\r\n<td>ASTM F2101-14, EN 14683: 2019, Annex C, AS4381: 2015<\/td>\r\n<\/tr>\r\n<tr>\r\n<td>Luftdurchl\u00e4ssigkeit<\/td>\r\n<td>\u00a0&gt; 160 l \/ (m\u00b2.s)<\/td>\r\n<td>ISO 9237 (1995)<\/td>\r\n<\/tr>\r\n<tr>\r\n<td>Effizienz der Filtermedien<\/td>\r\n<td>\u00a0&gt; 93%<\/td>\r\n<td>ISO 16890-2 (2016)<\/td>\r\n<\/tr>\r\n<\/tbody>\r\n<\/table>\r\n<p><strong>Herstellung, Zertifikation und Vertrieb:\u00a0<img loading=\"lazy\" class=\"alignnone size-full wp-image-1731\" src=\"https:\/\/www.lacuna-air.de\/wp-content\/uploads\/2020\/06\/regionales-produkt.png\" alt=\"\" width=\"118\" height=\"49\" \/><br \/><\/strong>LACUNA AIR ist ein Unternehmen mit langj\u00e4hriger Erfahrung im L\u00fcftungsbereich und ist f\u00fcr die Produktion zust\u00e4ndig. Firmensitz und Produktionsst\u00e4tte sind im Unterallg\u00e4u\/ Bayern. Das gemeinsame Know How spiegelt sich in der Qualit\u00e4t der Masken wider. Sie sind zertifiziert und hautfreundlich.<\/p>\r\n<p><strong><a href=\"https:\/\/www.lacuna-air.de\/wp-content\/uploads\/2021\/08\/Produktblatt_AlltagsmaskePremium-I.pdf\" target=\"_blank\" rel=\"noopener\">Produktblatt Alltagsmaske MNS Premium I:<\/a>\u00a0<\/strong>Produktblatt zum Ausdruck<\/p>\r\n<p>Wenn Sie Interesse haben, bestellen Sie bitte unter:<\/p>\r\n<h3><strong><a href=\"http:\/\/www.allgaeu-maske.de\/\" target=\"_blank\" rel=\"noopener noreferrer\">www.allgaeu-maske.de<\/a><\/strong><\/h3>\r\n<p><a href=\"mailto:maske@lacuna-air.de\">maske@lacuna-air.de<\/a>\u00a0oder telefonisch unter Tel.\u00a0<strong>08241-9185401<\/strong><\/p>\r\n\r\n\r\n\r\n<figure class=\"wp-block-table is-style-stripes\"><\/figure>\r\n","protected":false},"excerpt":{"rendered":"<p><strong>waschbar und umweltfreundlich<\/strong><br \/>Diese Maske ist f\u00fcr jedermann, kein medizinisches Produkt und keine Schutzausr\u00fcstung. Sie bietet einen au\u00dfergew\u00f6hnlichen Tragekomfort durch ihre hohe Luftdurchl\u00e4ssigkeit. Sie ist umweltschonend, da sie bei 60\u00b0 maschinenwaschbar ist.<\/p>\n<p><img loading=\"lazy\" class=\"alignnone wp-image-1759\" src=\"https:\/\/www.lacuna-air.de\/wp-content\/uploads\/2020\/06\/waschsiegel.png\" alt=\"\" width=\"462\" height=\"114\" \/><br \/><strong>Vorteile:<br \/><\/strong>\u2022 &gt;93% Wirkungsgrad f\u00fcr die Filtration von Bakterienpartikeln gem\u00e4\u00df EN14683: 2019 AC2019<br \/>\u2022 Extrem atmungsaktiv &gt; 160 l \/ (m2s) gem\u00e4\u00df ISO 9237 (1995)<br \/>\u2022 Hohe Best\u00e4ndigkeit gegen Fl\u00fcssigkeiten und Aerosole<br \/>\u2022 Mund- Nasenschutz gem\u00e4\u00df franz\u00f6sischer AFNOR-Verordnung SPEC S76-001<br \/>\u2022 Komfort im Gebrauch, geringes Gewicht und angenehmes Hautgef\u00fchl<br \/>\u2022 Hergestellt in Bayern mit deutschem Firmensitz<br \/>\u2022 Zus\u00e4tzliche firmeneigene Lieferlogistik<\/p>\n","protected":false},"featured_media":2308,"template":"","meta":[],"product_cat":[76,35],"product_tag":[78,77,79],"_links":{"self":[{"href":"https:\/\/www.lacuna-air.de\/index.php?rest_route=\/wp\/v2\/product\/2139"}],"collection":[{"href":"https:\/\/www.lacuna-air.de\/index.php?rest_route=\/wp\/v2\/product"}],"about":[{"href":"https:\/\/www.lacuna-air.de\/index.php?rest_route=\/wp\/v2\/types\/product"}],"wp:featuredmedia":[{"embeddable":true,"href":"https:\/\/www.lacuna-air.de\/index.php?rest_route=\/wp\/v2\/media\/2308"}],"wp:attachment":[{"href":"https:\/\/www.lacuna-air.de\/index.php?rest_route=%2Fwp%2Fv2%2Fmedia&parent=2139"}],"wp:term":[{"taxonomy":"product_cat","embeddable":true,"href":"https:\/\/www.lacuna-air.de\/index.php?rest_route=%2Fwp%2Fv2%2Fproduct_cat&post=2139"},{"taxonomy":"product_tag","embeddable":true,"href":"https:\/\/www.lacuna-air.de\/index.php?rest_route=%2Fwp%2Fv2%2Fproduct_tag&post=2139"}],"curies":[{"name":"wp","href":"https:\/\/api.w.org\/{rel}","templated":true}]}}