{"id":1654,"date":"2018-10-17T09:07:56","date_gmt":"2018-10-17T09:07:56","guid":{"rendered":"http:\/\/luft-und-klimatechnik.lacuna-air.de\/?post_type=product&#038;p=1654"},"modified":"2018-10-22T11:07:37","modified_gmt":"2018-10-22T11:07:37","slug":"kanalschalldaempfer-und-kulissen-eco","status":"publish","type":"product","link":"https:\/\/www.lacuna-air.de\/?product=kanalschalldaempfer-und-kulissen-eco","title":{"rendered":"Kanalschalld\u00e4mpfer"},"content":{"rendered":"<p><strong>E<\/strong><strong>CO-Kulissen<\/strong>\u00a0werden aus verzinktem Spaltband mit Anstr\u00f6mradien von \u2265 17,5 mm an den Kulissenrahmen profiliert.<br \/>\nDadurch werden nicht nur Druckverluste\u0394P(Pa), sondern auch Betriebskosten reduziert.<\/p>\n<p>&nbsp;<\/p>\n<p><strong>ECO-Schalld\u00e4mmkulissen<\/strong>\u00a0der Serie PK und PA k\u00f6nnen auch mit Lochblechabdeckung geliefert werden.<br \/>\nDiese Ausf\u00fchrung unterscheidet sich hinsichtlich der Druckverluste \u0394P(Pa) und der Einf\u00fcgungsd\u00e4mpfung De(dB) nur unwesentlich von der Standardausf\u00fchrung.<\/p>\n<p>&nbsp;<\/p>\n<p><strong>Lochblechabdeckungen\u00a0<\/strong>(Lo) dienen zum Schutz der Kulissenoberfl\u00e4che (Glasseidengewebe) und sollten bei groben Staub und Sp\u00e4netransport eingesetzt werden.<\/p>\n<p>&nbsp;<\/p>\n<p><strong>Absorptionsmaterial<\/strong><\/p>\n<ul>\n<li>Mineralwolle mit hoher Biol\u00f6slichkeit und silikonfreiem Bindemittel (gesundheitlich unbedenklich)<\/li>\n<li>aufkaschiertes Glasseidengewebe gegen Abrieb bis zu einer Luftgeschwindigkeit von \u2264 20 m\/s<\/li>\n<li>Material ist feuchtigkeitsabweisend impr\u00e4gniert, verrottungssicher so wie nicht brennbar nach DIN 4102, A II;<\/li>\n<li>einsetzbar bis zu einer Betriebstemperatur von 100\u00b0 C.<\/li>\n<\/ul>\n<p>Schalld\u00e4mpfer und Kulissen der Serie ECO werden CNC-gesteuert hergestellt und unterliegen den einschl\u00e4gigen RAL-G\u00fcte und Pr\u00fcfbestimmungen.<\/p>\n<h4><\/h4>\n<p><strong>PC-Dimensionierung<\/strong><\/p>\n<p>ECO-Schalld\u00e4mpfer werden mit dem ECO-PC Programm dimensioniert, welches auf jedem PC installiert werden kann.<\/p>\n<p>Das ECO-PC-Dimensionierungsprogramm erm\u00f6glicht eine universelle und optimale Auslegung bei Vorgabe der Einf\u00fcgungsd\u00e4mpfung De(dB), der Volumenstr\u00f6me V(m\u00b3\/h) und der H\u00f6he oder Breite des Schalld\u00e4mpfers in mm. Die PC-Ausdrucke beinhalten alle Angaben und Definitionen f\u00fcr ECO-Schalld\u00e4mpfer einschlie\u00dflich der Gewichte.<\/p>\n","protected":false},"excerpt":{"rendered":"<h4>Schalld\u00e4mpferausf\u00fchrung Serie ECO:<\/h4>\n<p>Kanalschalld\u00e4mpfer dieser Serie bestehen aus einem Schalld\u00e4mpfergeh\u00e4use inklusive den eingebauten Kulissen der Serie PK\u2026 oder PA\u2026<br \/>\n<strong><br \/>\n<\/strong><\/p>\n<p><strong>ECO-Schalld\u00e4mpfergeh\u00e4use<\/strong><\/p>\n<ul>\n<li>Aus verzinktem Stahlblech, durch Sicken versteift;<\/li>\n<li>gr\u00f6\u00dfere Abmessungen mit Versteifungsprofilen,<\/li>\n<li>Anschlussrahmen:\u00a0 verzinktes prelu- Safe-Kanalflanschprofil Gr\u00f6\u00dfe P 20,30,40. Somit werden die Anforderungen der Dichtheitsklasse II nach DIN 24 149 erf\u00fcllt.<\/li>\n<\/ul>\n<p>Alternativ mit gebohrtem Rahmen aus verzinktem Winkelstahl (bitte angeben).<\/p>\n<p>&nbsp;<\/p>\n<p><strong>Schalld\u00e4mpferauswahl<\/strong><\/p>\n<p>Volumenstr\u00f6me V (m\u00b3\/h) beziehen sich auf Druckverluste \u0394P von ca. 50 \u2013 60 Pa bei einer Oktavmittenfrequenz von 250 Hz, f\u00fcr den jeweils g\u00fcnstigsten Schalld\u00e4mpfer.<\/p>\n<p>Die Bestimmung der erforderlichen D\u00e4mpfung De(dB), der zul\u00e4ssigen Druckverluste \u0394P(Pa) und des Str\u00f6mungsger\u00e4usches Lw(A) in dB f\u00fcr den Schalld\u00e4mpfer (z. B. nach VDI 2081) ist eine kundenseitige Ingenieurleistung.<\/p>\n<p><strong><br \/>\nECO-Schalld\u00e4mmkulissen<\/strong><br \/>\nwerden in zwei Ausf\u00fchrungen hergestellt:<\/p>\n<p><strong>Ausf\u00fchrung 1: Typ PK<\/strong>\u00a0in Kammerbauweise, mit halbseitig versetzt gegen\u00fcberliegendem Resonatorblech sind f\u00fcr den niederfrequenten Bereich um 250 Hz bestimmt.<br \/>\n<strong>Ausf\u00fchrung 2: Typ PA\u00a0<\/strong>sind Absorberkulissen, ohne Resonator. Diese sind f\u00fcr den h\u00f6herfrequenten Bereich um 1000 Hz vorgesehen.<\/p>\n<p>&nbsp;<\/p>\n","protected":false},"featured_media":1652,"template":"","meta":[],"product_cat":[69,56],"product_tag":[],"_links":{"self":[{"href":"https:\/\/www.lacuna-air.de\/index.php?rest_route=\/wp\/v2\/product\/1654"}],"collection":[{"href":"https:\/\/www.lacuna-air.de\/index.php?rest_route=\/wp\/v2\/product"}],"about":[{"href":"https:\/\/www.lacuna-air.de\/index.php?rest_route=\/wp\/v2\/types\/product"}],"wp:featuredmedia":[{"embeddable":true,"href":"https:\/\/www.lacuna-air.de\/index.php?rest_route=\/wp\/v2\/media\/1652"}],"wp:attachment":[{"href":"https:\/\/www.lacuna-air.de\/index.php?rest_route=%2Fwp%2Fv2%2Fmedia&parent=1654"}],"wp:term":[{"taxonomy":"product_cat","embeddable":true,"href":"https:\/\/www.lacuna-air.de\/index.php?rest_route=%2Fwp%2Fv2%2Fproduct_cat&post=1654"},{"taxonomy":"product_tag","embeddable":true,"href":"https:\/\/www.lacuna-air.de\/index.php?rest_route=%2Fwp%2Fv2%2Fproduct_tag&post=1654"}],"curies":[{"name":"wp","href":"https:\/\/api.w.org\/{rel}","templated":true}]}}