{"id":1577,"date":"2018-09-24T14:12:01","date_gmt":"2018-09-24T14:12:01","guid":{"rendered":"http:\/\/luft-und-klimatechnik.lacuna-air.de\/?post_type=product&#038;p=1577"},"modified":"2018-09-25T07:22:13","modified_gmt":"2018-09-25T07:22:13","slug":"connect-63-luftverteilerkasten","status":"publish","type":"product","link":"https:\/\/www.lacuna-air.de\/?product=connect-63-luftverteilerkasten","title":{"rendered":"Connect 63 Luftverteilerkasten"},"content":{"rendered":"<h4>Das L\u00fcftungsrohrsystem CONNECT 63<\/h4>\n<p>Unser neues L\u00fcftungsrohrsystem Connect 63 ist f\u00fcr die Wohnrauml\u00fcftung konzipiert. Durch unser neu entwickeltes Stecksystem sparen Sie sich bei der Montage viel Zeit. Kein Schrauben und Abdichten mehr. Die Montage kann durch unseren flachen Aufbau von 80 mm in der Betondecke erfolgen. Eine Wand- oder Deckenmontage ist selbstverst\u00e4ndlich auch m\u00f6glich.<\/p>\n","protected":false},"excerpt":{"rendered":"<h4>Edelstahl TYP 16\/63<\/h4>\n<p>Hier k\u00f6nnen Sie bis zu 16 L\u00fcftungsrohre anschlie\u00dfen.<br \/>\nDer Hauptanschlu\u00dfstutzen hat einen Durchmesser von 160 mm mit Lippendichtung. Im Lieferumfang sind 6 Verschlussstopfen f\u00fcr nicht gebrauchte Anschl\u00fcsse enthalten.<\/p>\n<p>Ma\u00dfe: H 78 x B 200 x L 500 mm<\/p>\n<p>&nbsp;<\/p>\n","protected":false},"featured_media":1579,"template":"","meta":[],"product_cat":[66],"product_tag":[],"_links":{"self":[{"href":"https:\/\/www.lacuna-air.de\/index.php?rest_route=\/wp\/v2\/product\/1577"}],"collection":[{"href":"https:\/\/www.lacuna-air.de\/index.php?rest_route=\/wp\/v2\/product"}],"about":[{"href":"https:\/\/www.lacuna-air.de\/index.php?rest_route=\/wp\/v2\/types\/product"}],"wp:featuredmedia":[{"embeddable":true,"href":"https:\/\/www.lacuna-air.de\/index.php?rest_route=\/wp\/v2\/media\/1579"}],"wp:attachment":[{"href":"https:\/\/www.lacuna-air.de\/index.php?rest_route=%2Fwp%2Fv2%2Fmedia&parent=1577"}],"wp:term":[{"taxonomy":"product_cat","embeddable":true,"href":"https:\/\/www.lacuna-air.de\/index.php?rest_route=%2Fwp%2Fv2%2Fproduct_cat&post=1577"},{"taxonomy":"product_tag","embeddable":true,"href":"https:\/\/www.lacuna-air.de\/index.php?rest_route=%2Fwp%2Fv2%2Fproduct_tag&post=1577"}],"curies":[{"name":"wp","href":"https:\/\/api.w.org\/{rel}","templated":true}]}}