{"id":1560,"date":"2018-09-17T14:00:48","date_gmt":"2018-09-17T14:00:48","guid":{"rendered":"http:\/\/luft-und-klimatechnik.lacuna-air.de\/?post_type=product&#038;p=1560"},"modified":"2018-09-17T14:33:29","modified_gmt":"2018-09-17T14:33:29","slug":"dsav-wetterschutzgitter","status":"publish","type":"product","link":"https:\/\/www.lacuna-air.de\/?product=dsav-wetterschutzgitter","title":{"rendered":"DSAV Wetterschutzgitter"},"content":{"rendered":"<p><a href=\"http:\/\/luft-und-klimatechnik.lacuna-air.de\/wp-content\/uploads\/2018\/09\/dsav.pdf\"  target=\"_blanc\"><img loading=\"lazy\" class=\"alignnone size-full wp-image-1192 alignright\" src=\"http:\/\/luft-und-klimatechnik.lacuna-air.de\/wp-content\/uploads\/2018\/07\/dokumentation.jpg\" alt=\"\" width=\"79\" height=\"100\" \/><\/a><\/p>\n<p style=\"text-align: right;\"><a href=\"http:\/\/luft-und-klimatechnik.lacuna-air.de\/wp-content\/uploads\/2018\/09\/dsav.pdf\"  target=\"_blanc\"><strong>Produktdatenblatt<\/strong><\/a><\/p>\n<table class=\"type2col\">\n<tbody>\n<tr>\n<td>Material Gitter:<\/td>\n<td>Aluminium<\/td>\n<\/tr>\n<tr>\n<td>Material insektengitter:<\/td>\n<td>galvanisierter Stahl<\/td>\n<\/tr>\n<tr>\n<td>Maschenweite:<\/td>\n<td>2 oder 10 mm<\/td>\n<\/tr>\n<tr>\n<td>Durchmesserbereich:<\/td>\n<td>70 &#8211; 315 mm<\/td>\n<\/tr>\n<tr>\n<td>Aussehen:<\/td>\n<td>grau oder schwarz<\/td>\n<\/tr>\n<\/tbody>\n<\/table>\n","protected":false},"excerpt":{"rendered":"<p>Die\u00a0<b>DSAV Wetterschutzgitter<\/b>\u00a0mit Insektenschutz sind externes L\u00fcftungsgitter, die verwendet werden k\u00f6nnen f\u00fcr die Abdeckung von sowohl Einlass- und Auslass\u00f6ffnungen.<\/p>\n<h4>Produkteigenschaften<\/h4>\n<ul>\n<li class=\"double-arrow\">Mit rundem Anschlussstutzen<\/li>\n<li class=\"double-arrow\">Mit Lamellen und Fliegenschutzgitter ausgestattet<\/li>\n<li class=\"double-arrow\">Geeignet sowohl f\u00fcr Zu- und Abluft<\/li>\n<\/ul>\n<h4>Konstruktion<\/h4>\n<p>Das Gitter ist aus Aluminiumtruckguss. Das Wetterschutzgitter ist mit einem Insektenschutz (<b>Drahtabstand 2 mm<\/b>) ausgestattet. Es gibt auch eine Version mit einem gr\u00f6\u00dferen Drahtabstand (<b>10 mm<\/b>).<\/p>\n","protected":false},"featured_media":1562,"template":"","meta":[],"product_cat":[65,51],"product_tag":[],"_links":{"self":[{"href":"https:\/\/www.lacuna-air.de\/index.php?rest_route=\/wp\/v2\/product\/1560"}],"collection":[{"href":"https:\/\/www.lacuna-air.de\/index.php?rest_route=\/wp\/v2\/product"}],"about":[{"href":"https:\/\/www.lacuna-air.de\/index.php?rest_route=\/wp\/v2\/types\/product"}],"wp:featuredmedia":[{"embeddable":true,"href":"https:\/\/www.lacuna-air.de\/index.php?rest_route=\/wp\/v2\/media\/1562"}],"wp:attachment":[{"href":"https:\/\/www.lacuna-air.de\/index.php?rest_route=%2Fwp%2Fv2%2Fmedia&parent=1560"}],"wp:term":[{"taxonomy":"product_cat","embeddable":true,"href":"https:\/\/www.lacuna-air.de\/index.php?rest_route=%2Fwp%2Fv2%2Fproduct_cat&post=1560"},{"taxonomy":"product_tag","embeddable":true,"href":"https:\/\/www.lacuna-air.de\/index.php?rest_route=%2Fwp%2Fv2%2Fproduct_tag&post=1560"}],"curies":[{"name":"wp","href":"https:\/\/api.w.org\/{rel}","templated":true}]}}