{"id":1556,"date":"2018-09-17T13:57:27","date_gmt":"2018-09-17T13:57:27","guid":{"rendered":"http:\/\/luft-und-klimatechnik.lacuna-air.de\/?post_type=product&#038;p=1556"},"modified":"2018-09-17T14:33:47","modified_gmt":"2018-09-17T14:33:47","slug":"dbr-schutzgitter","status":"publish","type":"product","link":"https:\/\/www.lacuna-air.de\/?product=dbr-schutzgitter","title":{"rendered":"DBR Schutzgitter"},"content":{"rendered":"<p><a href=\"http:\/\/luft-und-klimatechnik.lacuna-air.de\/wp-content\/uploads\/2018\/09\/dbr.pdf\"  target=\"_blanc\"><img loading=\"lazy\" class=\"alignnone size-full wp-image-1192 alignright\" src=\"http:\/\/luft-und-klimatechnik.lacuna-air.de\/wp-content\/uploads\/2018\/07\/dokumentation.jpg\" alt=\"\" width=\"79\" height=\"100\" \/><\/a><\/p>\n<p style=\"text-align: right;\"><a href=\"http:\/\/luft-und-klimatechnik.lacuna-air.de\/wp-content\/uploads\/2018\/09\/dbr.pdf\"  target=\"_blanc\"><strong>Produktdatenblatt<\/strong><\/a><\/p>\n<table class=\"type2col\">\n<tbody>\n<tr>\n<td>Material Gitter:<\/td>\n<td>verchromter Stahldraht<\/td>\n<\/tr>\n<tr>\n<td>Durchmesserbereich:<\/td>\n<td>100-400 mm<\/td>\n<\/tr>\n<tr>\n<td>Aussehen:<\/td>\n<td>verchromt<\/td>\n<\/tr>\n<\/tbody>\n<\/table>\n","protected":false},"excerpt":{"rendered":"<p>Das\u00a0<b>DBR Schutzgitter<\/b>\u00a0ist ein Gitter, welches in Zu- und Abluft\u00f6ffnungen verwendet werden kann.<\/p>\n<p>Nach der\u00a0<b>DIN EN 294<\/b>\u00a0muss ein Ventilator mit einer feststehenden und trennenden Schutzeinrichtung versehen werden, falls die M\u00f6glichkeit besteht, dass sich bewegende Teile des Laufrades oder des Motors mit der Hand ber\u00fchren lassen (Ber\u00fchrungsschutz).<\/p>\n<h4>Produkteigenschaften<\/h4>\n<ul>\n<li class=\"double-arrow\">Geeignet sowohl f\u00fcr Zu- und Abluft<\/li>\n<\/ul>\n<h4>Konstruktion<\/h4>\n<p>Das Gitter ist hergestellt aus verchromtes Stahldraht.<\/p>\n","protected":false},"featured_media":1558,"template":"","meta":[],"product_cat":[65,51],"product_tag":[],"_links":{"self":[{"href":"https:\/\/www.lacuna-air.de\/index.php?rest_route=\/wp\/v2\/product\/1556"}],"collection":[{"href":"https:\/\/www.lacuna-air.de\/index.php?rest_route=\/wp\/v2\/product"}],"about":[{"href":"https:\/\/www.lacuna-air.de\/index.php?rest_route=\/wp\/v2\/types\/product"}],"wp:featuredmedia":[{"embeddable":true,"href":"https:\/\/www.lacuna-air.de\/index.php?rest_route=\/wp\/v2\/media\/1558"}],"wp:attachment":[{"href":"https:\/\/www.lacuna-air.de\/index.php?rest_route=%2Fwp%2Fv2%2Fmedia&parent=1556"}],"wp:term":[{"taxonomy":"product_cat","embeddable":true,"href":"https:\/\/www.lacuna-air.de\/index.php?rest_route=%2Fwp%2Fv2%2Fproduct_cat&post=1556"},{"taxonomy":"product_tag","embeddable":true,"href":"https:\/\/www.lacuna-air.de\/index.php?rest_route=%2Fwp%2Fv2%2Fproduct_tag&post=1556"}],"curies":[{"name":"wp","href":"https:\/\/api.w.org\/{rel}","templated":true}]}}