{"id":1538,"date":"2018-09-17T13:34:29","date_gmt":"2018-09-17T13:34:29","guid":{"rendered":"http:\/\/luft-und-klimatechnik.lacuna-air.de\/?post_type=product&#038;p=1538"},"modified":"2018-09-17T14:55:53","modified_gmt":"2018-09-17T14:55:53","slug":"d5-wetterschutzgitter","status":"publish","type":"product","link":"https:\/\/www.lacuna-air.de\/?product=d5-wetterschutzgitter","title":{"rendered":"D5 Wetterschutzgitter"},"content":{"rendered":"<p><a href=\"http:\/\/luft-und-klimatechnik.lacuna-air.de\/wp-content\/uploads\/2018\/09\/d5_d5g.pdf\" target=\"_blanc\"><img loading=\"lazy\" class=\"alignnone size-full wp-image-1192 alignright\" src=\"http:\/\/luft-und-klimatechnik.lacuna-air.de\/wp-content\/uploads\/2018\/07\/dokumentation.jpg\" alt=\"\" width=\"79\" height=\"100\" \/><\/a><\/p>\n<p style=\"text-align: right;\"><strong><a href=\"http:\/\/luft-und-klimatechnik.lacuna-air.de\/wp-content\/uploads\/2018\/09\/d5_d5g.pdf\" target=\"_blanc\">Produktdatenblatt<\/a><\/strong><\/p>\n<table class=\"type2col\">\n<tbody>\n<tr>\n<td>Material Gitter:<\/td>\n<td>Edelstahl (304\/2b)<\/td>\n<\/tr>\n<tr>\n<td>Material Dichtungsband:<\/td>\n<td>synthetischer Schaumstoff<\/td>\n<\/tr>\n<tr>\n<td>Durchmesserbereich:<\/td>\n<td>100-150 mm<\/td>\n<\/tr>\n<tr>\n<td>Aussehen:<\/td>\n<td>geb\u00fcrsteter Edelstahl<\/td>\n<\/tr>\n<\/tbody>\n<\/table>\n","protected":false},"excerpt":{"rendered":"<p>Der\u00a0<b>D5 Wetterschutzgitter<\/b>\u00a0mit beweglichen Leitschaufeln ist extrem solide und aus hochwertigem 304\/2B Edelstahl. Die beweglichen Leitschaufeln sind bei \u00dcberdruck ge\u00f6ffnet und helfen, den R\u00fcckschlag von Luft zu steuern und das Eindringen von Wasser zu verhindern.<\/p>\n<h4>Produkteigenschaften<\/h4>\n<ul>\n<li class=\"double-arrow\">Edelstahl-Konstruktion zur Wandmontage<\/li>\n<li class=\"double-arrow\">Mit rundem Anschlussstutzen<\/li>\n<li class=\"double-arrow\">Geeignet f\u00fcr Haushalts- und kommerzielle Abluftanwendungen<\/li>\n<\/ul>\n<h4>Konstruktion<\/h4>\n<p>Das Gitter ist aus rostfreiem Edelstahl (typ 304\/2b) hergestellt.<\/p>\n","protected":false},"featured_media":1541,"template":"","meta":[],"product_cat":[65,51],"product_tag":[],"_links":{"self":[{"href":"https:\/\/www.lacuna-air.de\/index.php?rest_route=\/wp\/v2\/product\/1538"}],"collection":[{"href":"https:\/\/www.lacuna-air.de\/index.php?rest_route=\/wp\/v2\/product"}],"about":[{"href":"https:\/\/www.lacuna-air.de\/index.php?rest_route=\/wp\/v2\/types\/product"}],"wp:featuredmedia":[{"embeddable":true,"href":"https:\/\/www.lacuna-air.de\/index.php?rest_route=\/wp\/v2\/media\/1541"}],"wp:attachment":[{"href":"https:\/\/www.lacuna-air.de\/index.php?rest_route=%2Fwp%2Fv2%2Fmedia&parent=1538"}],"wp:term":[{"taxonomy":"product_cat","embeddable":true,"href":"https:\/\/www.lacuna-air.de\/index.php?rest_route=%2Fwp%2Fv2%2Fproduct_cat&post=1538"},{"taxonomy":"product_tag","embeddable":true,"href":"https:\/\/www.lacuna-air.de\/index.php?rest_route=%2Fwp%2Fv2%2Fproduct_tag&post=1538"}],"curies":[{"name":"wp","href":"https:\/\/api.w.org\/{rel}","templated":true}]}}