{"id":1526,"date":"2018-09-17T11:20:25","date_gmt":"2018-09-17T11:20:25","guid":{"rendered":"http:\/\/luft-und-klimatechnik.lacuna-air.de\/?post_type=product&#038;p=1526"},"modified":"2018-09-17T14:40:54","modified_gmt":"2018-09-17T14:40:54","slug":"dvir-zuluftventil","status":"publish","type":"product","link":"https:\/\/www.lacuna-air.de\/?product=dvir-zuluftventil","title":{"rendered":"DVIR Zuluftventil"},"content":{"rendered":"<p><a href=\"http:\/\/luft-und-klimatechnik.lacuna-air.de\/wp-content\/uploads\/2018\/09\/dvir.pdf\" target=\"_blanc\"><img loading=\"lazy\" class=\"alignnone size-full wp-image-1192 alignright\" src=\"http:\/\/luft-und-klimatechnik.lacuna-air.de\/wp-content\/uploads\/2018\/07\/dokumentation.jpg\" alt=\"\" width=\"79\" height=\"100\" \/><\/a><\/p>\n<p style=\"text-align: right;\"><strong><a href=\"http:\/\/luft-und-klimatechnik.lacuna-air.de\/wp-content\/uploads\/2018\/09\/dvir.pdf\" target=\"_blanc\">Produktdatenblatt<\/a><\/strong><\/p>\n<table class=\"type2col\">\n<tbody>\n<tr>\n<td>Material Ventil:<\/td>\n<td>Edelstahlplatte<\/td>\n<\/tr>\n<tr>\n<td>Korrosionsschutz:<\/td>\n<td>n.a.<\/td>\n<\/tr>\n<tr>\n<td>Durchmesserbereich:<\/td>\n<td>100-125 mm<\/td>\n<\/tr>\n<tr>\n<td>Aussehen:<\/td>\n<td>geb\u00fcrsteter Edelstahl<\/td>\n<\/tr>\n<\/tbody>\n<\/table>\n","protected":false},"excerpt":{"rendered":"<p>Die Designventil\u00a0<b>DVIR<\/b>\u00a0st ein sehr leises Luftzufuhrventil f\u00fcr die Wandmontage. Das Ventil eignet sich f\u00fcr den Einsatz in kleineren R\u00e4umen wie B\u00fcros, H\u00e4usern und Hotelzimmern. Die Luft vom Ventil wird sorgf\u00e4ltig mit der Luft im Raum vermischt, so dass es eine zugfreie Lufterfrischung gibt. Der Luftstrom ist einstellbar.<\/p>\n<h4>Produkteigenschaften<\/h4>\n<ul>\n<li class=\"double-arrow\">Sehr niedrigen Ger\u00e4uschpegel<\/li>\n<li class=\"double-arrow\">Rasche und einfache Installation durch Klemmfedern<\/li>\n<li class=\"double-arrow\">Einfache Einstellung des Luftvolumenstromes<\/li>\n<li class=\"double-arrow\">Einfach zu messen Luftstr\u00f6mung<\/li>\n<\/ul>\n<h4>Einbau<\/h4>\n<p>Befestigung durch Clips in der Montagerahmen. Kann auch f\u00fcr den direkten Einbau in runde Kan\u00e4le (mit oder ohne Einbaurahmen) verwendet werden.<\/p>\n<h4>Konstruktion<\/h4>\n<p>Die\u00a0<b>DVIR<\/b>\u00a0ist aus einem pulverbeschichteten Stahlblech, welches eine hohe Oberfl\u00e4cheng\u00fcte und ein gute Schlagfestigkeit sowie Kratzbest\u00e4ndigkeit aufweist, hergestellt.<\/p>\n<p>Die Standardfarbe ist Wei\u00df (RAL 9010). Andere Farben auf Anfrage mit einer Mindestbestellmenge und unterschiedliche Lieferzeiten.<\/p>\n","protected":false},"featured_media":1528,"template":"","meta":[],"product_cat":[64,51],"product_tag":[],"_links":{"self":[{"href":"https:\/\/www.lacuna-air.de\/index.php?rest_route=\/wp\/v2\/product\/1526"}],"collection":[{"href":"https:\/\/www.lacuna-air.de\/index.php?rest_route=\/wp\/v2\/product"}],"about":[{"href":"https:\/\/www.lacuna-air.de\/index.php?rest_route=\/wp\/v2\/types\/product"}],"wp:featuredmedia":[{"embeddable":true,"href":"https:\/\/www.lacuna-air.de\/index.php?rest_route=\/wp\/v2\/media\/1528"}],"wp:attachment":[{"href":"https:\/\/www.lacuna-air.de\/index.php?rest_route=%2Fwp%2Fv2%2Fmedia&parent=1526"}],"wp:term":[{"taxonomy":"product_cat","embeddable":true,"href":"https:\/\/www.lacuna-air.de\/index.php?rest_route=%2Fwp%2Fv2%2Fproduct_cat&post=1526"},{"taxonomy":"product_tag","embeddable":true,"href":"https:\/\/www.lacuna-air.de\/index.php?rest_route=%2Fwp%2Fv2%2Fproduct_tag&post=1526"}],"curies":[{"name":"wp","href":"https:\/\/api.w.org\/{rel}","templated":true}]}}