{"id":1522,"date":"2018-09-17T11:16:09","date_gmt":"2018-09-17T11:16:09","guid":{"rendered":"http:\/\/luft-und-klimatechnik.lacuna-air.de\/?post_type=product&#038;p=1522"},"modified":"2018-09-17T14:43:16","modified_gmt":"2018-09-17T14:43:16","slug":"dtvk-zuluftventil","status":"publish","type":"product","link":"https:\/\/www.lacuna-air.de\/?product=dtvk-zuluftventil","title":{"rendered":"DTVK Zuluftventil"},"content":{"rendered":"<p><a href=\"http:\/\/luft-und-klimatechnik.lacuna-air.de\/wp-content\/uploads\/2018\/09\/dtvk.pdf\" target=\"_blanc\"><img loading=\"lazy\" class=\"alignnone size-full wp-image-1192 alignright\" src=\"http:\/\/luft-und-klimatechnik.lacuna-air.de\/wp-content\/uploads\/2018\/07\/dokumentation.jpg\" alt=\"\" width=\"79\" height=\"100\" \/><\/a><\/p>\n<p style=\"text-align: right;\"><strong><a href=\"http:\/\/luft-und-klimatechnik.lacuna-air.de\/wp-content\/uploads\/2018\/09\/dtvk.pdf\" target=\"_blanc\">Produktdatenblatt<\/a><\/strong><\/p>\n<table class=\"type2col\">\n<tbody>\n<tr>\n<td>Material Ventil:<\/td>\n<td>galvanisiertes Stahlblech<\/td>\n<\/tr>\n<tr>\n<td>Korrosionsschutz:<\/td>\n<td>Pulverbeschichtung<\/td>\n<\/tr>\n<tr>\n<td>Durchmesserbereich:<\/td>\n<td>100-125 mm<\/td>\n<\/tr>\n<tr>\n<td>Aussehen:<\/td>\n<td>wei\u00df (ral 9010)<\/td>\n<\/tr>\n<\/tbody>\n<\/table>\n","protected":false},"excerpt":{"rendered":"<p>Die Designventil\u00a0<b>DTVK<\/b>\u00a0ist ein sehr ger\u00e4uscharmes Versorgungsluftventil, das f\u00fcr die Wandmontage bestimmt ist. Das Ventil ist verwendbar in kleinen Bereichen, wie B\u00fcros, H\u00e4user und in Hotelzimmern. Die Frischluft die vom Ventil geliefert wird, wird g\u00e4nzlich mit der Raumluft gemischt, da eine ungehinderte Luftzufuhr sicher gestellt ist. Der Luftauslass ist verstellbar.<\/p>\n<p>Das Design des\u00a0<b>DTVK<\/b>\u00a0setzt die Gefahr der Staubablagerungen herab, die sich auf der Wandoberfl\u00e4che bilden kann. Das Ventil ist einfach anzubringen und einfach sauber zu halten, da es gro\u00dfe, glatte Oberfl\u00e4chen besitzt. Das\u00a0<b>DTVK<\/b>\u00a0ist aus pulverbeschichtetem stahlblech angefertigt. Die Standardfarbe ist wei\u00df (RAL 9010).<\/p>\n<h4>Produkteigenschaften<\/h4>\n<ul>\n<li class=\"double-arrow\">Gute, zugfreie Durchmischung der Zuluft<\/li>\n<li class=\"double-arrow\">Messung und Einstellung des Luftvolumenstroms sowie die Reinigung des Kanals durch die leicht abnehmbare Frontabdeckung<\/li>\n<li class=\"double-arrow\">Anschlusstutzen zum direkten Anschluss von flexiblen Schl\u00e4uchen separat erh\u00e4ltlich<\/li>\n<li class=\"double-arrow\">Leicht zu reinigen<\/li>\n<\/ul>\n<h4>Konstruktion<\/h4>\n<p>Die\u00a0<b>DTVK<\/b>\u00a0Ventile sind aus einem pulverbeschichteten Stahlblech, welches eine hohe Oberfl\u00e4cheng\u00fcte und ein gute Schlagfestigkeit sowie Kratzbest\u00e4ndigkeit aufweist, hergestellt.<\/p>\n<p>Die Standardfarbe ist Wei\u00df (<b>RAL 9010<\/b>). Eine Version aus Edelstahl ist auf Anfrage mit einer Mindestbestellmenge und unterschiedliche Lieferzeiten.<\/p>\n","protected":false},"featured_media":1524,"template":"","meta":[],"product_cat":[64,51],"product_tag":[],"_links":{"self":[{"href":"https:\/\/www.lacuna-air.de\/index.php?rest_route=\/wp\/v2\/product\/1522"}],"collection":[{"href":"https:\/\/www.lacuna-air.de\/index.php?rest_route=\/wp\/v2\/product"}],"about":[{"href":"https:\/\/www.lacuna-air.de\/index.php?rest_route=\/wp\/v2\/types\/product"}],"wp:featuredmedia":[{"embeddable":true,"href":"https:\/\/www.lacuna-air.de\/index.php?rest_route=\/wp\/v2\/media\/1524"}],"wp:attachment":[{"href":"https:\/\/www.lacuna-air.de\/index.php?rest_route=%2Fwp%2Fv2%2Fmedia&parent=1522"}],"wp:term":[{"taxonomy":"product_cat","embeddable":true,"href":"https:\/\/www.lacuna-air.de\/index.php?rest_route=%2Fwp%2Fv2%2Fproduct_cat&post=1522"},{"taxonomy":"product_tag","embeddable":true,"href":"https:\/\/www.lacuna-air.de\/index.php?rest_route=%2Fwp%2Fv2%2Fproduct_tag&post=1522"}],"curies":[{"name":"wp","href":"https:\/\/api.w.org\/{rel}","templated":true}]}}