{"id":1514,"date":"2018-09-17T11:07:39","date_gmt":"2018-09-17T11:07:39","guid":{"rendered":"http:\/\/luft-und-klimatechnik.lacuna-air.de\/?post_type=product&#038;p=1514"},"modified":"2018-09-17T14:45:50","modified_gmt":"2018-09-17T14:45:50","slug":"dtqa-zuluftventil","status":"publish","type":"product","link":"https:\/\/www.lacuna-air.de\/?product=dtqa-zuluftventil","title":{"rendered":"DTQA Zuluftventil"},"content":{"rendered":"<p><a href=\"http:\/\/luft-und-klimatechnik.lacuna-air.de\/wp-content\/uploads\/2018\/09\/dtqa.pdf\" target=\"_blanc\"><img loading=\"lazy\" class=\"alignnone size-full wp-image-1192 alignright\" src=\"http:\/\/luft-und-klimatechnik.lacuna-air.de\/wp-content\/uploads\/2018\/07\/dokumentation.jpg\" alt=\"\" width=\"79\" height=\"100\" \/><\/a><\/p>\n<p style=\"text-align: right;\"><strong><a href=\"http:\/\/luft-und-klimatechnik.lacuna-air.de\/wp-content\/uploads\/2018\/09\/dtqa.pdf\" target=\"_blanc\">Produktdatenblatt<\/a><\/strong><\/p>\n<table class=\"type2col\">\n<tbody>\n<tr>\n<td>Material Ventil:<\/td>\n<td>galvanisiertes Stahlblech<\/td>\n<\/tr>\n<tr>\n<td>Korrosionsschutz:<\/td>\n<td>Pulverbeschichtung<\/td>\n<\/tr>\n<tr>\n<td>Durchmesserbereich:<\/td>\n<td>100-125 mm<\/td>\n<\/tr>\n<tr>\n<td>Aussehen:<\/td>\n<td>wei\u00df (ral 9010, matt 70)<\/td>\n<\/tr>\n<\/tbody>\n<\/table>\n","protected":false},"excerpt":{"rendered":"<p>Die Designventil\u00a0<b>DTQA<\/b>\u00a0ist ein sehr ger\u00e4uscharmer Luftauslass, der in die Wand, auch in die N\u00e4he der Decke eingebaut werden kann. Das Ventil eignet sich f\u00fcr Wohnh\u00e4user und andere R\u00e4ume mit geringen Luftvolumenstr\u00f6men, wo die Luftverteilung an der Wand erfolgt.<\/p>\n<p>Weil die Frontabdeckung des Luftauslasses leicht abnehmbar ist, sind die Messung und Einstellung des Luftvolumenstroms sowie die Reinigung des Kanals sehr einfach. Im Ventilk\u00f6rper des Luftauslasses befindet sich ein runder Anschlussstutzen, der mit einer Gummidichtlippe versehen ist.<\/p>\n<h4>Produkteigenschaften<\/h4>\n<ul>\n<li class=\"double-arrow\">Sehr niedrigen Ger\u00e4uschpegel<\/li>\n<li class=\"double-arrow\">Kann in der N\u00e4he der Decke installiert werden<\/li>\n<li class=\"double-arrow\">Messung und Einstellung des Luftvolumenstroms sowie die Reinigung des Kanals durch die leicht abnehmbare Frontabdeckung<\/li>\n<\/ul>\n<h4>Konstruktion<\/h4>\n<p>Der\u00a0<b>DTQA<\/b>\u00a0besteht aus feuerverzinktem Stahl (<b>SS 1151<\/b>) und erf\u00fcllt die Korrosionsanforderungen der Klasse C2 gem\u00e4\u00df\u00a0<b>SS-EN ISO 12944-2<\/b>. Das Ventil ist pulverbeschichtet, was eine hohe Oberfl\u00e4cheng\u00fcte und eine gute Schlag- und Kratzfestigkeit ergibt.<br \/>\nDie Standardfarbe ist Wei\u00df (RAL 9010, Glanzgrad 70). Andere Farben auf Anfrage mit einer Mindestbestellmenge und unterschiedliche Lieferzeiten.<\/p>\n","protected":false},"featured_media":1516,"template":"","meta":[],"product_cat":[64,51],"product_tag":[],"_links":{"self":[{"href":"https:\/\/www.lacuna-air.de\/index.php?rest_route=\/wp\/v2\/product\/1514"}],"collection":[{"href":"https:\/\/www.lacuna-air.de\/index.php?rest_route=\/wp\/v2\/product"}],"about":[{"href":"https:\/\/www.lacuna-air.de\/index.php?rest_route=\/wp\/v2\/types\/product"}],"wp:featuredmedia":[{"embeddable":true,"href":"https:\/\/www.lacuna-air.de\/index.php?rest_route=\/wp\/v2\/media\/1516"}],"wp:attachment":[{"href":"https:\/\/www.lacuna-air.de\/index.php?rest_route=%2Fwp%2Fv2%2Fmedia&parent=1514"}],"wp:term":[{"taxonomy":"product_cat","embeddable":true,"href":"https:\/\/www.lacuna-air.de\/index.php?rest_route=%2Fwp%2Fv2%2Fproduct_cat&post=1514"},{"taxonomy":"product_tag","embeddable":true,"href":"https:\/\/www.lacuna-air.de\/index.php?rest_route=%2Fwp%2Fv2%2Fproduct_tag&post=1514"}],"curies":[{"name":"wp","href":"https:\/\/api.w.org\/{rel}","templated":true}]}}