{"id":1510,"date":"2018-09-17T11:01:43","date_gmt":"2018-09-17T11:01:43","guid":{"rendered":"http:\/\/luft-und-klimatechnik.lacuna-air.de\/?post_type=product&#038;p=1510"},"modified":"2018-09-17T14:47:12","modified_gmt":"2018-09-17T14:47:12","slug":"dti-zuluftventil","status":"publish","type":"product","link":"https:\/\/www.lacuna-air.de\/?product=dti-zuluftventil","title":{"rendered":"DTI Zuluftventil"},"content":{"rendered":"<p><a href=\"http:\/\/luft-und-klimatechnik.lacuna-air.de\/wp-content\/uploads\/2018\/09\/dti.pdf\" target=\"_blanc\"><img loading=\"lazy\" class=\"alignnone size-full wp-image-1192 alignright\" src=\"http:\/\/luft-und-klimatechnik.lacuna-air.de\/wp-content\/uploads\/2018\/07\/dokumentation.jpg\" alt=\"\" width=\"79\" height=\"100\" \/><\/a><\/p>\n<p style=\"text-align: right;\"><strong><a href=\"http:\/\/luft-und-klimatechnik.lacuna-air.de\/wp-content\/uploads\/2018\/09\/dti.pdf\" target=\"_blanc\">Produktdatenblatt<\/a><\/strong><\/p>\n<p>&nbsp;<\/p>\n<table class=\"type2col\">\n<tbody>\n<tr>\n<td>Material Ventil:<\/td>\n<td>Stahlblech<\/td>\n<\/tr>\n<tr>\n<td>Korrosionsschutz:<\/td>\n<td>Pulverbeschichtung<\/td>\n<\/tr>\n<tr>\n<td>Durchmesserbereich:<\/td>\n<td>100-125 mm<\/td>\n<\/tr>\n<tr>\n<td>Aussehen:<\/td>\n<td>wei\u00df (ral 9010)<\/td>\n<\/tr>\n<\/tbody>\n<\/table>\n","protected":false},"excerpt":{"rendered":"<p>Die\u00a0<b>DTI<\/b>\u00a0ist ein Zuluftventil geeignet f\u00fcr H\u00e4user, B\u00fcros usw.<\/p>\n<p>&nbsp;<\/p>\n<h4>Produkteigenschaften<\/h4>\n<ul>\n<li class=\"double-arrow\">Hohe Ventilgeh\u00e4use zur Verbesserung der Luftstr\u00f6mung und weniger L\u00e4rm<\/li>\n<li class=\"double-arrow\">Schnelle, direkte Installation in den Kanal ohne Montagerahmen<\/li>\n<li class=\"double-arrow\">Gute luftdichte Verbindung zwischen Ventilgeh\u00e4use und Ventil<\/li>\n<li class=\"double-arrow\">Mit Sektorenlamellen regelbare Luftverteilung<\/li>\n<li class=\"double-arrow\">Kontrolle von variablen Volumenstrom mit einem Knopf<\/li>\n<\/ul>\n<h4>Konstruktion<\/h4>\n<p>Die\u00a0<b>DTI<\/b>\u00a0ist aus einem pulverbeschichteten Stahlblech, welches eine hohe Oberfl\u00e4cheng\u00fcte und ein gute Schlagfestigkeit sowie Kratzbest\u00e4ndigkeit aufweist, hergestellt.<br \/>\nDie Standardfarbe ist Wei\u00df (RAL 9010).<\/p>\n","protected":false},"featured_media":1511,"template":"","meta":[],"product_cat":[64,51],"product_tag":[],"_links":{"self":[{"href":"https:\/\/www.lacuna-air.de\/index.php?rest_route=\/wp\/v2\/product\/1510"}],"collection":[{"href":"https:\/\/www.lacuna-air.de\/index.php?rest_route=\/wp\/v2\/product"}],"about":[{"href":"https:\/\/www.lacuna-air.de\/index.php?rest_route=\/wp\/v2\/types\/product"}],"wp:featuredmedia":[{"embeddable":true,"href":"https:\/\/www.lacuna-air.de\/index.php?rest_route=\/wp\/v2\/media\/1511"}],"wp:attachment":[{"href":"https:\/\/www.lacuna-air.de\/index.php?rest_route=%2Fwp%2Fv2%2Fmedia&parent=1510"}],"wp:term":[{"taxonomy":"product_cat","embeddable":true,"href":"https:\/\/www.lacuna-air.de\/index.php?rest_route=%2Fwp%2Fv2%2Fproduct_cat&post=1510"},{"taxonomy":"product_tag","embeddable":true,"href":"https:\/\/www.lacuna-air.de\/index.php?rest_route=%2Fwp%2Fv2%2Fproduct_tag&post=1510"}],"curies":[{"name":"wp","href":"https:\/\/api.w.org\/{rel}","templated":true}]}}