{"id":1506,"date":"2018-09-17T10:55:02","date_gmt":"2018-09-17T10:55:02","guid":{"rendered":"http:\/\/luft-und-klimatechnik.lacuna-air.de\/?post_type=product&#038;p=1506"},"modified":"2018-09-17T14:49:50","modified_gmt":"2018-09-17T14:49:50","slug":"dqd-p-zuluftventil","status":"publish","type":"product","link":"https:\/\/www.lacuna-air.de\/?product=dqd-p-zuluftventil","title":{"rendered":"DQD-P Zuluftventil"},"content":{"rendered":"<p><a href=\"http:\/\/luft-und-klimatechnik.lacuna-air.de\/wp-content\/uploads\/2018\/09\/dqd_p.pdf\" target=\"_blanc\"><img loading=\"lazy\" class=\"alignnone size-full wp-image-1192 alignright\" src=\"http:\/\/luft-und-klimatechnik.lacuna-air.de\/wp-content\/uploads\/2018\/07\/dokumentation.jpg\" alt=\"\" width=\"79\" height=\"100\" \/><\/a><\/p>\n<p style=\"text-align: right;\"><strong><a href=\"http:\/\/luft-und-klimatechnik.lacuna-air.de\/wp-content\/uploads\/2018\/09\/dqd_p.pdf\" target=\"_blanc\">Produktdatenblatt<\/a><\/strong><\/p>\n<p>&nbsp;<\/p>\n<table class=\"type2col\">\n<tbody>\n<tr>\n<td>Material Ventil:<\/td>\n<td>Stahlblech<\/td>\n<\/tr>\n<tr>\n<td>Material Filter:<\/td>\n<td>Aluminium<\/td>\n<\/tr>\n<tr>\n<td>Korrosionsschutz:<\/td>\n<td>Pulverbeschichtung<\/td>\n<\/tr>\n<tr>\n<td>Durchmesserbereich:<\/td>\n<td>125 mm<\/td>\n<\/tr>\n<tr>\n<td>Aussehen:<\/td>\n<td>wei\u00df (ral 9010, matt 70)<\/td>\n<\/tr>\n<\/tbody>\n<\/table>\n","protected":false},"excerpt":{"rendered":"<p>Die Designventil\u00a0<b>DQD-P<\/b>\u00a0ist ein Design-Luftdurchla\u00df zur Verwendung als Zu- oder Abluftventil in L\u00fcftungssystemen. Alle Baugr\u00f6\u00dfen sind ausgestattet mit Rohranschlu\u00dfstutzen und integrierter, stufenlos einstellbarer Drosselblende zur Volumenstromregulierung.<br \/>\nZur Reduzierung der Verschmutzung in \/ aus dem Leitungssystem werden alle Luftdurchl\u00e4sse mit einem eingeschobenen, auswaschbaren Aluminum-Streckfilter geliefert.<\/p>\n<h4>Produkteigenschaften<\/h4>\n<ul>\n<li>Kann in der N\u00e4he der Decke installiert werden<\/li>\n<li class=\"double-arrow\">Sehr niedrigen Ger\u00e4uschpegel<\/li>\n<li class=\"double-arrow\">Messung und Einstellung des Luftvolumenstroms sowie die Reinigung des Kanals durch die leicht abnehmbare Frontabdeckung<\/li>\n<\/ul>\n<h4>Einbau<\/h4>\n<p>Die\u00a0<b>DQD-P<\/b>\u00a0Designblende ist auf der Befestigungsplatte mit zwei Magneten fixiert und kann daher stufenlos, leichte Unebenheiten zur Wand hin ausgleichen. Das Befestigungsmaterial ist im Lieferumfang enthalten.<\/p>\n<h4>Konstruktion<\/h4>\n<p>Die\u00a0<b>DQD-P<\/b>\u00a0ist aus einem pulverbeschichteten Stahlblech, welches eine hohe Oberfl\u00e4cheng\u00fcte und ein gute Schlagfestigkeit sowie Kratzbest\u00e4ndigkeit aufweist, hergestellt.<br \/>\nDie Standardfarbe ist Wei\u00df (RAL 9010, matt 70). Andere Farben auf Anfrage mit einer Mindestbestellmenge und unterschiedliche Lieferzeiten.<\/p>\n","protected":false},"featured_media":1508,"template":"","meta":[],"product_cat":[64,51],"product_tag":[],"_links":{"self":[{"href":"https:\/\/www.lacuna-air.de\/index.php?rest_route=\/wp\/v2\/product\/1506"}],"collection":[{"href":"https:\/\/www.lacuna-air.de\/index.php?rest_route=\/wp\/v2\/product"}],"about":[{"href":"https:\/\/www.lacuna-air.de\/index.php?rest_route=\/wp\/v2\/types\/product"}],"wp:featuredmedia":[{"embeddable":true,"href":"https:\/\/www.lacuna-air.de\/index.php?rest_route=\/wp\/v2\/media\/1508"}],"wp:attachment":[{"href":"https:\/\/www.lacuna-air.de\/index.php?rest_route=%2Fwp%2Fv2%2Fmedia&parent=1506"}],"wp:term":[{"taxonomy":"product_cat","embeddable":true,"href":"https:\/\/www.lacuna-air.de\/index.php?rest_route=%2Fwp%2Fv2%2Fproduct_cat&post=1506"},{"taxonomy":"product_tag","embeddable":true,"href":"https:\/\/www.lacuna-air.de\/index.php?rest_route=%2Fwp%2Fv2%2Fproduct_tag&post=1506"}],"curies":[{"name":"wp","href":"https:\/\/api.w.org\/{rel}","templated":true}]}}