{"id":1501,"date":"2018-09-17T10:42:57","date_gmt":"2018-09-17T10:42:57","guid":{"rendered":"http:\/\/luft-und-klimatechnik.lacuna-air.de\/?post_type=product&#038;p=1501"},"modified":"2018-09-17T14:51:16","modified_gmt":"2018-09-17T14:51:16","slug":"dld-p-zu-und-abluftventil","status":"publish","type":"product","link":"https:\/\/www.lacuna-air.de\/?product=dld-p-zu-und-abluftventil","title":{"rendered":"DLD-P Zu- und Abluftventil"},"content":{"rendered":"<p><a href=\"http:\/\/luft-und-klimatechnik.lacuna-air.de\/wp-content\/uploads\/2018\/09\/dld_p.pdf\" target=\"_blanc\"><img loading=\"lazy\" class=\"alignnone size-full wp-image-1192 alignright\" src=\"http:\/\/luft-und-klimatechnik.lacuna-air.de\/wp-content\/uploads\/2018\/07\/dokumentation.jpg\" alt=\"\" width=\"79\" height=\"100\" \/><\/a><\/p>\n<p style=\"text-align: right;\"><strong><a href=\"http:\/\/luft-und-klimatechnik.lacuna-air.de\/wp-content\/uploads\/2018\/09\/dld_p.pdf\" target=\"_blanc\">Produktdatenblatt<\/a><\/strong><\/p>\n<p>&nbsp;<\/p>\n<table class=\"type2col\">\n<tbody>\n<tr>\n<td>Material Ventil:<\/td>\n<td>Stahlblech<\/td>\n<\/tr>\n<tr>\n<td>Material Filter:<\/td>\n<td>Aluminium<\/td>\n<\/tr>\n<tr>\n<td>Korrosionsschutz:<\/td>\n<td>Pulverbeschichtung<\/td>\n<\/tr>\n<tr>\n<td>Durchmesserbereich:<\/td>\n<td>100-200 mm<\/td>\n<\/tr>\n<tr>\n<td>Aussehen:<\/td>\n<td>wei\u00df (ral 9010)<\/td>\n<\/tr>\n<\/tbody>\n<\/table>\n","protected":false},"excerpt":{"rendered":"<p>Die\u00a0<b>DLD-P<\/b>\u00a0ist ein Design-Luftdurchla\u00df zur Verwendung als Zu- oder Abluftventil in L\u00fcftungssystemen. Alle Baugr\u00f6\u00dfen sind ausgestattet mit Rohranschlu\u00dfstutzen und integrierter, stufenlos einstellbarer Drosselblende zur Volumenstromregulierung.<br \/>\nZur Reduzierung der Verschmutzung in\/aus dem Leitungssystem werden alle Luftdurchl\u00e4sse mit einem eingeschobenen, auswaschbaren Aluminum-Streckfilter geliefert.<\/p>\n<h4>Produkteigenschaften<\/h4>\n<p>\u2022 Integrierte stufenlos einstellbare Volumenregelung<br \/>\n\u2022 Anschlusstutzen zum direkten Anschluss von flexiblen Schl\u00e4uchen<br \/>\n\u2022 Messung und Einstellung des Luftvolumenstroms sowie die Reinigung des Kanals durch die leicht abnehmbare Frontabdeckung<br \/>\n\u2022 Waschbare Aluminiumfilter<\/p>\n<h4>Konstruktion<\/h4>\n<p>Die DLD-P ist aus einem pulverbeschichteten Stahlblech, welches eine hohe Oberfl\u00e4cheng\u00fcte und ein gute Schlagfestigkeit sowie Kratzbest\u00e4ndigkeit aufweist, hergestellt.<br \/>\nDie Standardfarbe ist Wei\u00df (RAL 9010). Eine Version aus Edelstahl ist auf Anfrage und unter anderen Lieferbedingungen erh\u00e4ltlich.<\/p>\n","protected":false},"featured_media":1502,"template":"","meta":[],"product_cat":[64,51],"product_tag":[],"_links":{"self":[{"href":"https:\/\/www.lacuna-air.de\/index.php?rest_route=\/wp\/v2\/product\/1501"}],"collection":[{"href":"https:\/\/www.lacuna-air.de\/index.php?rest_route=\/wp\/v2\/product"}],"about":[{"href":"https:\/\/www.lacuna-air.de\/index.php?rest_route=\/wp\/v2\/types\/product"}],"wp:featuredmedia":[{"embeddable":true,"href":"https:\/\/www.lacuna-air.de\/index.php?rest_route=\/wp\/v2\/media\/1502"}],"wp:attachment":[{"href":"https:\/\/www.lacuna-air.de\/index.php?rest_route=%2Fwp%2Fv2%2Fmedia&parent=1501"}],"wp:term":[{"taxonomy":"product_cat","embeddable":true,"href":"https:\/\/www.lacuna-air.de\/index.php?rest_route=%2Fwp%2Fv2%2Fproduct_cat&post=1501"},{"taxonomy":"product_tag","embeddable":true,"href":"https:\/\/www.lacuna-air.de\/index.php?rest_route=%2Fwp%2Fv2%2Fproduct_tag&post=1501"}],"curies":[{"name":"wp","href":"https:\/\/api.w.org\/{rel}","templated":true}]}}