{"id":1424,"date":"2018-07-20T09:48:52","date_gmt":"2018-07-20T09:48:52","guid":{"rendered":"http:\/\/luft-und-klimatechnik.lacuna-air.de\/?post_type=product&#038;p=1424"},"modified":"2018-07-20T09:51:12","modified_gmt":"2018-07-20T09:51:12","slug":"edelstahl-regelklappen-elektrisch-2","status":"publish","type":"product","link":"https:\/\/www.lacuna-air.de\/?product=edelstahl-regelklappen-elektrisch-2","title":{"rendered":"Edelstahl-Regelklappen elektrisch"},"content":{"rendered":"<p style=\"text-align: right;\"><a href=\"http:\/\/luft-und-klimatechnik.lacuna-air.de\/wp-content\/uploads\/2018\/07\/REGELKLAPPEN_O175-O800_MANUELL_PNEUMATISCH_ELECTRISCH.pdf\" target=\"_blanc\"><strong>Produktdatenblatt<\/strong><img loading=\"lazy\" class=\"size-full wp-image-1192 alignright\" src=\"http:\/\/luft-und-klimatechnik.lacuna-air.de\/wp-content\/uploads\/2018\/07\/dokumentation.jpg\" alt=\"\" width=\"79\" height=\"100\" \/><\/a><\/p>\n<p>&nbsp;<\/p>\n<p>&nbsp;<\/p>\n<p>&nbsp;<\/p>\n","protected":false},"excerpt":{"rendered":"<ul>\n<li>Durchmesser: \u00f8175 &#8211; \u00f8450 mm.<\/li>\n<\/ul>\n<p><strong>Generell<\/strong><\/p>\n<p>Regelklappen werden aus 0,80 mm Stahlblech mit Klappe aus doppeltem Stahlblech gefertigt.<\/p>\n<p>Verf\u00fcgbar mit Dichtung aus Naturgummi. Maximale Schlie\u00dfung 96%.<\/p>\n<p>&nbsp;<\/p>\n<p><strong>Mit elektrischem Bet\u00e4tigungsger\u00e4t<\/strong><\/p>\n<p>Klappe mit Stellmotor, Ansteuerung durch Umschalter.<br \/>\nR\u00fcckmelder zur Anzeige der Klappenstellung als optionales Zubeh\u00f6r erh\u00e4ltlich.<br \/>\nAnschlusswerte: 230 V AC &#8211; 50 Hz oder 24 V DC.<\/p>\n<p>&nbsp;<\/p>\n","protected":false},"featured_media":1425,"template":"","meta":[],"product_cat":[55,62],"product_tag":[],"_links":{"self":[{"href":"https:\/\/www.lacuna-air.de\/index.php?rest_route=\/wp\/v2\/product\/1424"}],"collection":[{"href":"https:\/\/www.lacuna-air.de\/index.php?rest_route=\/wp\/v2\/product"}],"about":[{"href":"https:\/\/www.lacuna-air.de\/index.php?rest_route=\/wp\/v2\/types\/product"}],"wp:featuredmedia":[{"embeddable":true,"href":"https:\/\/www.lacuna-air.de\/index.php?rest_route=\/wp\/v2\/media\/1425"}],"wp:attachment":[{"href":"https:\/\/www.lacuna-air.de\/index.php?rest_route=%2Fwp%2Fv2%2Fmedia&parent=1424"}],"wp:term":[{"taxonomy":"product_cat","embeddable":true,"href":"https:\/\/www.lacuna-air.de\/index.php?rest_route=%2Fwp%2Fv2%2Fproduct_cat&post=1424"},{"taxonomy":"product_tag","embeddable":true,"href":"https:\/\/www.lacuna-air.de\/index.php?rest_route=%2Fwp%2Fv2%2Fproduct_tag&post=1424"}],"curies":[{"name":"wp","href":"https:\/\/api.w.org\/{rel}","templated":true}]}}