{"id":1417,"date":"2018-07-20T09:37:52","date_gmt":"2018-07-20T09:37:52","guid":{"rendered":"http:\/\/luft-und-klimatechnik.lacuna-air.de\/?post_type=product&#038;p=1417"},"modified":"2018-07-20T09:39:36","modified_gmt":"2018-07-20T09:39:36","slug":"edelstahl-regelklappen-pneumatisch","status":"publish","type":"product","link":"https:\/\/www.lacuna-air.de\/?product=edelstahl-regelklappen-pneumatisch","title":{"rendered":"Edelstahl-Regelklappen pneumatisch"},"content":{"rendered":"<p style=\"text-align: right;\"><a href=\"http:\/\/luft-und-klimatechnik.lacuna-air.de\/wp-content\/uploads\/2018\/07\/REGELKLAPPEN_O80-O160_MANUELL_PNEUMATISCH_ELECTRISCH.pdf\" target=\"_blanc\"><strong>Produktdatenblatt<\/strong><img loading=\"lazy\" class=\"size-full wp-image-1192 alignright\" src=\"http:\/\/luft-und-klimatechnik.lacuna-air.de\/wp-content\/uploads\/2018\/07\/dokumentation.jpg\" alt=\"\" width=\"79\" height=\"100\" \/><\/a><\/p>\n<p>&nbsp;<\/p>\n<p>&nbsp;<\/p>\n<p>&nbsp;<\/p>\n","protected":false},"excerpt":{"rendered":"<ul>\n<li>Durchmesser: \u00f880 &#8211; \u00f8150 mm.<\/li>\n<\/ul>\n<p><strong>Generell<\/strong><\/p>\n<p>Regelklappen werden aus 0,80 mm Stahlblech mit Klappe aus doppeltem Stahlblech gefertigt.<\/p>\n<p>Der Regelhandgriff zeigt die Klappenstellung an, die sich stufenlos zwischen offen und geschlossen einstellen l\u00e4sst.<br \/>\nVerf\u00fcgbar mit Dichtung aus Naturgummi. Maximale Schlie\u00dfung 96%.<\/p>\n<p><strong>Mit pneumatischem Bet\u00e4tigungsger\u00e4t <\/strong><\/p>\n<p>Die Regelklappe wird pneumatisch bet\u00e4tigt und durch ein elektrisches Ventil gesteuert.<br \/>\nMagnetventil: monostabiles 5\/2 Ventil mit 1 x 230 V AC &#8211; 50\/60 Hz elektrischer Spule oder 24 V DC.<br \/>\nPneumatischer Druck: 4-6 Bar. R\u00fcckmelder zur Anzeige der Klappenstellung als optionales Zubeh\u00f6r verf\u00fcgbar.<\/p>\n","protected":false},"featured_media":1415,"template":"","meta":[],"product_cat":[55,62],"product_tag":[],"_links":{"self":[{"href":"https:\/\/www.lacuna-air.de\/index.php?rest_route=\/wp\/v2\/product\/1417"}],"collection":[{"href":"https:\/\/www.lacuna-air.de\/index.php?rest_route=\/wp\/v2\/product"}],"about":[{"href":"https:\/\/www.lacuna-air.de\/index.php?rest_route=\/wp\/v2\/types\/product"}],"wp:featuredmedia":[{"embeddable":true,"href":"https:\/\/www.lacuna-air.de\/index.php?rest_route=\/wp\/v2\/media\/1415"}],"wp:attachment":[{"href":"https:\/\/www.lacuna-air.de\/index.php?rest_route=%2Fwp%2Fv2%2Fmedia&parent=1417"}],"wp:term":[{"taxonomy":"product_cat","embeddable":true,"href":"https:\/\/www.lacuna-air.de\/index.php?rest_route=%2Fwp%2Fv2%2Fproduct_cat&post=1417"},{"taxonomy":"product_tag","embeddable":true,"href":"https:\/\/www.lacuna-air.de\/index.php?rest_route=%2Fwp%2Fv2%2Fproduct_tag&post=1417"}],"curies":[{"name":"wp","href":"https:\/\/api.w.org\/{rel}","templated":true}]}}