{"id":1380,"date":"2018-07-19T13:47:02","date_gmt":"2018-07-19T13:47:02","guid":{"rendered":"http:\/\/luft-und-klimatechnik.lacuna-air.de\/?post_type=product&#038;p=1380"},"modified":"2018-07-19T13:52:31","modified_gmt":"2018-07-19T13:52:31","slug":"gepresster-edelstahl-rohrbogen","status":"publish","type":"product","link":"https:\/\/www.lacuna-air.de\/?product=gepresster-edelstahl-rohrbogen","title":{"rendered":"Gepresster Edelstahl-Rohrbogen"},"content":{"rendered":"<p style=\"text-align: right;\"><a href=\"http:\/\/luft-und-klimatechnik.lacuna-air.de\/wp-content\/uploads\/2018\/07\/GEPRESSTE_ROHRBOGEN.pdf\" target=\"_blanc\"><img loading=\"lazy\" class=\"size-full wp-image-1192 alignright\" src=\"http:\/\/luft-und-klimatechnik.lacuna-air.de\/wp-content\/uploads\/2018\/07\/dokumentation.jpg\" alt=\"\" width=\"79\" height=\"100\" \/><strong>Produktdatenblatt<\/strong><\/a><\/p>\n<p>&nbsp;<\/p>\n<p>&nbsp;<\/p>\n<p>&nbsp;<\/p>\n","protected":false},"excerpt":{"rendered":"<ul>\n<li>Durchmesser: \u00f880 \u2013 \u00f8200 mm<\/li>\n<li>gepresst<\/li>\n<\/ul>\n<p>\u00f880 &#8211; \u00f8150 mm sind aus 1,00 mm Blech, \u00f8200 mm ist aus 1,50 mm Blech hergestellt.<\/p>\n","protected":false},"featured_media":1381,"template":"","meta":[],"product_cat":[55,62],"product_tag":[],"_links":{"self":[{"href":"https:\/\/www.lacuna-air.de\/index.php?rest_route=\/wp\/v2\/product\/1380"}],"collection":[{"href":"https:\/\/www.lacuna-air.de\/index.php?rest_route=\/wp\/v2\/product"}],"about":[{"href":"https:\/\/www.lacuna-air.de\/index.php?rest_route=\/wp\/v2\/types\/product"}],"wp:featuredmedia":[{"embeddable":true,"href":"https:\/\/www.lacuna-air.de\/index.php?rest_route=\/wp\/v2\/media\/1381"}],"wp:attachment":[{"href":"https:\/\/www.lacuna-air.de\/index.php?rest_route=%2Fwp%2Fv2%2Fmedia&parent=1380"}],"wp:term":[{"taxonomy":"product_cat","embeddable":true,"href":"https:\/\/www.lacuna-air.de\/index.php?rest_route=%2Fwp%2Fv2%2Fproduct_cat&post=1380"},{"taxonomy":"product_tag","embeddable":true,"href":"https:\/\/www.lacuna-air.de\/index.php?rest_route=%2Fwp%2Fv2%2Fproduct_tag&post=1380"}],"curies":[{"name":"wp","href":"https:\/\/api.w.org\/{rel}","templated":true}]}}