{"id":1374,"date":"2018-07-19T13:37:45","date_gmt":"2018-07-19T13:37:45","guid":{"rendered":"http:\/\/luft-und-klimatechnik.lacuna-air.de\/?post_type=product&#038;p=1374"},"modified":"2018-07-19T13:46:35","modified_gmt":"2018-07-19T13:46:35","slug":"edelstahl-rohr-mit-schauklappe","status":"publish","type":"product","link":"https:\/\/www.lacuna-air.de\/?product=edelstahl-rohr-mit-schauklappe","title":{"rendered":"Edelstahl-Rohr mit Stutzen"},"content":{"rendered":"<p style=\"text-align: right;\"><a href=\"http:\/\/luft-und-klimatechnik.lacuna-air.de\/wp-content\/uploads\/2018\/07\/ROHRE_MIT_REINIGUNGSSTUTZEN-1.pdf\" target=\"_blanc\"><strong>Produktdatenblatt<\/strong><img loading=\"lazy\" class=\"size-full wp-image-1192 alignright\" src=\"http:\/\/luft-und-klimatechnik.lacuna-air.de\/wp-content\/uploads\/2018\/07\/dokumentation.jpg\" alt=\"\" width=\"79\" height=\"100\" \/><\/a><\/p>\n<p>&nbsp;<\/p>\n<p>&nbsp;<\/p>\n<p>&nbsp;<\/p>\n","protected":false},"excerpt":{"rendered":"<ul>\n<li>Durchmesser: \u00f8100 &#8211; \u00f8400 mm<\/li>\n<\/ul>\n<p>PVC-Deckel l\u00e4sst sich leicht aufsetzen und entfernen. Alle Reinigungsstutzen haben eine \u00d6ffnung mit \u00f8100 mm.<\/p>\n","protected":false},"featured_media":1379,"template":"","meta":[],"product_cat":[55,62],"product_tag":[],"_links":{"self":[{"href":"https:\/\/www.lacuna-air.de\/index.php?rest_route=\/wp\/v2\/product\/1374"}],"collection":[{"href":"https:\/\/www.lacuna-air.de\/index.php?rest_route=\/wp\/v2\/product"}],"about":[{"href":"https:\/\/www.lacuna-air.de\/index.php?rest_route=\/wp\/v2\/types\/product"}],"wp:featuredmedia":[{"embeddable":true,"href":"https:\/\/www.lacuna-air.de\/index.php?rest_route=\/wp\/v2\/media\/1379"}],"wp:attachment":[{"href":"https:\/\/www.lacuna-air.de\/index.php?rest_route=%2Fwp%2Fv2%2Fmedia&parent=1374"}],"wp:term":[{"taxonomy":"product_cat","embeddable":true,"href":"https:\/\/www.lacuna-air.de\/index.php?rest_route=%2Fwp%2Fv2%2Fproduct_cat&post=1374"},{"taxonomy":"product_tag","embeddable":true,"href":"https:\/\/www.lacuna-air.de\/index.php?rest_route=%2Fwp%2Fv2%2Fproduct_tag&post=1374"}],"curies":[{"name":"wp","href":"https:\/\/api.w.org\/{rel}","templated":true}]}}