{"id":1365,"date":"2018-07-19T13:07:51","date_gmt":"2018-07-19T13:07:51","guid":{"rendered":"http:\/\/luft-und-klimatechnik.lacuna-air.de\/?post_type=product&#038;p=1365"},"modified":"2018-07-20T10:03:47","modified_gmt":"2018-07-20T10:03:47","slug":"schnellverschluss-spannringe-mit-bolzen","status":"publish","type":"product","link":"https:\/\/www.lacuna-air.de\/?product=schnellverschluss-spannringe-mit-bolzen","title":{"rendered":"Schnellverschluss-Spannring mit Bolzen"},"content":{"rendered":"<p style=\"text-align: right;\"><strong>Produktdatenblatt\u00a0<\/strong><a href=\"http:\/\/luft-und-klimatechnik.lacuna-air.de\/wp-content\/uploads\/2018\/07\/SCHNELLVERSCHLUSS_SPANNRINGE.pdf\" target=\"_blanc\"><img loading=\"lazy\" class=\"size-full wp-image-1192 alignright\" src=\"http:\/\/luft-und-klimatechnik.lacuna-air.de\/wp-content\/uploads\/2018\/07\/dokumentation.jpg\" alt=\"\" width=\"79\" height=\"100\" \/><\/a><\/p>\n<p>&nbsp;<\/p>\n<p>&nbsp;<\/p>\n<p>&nbsp;<\/p>\n","protected":false},"excerpt":{"rendered":"<ul>\n<li>Durchmesser: \u00f8425\u2013 \u00f8800 mm<\/li>\n<li>in 2-3mm Rohrsysteme<\/li>\n<li>verzinkt,\u00a0Spannringe sind elektroverzinkt.<\/li>\n<\/ul>\n<p>Schnellverschluss-Spannringe werden f\u00fcr schnelle und dichte Verkopplung von Rohrsystemen verwendet.<br \/>\nDer Schnellverschluss-Spannring ist mit einer Einlage versehen, die au\u00dfer einer staubdichten Verbindung auch eine stabile St\u00e4rke im Rohrsystem gibt und eine elektrische Leitung in der Verbindung sichert.<br \/>\nF\u00fcr 2 und 3 mm Rohrsystem wird der Schnellverschluss-Spannring mit einer Einlage versehen, die eine gr\u00f6\u00dfere Materialst\u00e4rke erlaubt.<\/p>\n<p>F\u00fcr Temperaturen, die h\u00f6her als 80\u00b0C sind, muss eine Silikoneinlage verwendet werden, die Temperaturen bis zu 275\u00b0C vertr\u00e4gt.<\/p>\n<p>Der Handgriff ist verl\u00e4ngert und in kr\u00e4ftigem Material gefertigt, so dass der Schnellverschluss-Spannring handbet\u00e4tigt werden kann.<br \/>\nDie schwere Feder aus Stahl sichert eine hohe Qualit\u00e4t und Langlebigkeit der \u00d6ffnungs-\/Schlie\u00df-Vorrichtung.<\/p>\n<p>Wird st\u00fcckweise mit Bolzen geliefert.<\/p>\n","protected":false},"featured_media":1366,"template":"","meta":[],"product_cat":[55,58],"product_tag":[],"_links":{"self":[{"href":"https:\/\/www.lacuna-air.de\/index.php?rest_route=\/wp\/v2\/product\/1365"}],"collection":[{"href":"https:\/\/www.lacuna-air.de\/index.php?rest_route=\/wp\/v2\/product"}],"about":[{"href":"https:\/\/www.lacuna-air.de\/index.php?rest_route=\/wp\/v2\/types\/product"}],"wp:featuredmedia":[{"embeddable":true,"href":"https:\/\/www.lacuna-air.de\/index.php?rest_route=\/wp\/v2\/media\/1366"}],"wp:attachment":[{"href":"https:\/\/www.lacuna-air.de\/index.php?rest_route=%2Fwp%2Fv2%2Fmedia&parent=1365"}],"wp:term":[{"taxonomy":"product_cat","embeddable":true,"href":"https:\/\/www.lacuna-air.de\/index.php?rest_route=%2Fwp%2Fv2%2Fproduct_cat&post=1365"},{"taxonomy":"product_tag","embeddable":true,"href":"https:\/\/www.lacuna-air.de\/index.php?rest_route=%2Fwp%2Fv2%2Fproduct_tag&post=1365"}],"curies":[{"name":"wp","href":"https:\/\/api.w.org\/{rel}","templated":true}]}}