{"id":1362,"date":"2018-07-19T09:20:05","date_gmt":"2018-07-19T09:20:05","guid":{"rendered":"http:\/\/luft-und-klimatechnik.lacuna-air.de\/?post_type=product&#038;p=1362"},"modified":"2018-07-20T10:04:07","modified_gmt":"2018-07-20T10:04:07","slug":"schnellverschluss-spannringe-verzinkt","status":"publish","type":"product","link":"https:\/\/www.lacuna-air.de\/?product=schnellverschluss-spannringe-verzinkt","title":{"rendered":"Schnellverschluss-Spannring"},"content":{"rendered":"<p style=\"text-align: right;\"><strong>Produktdatenblatt\u00a0<\/strong><a href=\"http:\/\/luft-und-klimatechnik.lacuna-air.de\/wp-content\/uploads\/2018\/07\/SCHNELLVERSCHLUSS_SPANNRINGE.pdf\" target=\"_blanc\"><img loading=\"lazy\" class=\"size-full wp-image-1192 alignright\" src=\"http:\/\/luft-und-klimatechnik.lacuna-air.de\/wp-content\/uploads\/2018\/07\/dokumentation.jpg\" alt=\"\" width=\"79\" height=\"100\" \/><\/a><\/p>\n<p>&nbsp;<\/p>\n<p>&nbsp;<\/p>\n<p>&nbsp;<\/p>\n","protected":false},"excerpt":{"rendered":"<p><strong>mit Scharnier und Hebel<\/strong><\/p>\n<ul>\n<li>Durchmesser: \u00f880 \u2013 \u00f8400 mm<\/li>\n<li>auch f\u00fcr 2-3mm Rohrsysteme<\/li>\n<li>verzinkt,\u00a0Spannringe sind elektroverzinkt.<\/li>\n<\/ul>\n<p>Schnellverschluss-Spannringe werden f\u00fcr schnelle und dichte Verkopplung von Rohrsystemen verwendet. Der Schnellverschluss-Spannring ist mit einer Einlage versehen, die au\u00dfer einer staubdichten Verbindung auch eine stabile St\u00e4rke im Rohrsystem gibt und eine elektrische Leitung in der Verbindung sichert. F\u00fcr 2 und 3 mm Rohrsystem wird das Produkt mit einer Einlage versehen, die eine gr\u00f6\u00dfere Materialst\u00e4rke erlaubt.<\/p>\n<p>F\u00fcr Temperaturen, die h\u00f6her als 80\u00b0C sind, muss eine Silikoneinlage verwendet werden, die Temperaturen bis zu 275\u00b0C vertr\u00e4gt.<\/p>\n<p>Der verl\u00e4ngerte Handgriff ist in kr\u00e4ftigem Material f\u00fcr eine manuelle Bedienung gefertigt. Die schwere Feder aus Stahl sichert eine hohe Qualit\u00e4t und Langlebigkeit der \u00d6ffnungs-\/Schlie\u00df-Vorrichtung.<\/p>\n<p>Wird st\u00fcckweise geliefert.<\/p>\n","protected":false},"featured_media":1364,"template":"","meta":[],"product_cat":[55,58],"product_tag":[],"_links":{"self":[{"href":"https:\/\/www.lacuna-air.de\/index.php?rest_route=\/wp\/v2\/product\/1362"}],"collection":[{"href":"https:\/\/www.lacuna-air.de\/index.php?rest_route=\/wp\/v2\/product"}],"about":[{"href":"https:\/\/www.lacuna-air.de\/index.php?rest_route=\/wp\/v2\/types\/product"}],"wp:featuredmedia":[{"embeddable":true,"href":"https:\/\/www.lacuna-air.de\/index.php?rest_route=\/wp\/v2\/media\/1364"}],"wp:attachment":[{"href":"https:\/\/www.lacuna-air.de\/index.php?rest_route=%2Fwp%2Fv2%2Fmedia&parent=1362"}],"wp:term":[{"taxonomy":"product_cat","embeddable":true,"href":"https:\/\/www.lacuna-air.de\/index.php?rest_route=%2Fwp%2Fv2%2Fproduct_cat&post=1362"},{"taxonomy":"product_tag","embeddable":true,"href":"https:\/\/www.lacuna-air.de\/index.php?rest_route=%2Fwp%2Fv2%2Fproduct_tag&post=1362"}],"curies":[{"name":"wp","href":"https:\/\/api.w.org\/{rel}","templated":true}]}}