{"id":1358,"date":"2018-07-19T09:05:52","date_gmt":"2018-07-19T09:05:52","guid":{"rendered":"http:\/\/luft-und-klimatechnik.lacuna-air.de\/?post_type=product&#038;p=1358"},"modified":"2018-07-20T10:06:10","modified_gmt":"2018-07-20T10:06:10","slug":"gummidichtring","status":"publish","type":"product","link":"https:\/\/www.lacuna-air.de\/?product=gummidichtring","title":{"rendered":"Gummidichtring"},"content":{"rendered":"<p style=\"text-align: right;\"><strong>Produktdatenblatt\u00a0<\/strong><a href=\"http:\/\/luft-und-klimatechnik.lacuna-air.de\/wp-content\/uploads\/2018\/07\/GUMMIDICHTRING.pdf\" target=\"_blanc\"><img loading=\"lazy\" class=\"size-full wp-image-1192 alignright\" src=\"http:\/\/luft-und-klimatechnik.lacuna-air.de\/wp-content\/uploads\/2018\/07\/dokumentation.jpg\" alt=\"\" width=\"79\" height=\"100\" \/><\/a><\/p>\n<p>&nbsp;<\/p>\n<p>&nbsp;<\/p>\n<p>&nbsp;<\/p>\n","protected":false},"excerpt":{"rendered":"<ul>\n<li>Durchmesser: \u00f880 \u2013 \u00f8300 mm<\/li>\n<li>Gummiring aus EPDM Gummi hergestellt<\/li>\n<\/ul>\n<p>Gummidichtringe\u00a0 werden bei f.b.-Verbindungen verwendet, um die Dichtigkeit zu verbessern.<br \/>\nNur ein Gummidichtring wird bei jeder Verbindung montiert. Der Gummidichtring wird willk\u00fcrlich auf eine f.b-Kante vor die Verbindung von Rohrteilen montiert.<\/p>\n<p>Der Querschnitt eines Gummidichtringes ist U-f\u00f6rmig.<\/p>\n<p>Die H\u00e4rte betr\u00e4gt 80 Shore und die Arbeitstemperatur \u201340\u00b0C bis +100\u00b0C.<br \/>\nEntsprechende Durchmesser bei Gummidichtringen k\u00f6nnen aus NITRIL-Gummi geliefert werden.<br \/>\nDie H\u00e4rte ist 80 Shore und Arbeitstemperatur \u201315\u00b0C bis +80\u00b0C.<br \/>\nNITRIL-Gummi ist \u00f6l- und benzinbest\u00e4ndig und bis zu einem gewissen Grade s\u00e4ure- und basenbest\u00e4ndig.<\/p>\n<p>Werden in Kunststoffbeuteln \u00e1 10 St\u00fcck geliefert.<\/p>\n","protected":false},"featured_media":1359,"template":"","meta":[],"product_cat":[55,58],"product_tag":[],"_links":{"self":[{"href":"https:\/\/www.lacuna-air.de\/index.php?rest_route=\/wp\/v2\/product\/1358"}],"collection":[{"href":"https:\/\/www.lacuna-air.de\/index.php?rest_route=\/wp\/v2\/product"}],"about":[{"href":"https:\/\/www.lacuna-air.de\/index.php?rest_route=\/wp\/v2\/types\/product"}],"wp:featuredmedia":[{"embeddable":true,"href":"https:\/\/www.lacuna-air.de\/index.php?rest_route=\/wp\/v2\/media\/1359"}],"wp:attachment":[{"href":"https:\/\/www.lacuna-air.de\/index.php?rest_route=%2Fwp%2Fv2%2Fmedia&parent=1358"}],"wp:term":[{"taxonomy":"product_cat","embeddable":true,"href":"https:\/\/www.lacuna-air.de\/index.php?rest_route=%2Fwp%2Fv2%2Fproduct_cat&post=1358"},{"taxonomy":"product_tag","embeddable":true,"href":"https:\/\/www.lacuna-air.de\/index.php?rest_route=%2Fwp%2Fv2%2Fproduct_tag&post=1358"}],"curies":[{"name":"wp","href":"https:\/\/api.w.org\/{rel}","templated":true}]}}