{"id":1357,"date":"2018-07-19T09:01:57","date_gmt":"2018-07-19T09:01:57","guid":{"rendered":"http:\/\/luft-und-klimatechnik.lacuna-air.de\/?post_type=product&#038;p=1357"},"modified":"2018-07-20T10:04:44","modified_gmt":"2018-07-20T10:04:44","slug":"spannringe-verzinkt-fuer-2mm","status":"publish","type":"product","link":"https:\/\/www.lacuna-air.de\/?product=spannringe-verzinkt-fuer-2mm","title":{"rendered":"Spannringe verzinkt f\u00fcr 2mm"},"content":{"rendered":"<p style=\"text-align: right;\"><strong>Produktdatenblatt\u00a0<\/strong><a href=\"http:\/\/luft-und-klimatechnik.lacuna-air.de\/wp-content\/uploads\/2018\/07\/SPANNRINGE.pdf\" target=\"_blanc\"><img loading=\"lazy\" class=\"size-full wp-image-1192 alignright\" src=\"http:\/\/luft-und-klimatechnik.lacuna-air.de\/wp-content\/uploads\/2018\/07\/dokumentation.jpg\" alt=\"\" width=\"79\" height=\"100\" \/><\/a><\/p>\n<p>&nbsp;<\/p>\n<p>&nbsp;<\/p>\n<p>&nbsp;<\/p>\n","protected":false},"excerpt":{"rendered":"<ul>\n<li>Durchmesser: \u00f8100 \u2013 \u00f8600 mm<\/li>\n<li>zweiteilig<\/li>\n<li>verzinkt,\u00a0Spannringe sind elektroverzinkt.<\/li>\n<\/ul>\n<p><strong>Einlage mit Dichtmasse <\/strong><\/p>\n<p>Die Spannringe werden mit eingelegter Dichtmasse gelifert, hergestellt aus Terostat VII.<br \/>\nDie Einlage ist bei der Lieferung durch einen Kunststoff-Film besch\u00fctzt, der vor Ingebrauchnahme entfernt wird.<br \/>\nDie Dichtmasse ist nicht wasserl\u00f6slich.<\/p>\n<p>Die Arbeitstemperatur liegt zwischen \u201350\u00b0C und +100\u00b0C. Die Spannringe werden geliefert in Kunststoffbeuteln \u00e1 10 St\u00fcck einschlie\u00dflich erforderlicher Bolzen und Muttern f\u00fcr die Verbindung.<\/p>\n","protected":false},"featured_media":1355,"template":"","meta":[],"product_cat":[55,58],"product_tag":[],"_links":{"self":[{"href":"https:\/\/www.lacuna-air.de\/index.php?rest_route=\/wp\/v2\/product\/1357"}],"collection":[{"href":"https:\/\/www.lacuna-air.de\/index.php?rest_route=\/wp\/v2\/product"}],"about":[{"href":"https:\/\/www.lacuna-air.de\/index.php?rest_route=\/wp\/v2\/types\/product"}],"wp:featuredmedia":[{"embeddable":true,"href":"https:\/\/www.lacuna-air.de\/index.php?rest_route=\/wp\/v2\/media\/1355"}],"wp:attachment":[{"href":"https:\/\/www.lacuna-air.de\/index.php?rest_route=%2Fwp%2Fv2%2Fmedia&parent=1357"}],"wp:term":[{"taxonomy":"product_cat","embeddable":true,"href":"https:\/\/www.lacuna-air.de\/index.php?rest_route=%2Fwp%2Fv2%2Fproduct_cat&post=1357"},{"taxonomy":"product_tag","embeddable":true,"href":"https:\/\/www.lacuna-air.de\/index.php?rest_route=%2Fwp%2Fv2%2Fproduct_tag&post=1357"}],"curies":[{"name":"wp","href":"https:\/\/api.w.org\/{rel}","templated":true}]}}