{"id":1351,"date":"2018-07-19T08:52:07","date_gmt":"2018-07-19T08:52:07","guid":{"rendered":"http:\/\/luft-und-klimatechnik.lacuna-air.de\/?post_type=product&#038;p=1351"},"modified":"2018-07-20T10:05:27","modified_gmt":"2018-07-20T10:05:27","slug":"spannringe","status":"publish","type":"product","link":"https:\/\/www.lacuna-air.de\/?product=spannringe","title":{"rendered":"Spannringe verzinkt"},"content":{"rendered":"<p style=\"text-align: right;\"><strong>Produktdatenblatt\u00a0<\/strong><a href=\"http:\/\/luft-und-klimatechnik.lacuna-air.de\/wp-content\/uploads\/2018\/07\/SPANNRINGE.pdf\" target=\"_blanc\"><img loading=\"lazy\" class=\"size-full wp-image-1192 alignright\" src=\"http:\/\/luft-und-klimatechnik.lacuna-air.de\/wp-content\/uploads\/2018\/07\/dokumentation.jpg\" alt=\"\" width=\"79\" height=\"100\" \/><\/a><\/p>\n<p>&nbsp;<\/p>\n<p>&nbsp;<\/p>\n<p>&nbsp;<\/p>\n","protected":false},"excerpt":{"rendered":"<ul>\n<li>Durchmesser: \u00f880 \u2013 \u00f8500 mm<\/li>\n<li>zweiteilig<\/li>\n<li>verzinkt,\u00a0Spannringe sind elektroverzinkt.<\/li>\n<\/ul>\n<p>Als Zubeh\u00f6r kann ein Gummiring aus EPDM Gummi geliefert werden, der die Abdichtung von Verbindungen f\u00fcr Durchmesser \u00f880 \u2013 \u00f8300 mm sichert.<\/p>\n<p>Werden geliefert im Kunststoffbeutel mit 10 St\u00fcck, einschl. erforderlicher Bolzen und Muttern f\u00fcr die Verbindung.<\/p>\n","protected":false},"featured_media":1353,"template":"","meta":[],"product_cat":[55,58],"product_tag":[],"_links":{"self":[{"href":"https:\/\/www.lacuna-air.de\/index.php?rest_route=\/wp\/v2\/product\/1351"}],"collection":[{"href":"https:\/\/www.lacuna-air.de\/index.php?rest_route=\/wp\/v2\/product"}],"about":[{"href":"https:\/\/www.lacuna-air.de\/index.php?rest_route=\/wp\/v2\/types\/product"}],"wp:featuredmedia":[{"embeddable":true,"href":"https:\/\/www.lacuna-air.de\/index.php?rest_route=\/wp\/v2\/media\/1353"}],"wp:attachment":[{"href":"https:\/\/www.lacuna-air.de\/index.php?rest_route=%2Fwp%2Fv2%2Fmedia&parent=1351"}],"wp:term":[{"taxonomy":"product_cat","embeddable":true,"href":"https:\/\/www.lacuna-air.de\/index.php?rest_route=%2Fwp%2Fv2%2Fproduct_cat&post=1351"},{"taxonomy":"product_tag","embeddable":true,"href":"https:\/\/www.lacuna-air.de\/index.php?rest_route=%2Fwp%2Fv2%2Fproduct_tag&post=1351"}],"curies":[{"name":"wp","href":"https:\/\/api.w.org\/{rel}","templated":true}]}}