{"id":1341,"date":"2018-07-18T13:52:43","date_gmt":"2018-07-18T13:52:43","guid":{"rendered":"http:\/\/luft-und-klimatechnik.lacuna-air.de\/?post_type=product&#038;p=1341"},"modified":"2018-07-20T10:08:12","modified_gmt":"2018-07-20T10:08:12","slug":"konusstuecke-2","status":"publish","type":"product","link":"https:\/\/www.lacuna-air.de\/?product=konusstuecke-2","title":{"rendered":"Konusst\u00fccke"},"content":{"rendered":"<p style=\"text-align: right;\"><a href=\"http:\/\/luft-und-klimatechnik.lacuna-air.de\/wp-content\/uploads\/2018\/07\/KONUSSTUCKE_2_UND_3MM.pdf\" target=\"_blanc\"><img loading=\"lazy\" class=\"size-full wp-image-1192 alignright\" src=\"http:\/\/luft-und-klimatechnik.lacuna-air.de\/wp-content\/uploads\/2018\/07\/dokumentation.jpg\" alt=\"\" width=\"79\" height=\"100\" \/><strong>Produktdatenblatt<\/strong><\/a><\/p>\n<p>&nbsp;<\/p>\n<p>&nbsp;<\/p>\n<p>&nbsp;<\/p>\n","protected":false},"excerpt":{"rendered":"<p><strong>2 und 3mm<\/strong><\/p>\n<ul>\n<li>Durchmesser A\u00a0 f\u00fcr 2 mm: \u00f8100 \u2013 \u00f81000 mm<\/li>\n<li>Durchmesser A f\u00fcr 3 mm: \u00f8160 \u2013 \u00f81000 mm<\/li>\n<li>geschwei\u00dft und aus 2,00 und 3,00 mm Blech<\/li>\n<\/ul>\n<p>Konusst\u00fccke werden in Standarddurchmessern hergestellt, wie in der Tabelle angegeben. Konusst\u00fccke in anderen Durchmessern werden nach Auftrag hergestellt.<br \/>\nKonusst\u00fccke mit A \u2264 600 mm werden standardm\u00e4\u00dfig f\u00fcr Verbindung mit Spannring (f.b) geliefert.<br \/>\nKonusst\u00fccke mit A \u2265 630 werden standardm\u00e4\u00dfig mit Flansch (m.fl) geliefert.<\/p>\n<p>A- und B-Ma\u00df sowie Verbindungsmethode bei Bestellung angeben. L h\u00e4ngt von dem Unterschied zwischen A und B ab.<\/p>\n","protected":false},"featured_media":1343,"template":"","meta":[],"product_cat":[55,58],"product_tag":[],"_links":{"self":[{"href":"https:\/\/www.lacuna-air.de\/index.php?rest_route=\/wp\/v2\/product\/1341"}],"collection":[{"href":"https:\/\/www.lacuna-air.de\/index.php?rest_route=\/wp\/v2\/product"}],"about":[{"href":"https:\/\/www.lacuna-air.de\/index.php?rest_route=\/wp\/v2\/types\/product"}],"wp:featuredmedia":[{"embeddable":true,"href":"https:\/\/www.lacuna-air.de\/index.php?rest_route=\/wp\/v2\/media\/1343"}],"wp:attachment":[{"href":"https:\/\/www.lacuna-air.de\/index.php?rest_route=%2Fwp%2Fv2%2Fmedia&parent=1341"}],"wp:term":[{"taxonomy":"product_cat","embeddable":true,"href":"https:\/\/www.lacuna-air.de\/index.php?rest_route=%2Fwp%2Fv2%2Fproduct_cat&post=1341"},{"taxonomy":"product_tag","embeddable":true,"href":"https:\/\/www.lacuna-air.de\/index.php?rest_route=%2Fwp%2Fv2%2Fproduct_tag&post=1341"}],"curies":[{"name":"wp","href":"https:\/\/api.w.org\/{rel}","templated":true}]}}