{"id":1329,"date":"2018-07-18T13:36:32","date_gmt":"2018-07-18T13:36:32","guid":{"rendered":"http:\/\/luft-und-klimatechnik.lacuna-air.de\/?post_type=product&#038;p=1329"},"modified":"2018-07-20T10:08:57","modified_gmt":"2018-07-20T10:08:57","slug":"30-konische-abzweigrohre-2","status":"publish","type":"product","link":"https:\/\/www.lacuna-air.de\/?product=30-konische-abzweigrohre-2","title":{"rendered":"45\u00b0 konische Abzweigrohre"},"content":{"rendered":"<p style=\"text-align: right;\"><a href=\"http:\/\/luft-und-klimatechnik.lacuna-air.de\/wp-content\/uploads\/2018\/07\/45_ABZWEIGROHRE_KONISCH_2_UND_3MM.pdf\" target=\"_blanc\"><img loading=\"lazy\" class=\"size-full wp-image-1192 alignright\" src=\"http:\/\/luft-und-klimatechnik.lacuna-air.de\/wp-content\/uploads\/2018\/07\/dokumentation.jpg\" alt=\"\" width=\"79\" height=\"100\" \/><strong>Produktdatenblatt<\/strong><\/a><\/p>\n<p>&nbsp;<\/p>\n<p>&nbsp;<\/p>\n<p>&nbsp;<\/p>\n","protected":false},"excerpt":{"rendered":"<p><strong>2 und 3mm<\/strong><\/p>\n<ul>\n<li>Durchmesser f\u00fcr 2 mm: \u00f8120 \u2013 \u00f81000 mm<\/li>\n<li>Durchmesser f\u00fcr 3 mm: \u00f8150 \u2013 \u00f81000 mm<\/li>\n<li>geschwei\u00dft und aus 2,00 und 3,00 mm Blech<\/li>\n<\/ul>\n<p>Konische Abzweigrohre mit A \u2264 600 mm, werden f\u00fcr Verbindung mit Spannringe (f.b) geliefert und A \u2265 630 mm, werden f\u00fcr Verbindung mit Flansch (m.fl.) geliefert.<\/p>\n<p>Wenn das Abzweigrohr mit Flanschen (m.fl), Losflanschen (f.b.m.fl), Schnellverschluss-Spannringe (f.lyn) geliefert wird, wird L1 um 50 mm Anschwei\u00dfstutzen bei Durchmesser C verl\u00e4ngert.<\/p>\n<p>Das A-, B- und C-Ma\u00df des Abzweigrohrs wird bei Bestellung angegeben. A, B und C wird nach Ihrem Wunsch kombiniert, der Abzweig B bestimmt aber die L\u00e4nge L1, wie in der Tabelle angegeben.<\/p>\n<p>Der maximale Unterschied zwischen Durchmesser A und C ist 100 mm. F\u00fcr B gilt B&lt; (A+C)\/2.<\/p>\n<p>Bei doppelten Abzweigrohren ist es der gr\u00f6\u00dfte Wert, der Durchmesser B, der die L\u00e4nge L1 auf dem gemeinsamen zylindrischen St\u00fcck bestimmt.<br \/>\nHiernach k\u00f6nnen L2 und L3 f\u00fcr beide Abzweigrundungen berechnet werden. Normalerweise sind die Abzweige gegeneinander versetzt.<\/p>\n","protected":false},"featured_media":1334,"template":"","meta":[],"product_cat":[55,58],"product_tag":[],"_links":{"self":[{"href":"https:\/\/www.lacuna-air.de\/index.php?rest_route=\/wp\/v2\/product\/1329"}],"collection":[{"href":"https:\/\/www.lacuna-air.de\/index.php?rest_route=\/wp\/v2\/product"}],"about":[{"href":"https:\/\/www.lacuna-air.de\/index.php?rest_route=\/wp\/v2\/types\/product"}],"wp:featuredmedia":[{"embeddable":true,"href":"https:\/\/www.lacuna-air.de\/index.php?rest_route=\/wp\/v2\/media\/1334"}],"wp:attachment":[{"href":"https:\/\/www.lacuna-air.de\/index.php?rest_route=%2Fwp%2Fv2%2Fmedia&parent=1329"}],"wp:term":[{"taxonomy":"product_cat","embeddable":true,"href":"https:\/\/www.lacuna-air.de\/index.php?rest_route=%2Fwp%2Fv2%2Fproduct_cat&post=1329"},{"taxonomy":"product_tag","embeddable":true,"href":"https:\/\/www.lacuna-air.de\/index.php?rest_route=%2Fwp%2Fv2%2Fproduct_tag&post=1329"}],"curies":[{"name":"wp","href":"https:\/\/api.w.org\/{rel}","templated":true}]}}