{"id":1323,"date":"2018-07-18T13:26:05","date_gmt":"2018-07-18T13:26:05","guid":{"rendered":"http:\/\/luft-und-klimatechnik.lacuna-air.de\/?post_type=product&#038;p=1323"},"modified":"2018-07-20T10:10:22","modified_gmt":"2018-07-20T10:10:22","slug":"30-zylindrische-abzweigrohre","status":"publish","type":"product","link":"https:\/\/www.lacuna-air.de\/?product=30-zylindrische-abzweigrohre","title":{"rendered":"30\u00b0 zylindrische Abzweigrohre"},"content":{"rendered":"<p style=\"text-align: right;\"><a href=\"http:\/\/luft-und-klimatechnik.lacuna-air.de\/wp-content\/uploads\/2018\/07\/30_ABZWEIGROHRE_ZYLINDRISCH_2_UND_3MM.pdf\" target=\"_blanc\"><img loading=\"lazy\" class=\"size-full wp-image-1192 alignright\" src=\"http:\/\/luft-und-klimatechnik.lacuna-air.de\/wp-content\/uploads\/2018\/07\/dokumentation.jpg\" alt=\"\" width=\"79\" height=\"100\" \/><strong>Produktdatenblatt<\/strong><\/a><\/p>\n<p>&nbsp;<\/p>\n<p>&nbsp;<\/p>\n<p>&nbsp;<\/p>\n","protected":false},"excerpt":{"rendered":"<p><strong>2 und 3mm<\/strong><\/p>\n<ul>\n<li>Durchmesser f\u00fcr 2 mm: \u00f8100 \u2013 \u00f81000 mm<\/li>\n<li>Durchmesser f\u00fcr 3 mm: \u00f8150 \u2013 \u00f81000 mm<\/li>\n<li>geschwei\u00dft und aus 2,00 und 3,00 mm Blech<\/li>\n<\/ul>\n<p>Zylindrische Abzweigrohre mit A = C \u2264 600 mm sind f\u00fcr Verbindung mit Spannring (f.b) geliefert und mit A = C \u2265 630 mm f\u00fcr Verbindung mit Flansch (m.fl).<\/p>\n<p>F\u00fcr Verbindung mit Losflanschen (f.b.m.fl) und mit Flansch (m.fl) wird L1 um 2 x 50 mm verl\u00e4ngert.<\/p>\n<p>Das A-, B- und C-Ma\u00df wird bei Bestellung angegeben.<br \/>\nDie Wahlm\u00f6glichkeiten werden dadurch begrenzt, dass A = C und A \u2265 B ist.<\/p>\n<p>Der Abzweig bestimmt die L\u00e4nge L1.<br \/>\nAbzweigrohre sind immer zylindrisch mit dem Abzweig mittig.<\/p>\n<p>L1, L2 und L3 werden anhand der angegebenen Formeln berechnet.<br \/>\nBei doppelten Abzweigrohren ist es der Gr\u00f6\u00dfte Wert der Durchmesser B, der die L\u00e4nge L1 auf dem gemeinsamen zylindrischen St\u00fcck bestimmt.<br \/>\nHiernach k\u00f6nnen L2 und L3 f\u00fcr beide Abzweigungen berechnet werden. Normalerweise sind die Abzweige gegeneinander versetzt.<\/p>\n","protected":false},"featured_media":1325,"template":"","meta":[],"product_cat":[55,58],"product_tag":[],"_links":{"self":[{"href":"https:\/\/www.lacuna-air.de\/index.php?rest_route=\/wp\/v2\/product\/1323"}],"collection":[{"href":"https:\/\/www.lacuna-air.de\/index.php?rest_route=\/wp\/v2\/product"}],"about":[{"href":"https:\/\/www.lacuna-air.de\/index.php?rest_route=\/wp\/v2\/types\/product"}],"wp:featuredmedia":[{"embeddable":true,"href":"https:\/\/www.lacuna-air.de\/index.php?rest_route=\/wp\/v2\/media\/1325"}],"wp:attachment":[{"href":"https:\/\/www.lacuna-air.de\/index.php?rest_route=%2Fwp%2Fv2%2Fmedia&parent=1323"}],"wp:term":[{"taxonomy":"product_cat","embeddable":true,"href":"https:\/\/www.lacuna-air.de\/index.php?rest_route=%2Fwp%2Fv2%2Fproduct_cat&post=1323"},{"taxonomy":"product_tag","embeddable":true,"href":"https:\/\/www.lacuna-air.de\/index.php?rest_route=%2Fwp%2Fv2%2Fproduct_tag&post=1323"}],"curies":[{"name":"wp","href":"https:\/\/api.w.org\/{rel}","templated":true}]}}