{"id":1302,"date":"2018-07-18T12:58:54","date_gmt":"2018-07-18T12:58:54","guid":{"rendered":"http:\/\/luft-und-klimatechnik.lacuna-air.de\/?post_type=product&#038;p=1302"},"modified":"2018-07-20T10:09:09","modified_gmt":"2018-07-20T10:09:09","slug":"rohre-2-und-3mm","status":"publish","type":"product","link":"https:\/\/www.lacuna-air.de\/?product=rohre-2-und-3mm","title":{"rendered":"Rohre, 2 und 3mm"},"content":{"rendered":"<p style=\"text-align: right;\"><a href=\"http:\/\/luft-und-klimatechnik.lacuna-air.de\/wp-content\/uploads\/2018\/07\/ROHRE_2-UND_3MM.pdf\" target=\"_blanc\">Produktdatenblatt\u00a0<img loading=\"lazy\" class=\"size-full wp-image-1192 alignright\" src=\"http:\/\/luft-und-klimatechnik.lacuna-air.de\/wp-content\/uploads\/2018\/07\/dokumentation.jpg\" alt=\"\" width=\"79\" height=\"100\" \/><\/a><\/p>\n","protected":false},"excerpt":{"rendered":"<ul>\n<li>Durchmesser f\u00fcr 2 mm: \u00f880 \u2013 \u00f81250 mm<\/li>\n<li>2 und 3 mm Rohre D \u2264 600 mm werden standardm\u00e4\u00dfig f\u00fcr Spannringe (f.b) geliefert.<\/li>\n<li>Rohr mit D = \u00f8630 mm \u2013 \u00f81250 werden mit Flansch (m.fl) geliefert.<\/li>\n<\/ul>\n","protected":false},"featured_media":1304,"template":"","meta":[],"product_cat":[55,58],"product_tag":[],"_links":{"self":[{"href":"https:\/\/www.lacuna-air.de\/index.php?rest_route=\/wp\/v2\/product\/1302"}],"collection":[{"href":"https:\/\/www.lacuna-air.de\/index.php?rest_route=\/wp\/v2\/product"}],"about":[{"href":"https:\/\/www.lacuna-air.de\/index.php?rest_route=\/wp\/v2\/types\/product"}],"wp:featuredmedia":[{"embeddable":true,"href":"https:\/\/www.lacuna-air.de\/index.php?rest_route=\/wp\/v2\/media\/1304"}],"wp:attachment":[{"href":"https:\/\/www.lacuna-air.de\/index.php?rest_route=%2Fwp%2Fv2%2Fmedia&parent=1302"}],"wp:term":[{"taxonomy":"product_cat","embeddable":true,"href":"https:\/\/www.lacuna-air.de\/index.php?rest_route=%2Fwp%2Fv2%2Fproduct_cat&post=1302"},{"taxonomy":"product_tag","embeddable":true,"href":"https:\/\/www.lacuna-air.de\/index.php?rest_route=%2Fwp%2Fv2%2Fproduct_tag&post=1302"}],"curies":[{"name":"wp","href":"https:\/\/api.w.org\/{rel}","templated":true}]}}