{"id":1296,"date":"2018-07-18T07:02:24","date_gmt":"2018-07-18T07:02:24","guid":{"rendered":"http:\/\/luft-und-klimatechnik.lacuna-air.de\/?post_type=product&#038;p=1296"},"modified":"2018-07-18T07:07:10","modified_gmt":"2018-07-18T07:07:10","slug":"konusstuecke","status":"publish","type":"product","link":"https:\/\/www.lacuna-air.de\/?product=konusstuecke","title":{"rendered":"Konusst\u00fccke"},"content":{"rendered":"<p style=\"text-align: right;\"><a href=\"http:\/\/luft-und-klimatechnik.lacuna-air.de\/wp-content\/uploads\/2018\/07\/KONUSSTUCKE.pdf\" target=\"_blanc\"><img loading=\"lazy\" class=\"size-full wp-image-1192 alignright\" src=\"http:\/\/luft-und-klimatechnik.lacuna-air.de\/wp-content\/uploads\/2018\/07\/dokumentation.jpg\" alt=\"\" width=\"79\" height=\"100\" \/><strong>Produktdatenblatt<\/strong><\/a><\/p>\n<p>&nbsp;<\/p>\n<p>&nbsp;<\/p>\n<p>&nbsp;<\/p>\n","protected":false},"excerpt":{"rendered":"<ul>\n<li>Verzinkt<\/li>\n<li>Durchmesser: \u00f880 \u2013 \u00f81000 mm<\/li>\n<li>\u00a00,90 \u2013 1,00 mm Blech<\/li>\n<\/ul>\n<p>Konusst\u00fccke sind punktgeschwei\u00dft und standardm\u00e4\u00dfig aus 0,90 mm verzinktem Blech hergestellt.<\/p>\n<p>Bei der Montage mit breiten Spannringen (f.bb), Schnellverschluss-Spannringen (f.lyn) und Losflanschen (f.b.m.fl) wird die L\u00e4nge (L) um 2 x 50 mm vergr\u00f6\u00dfert.<br \/>\nBei Bestellung D-Ma\u00df und d-Ma\u00df angeben.<br \/>\nDie L\u00e4nge L ist in Schema angegeben.<\/p>\n","protected":false},"featured_media":1298,"template":"","meta":[],"product_cat":[55,58],"product_tag":[],"_links":{"self":[{"href":"https:\/\/www.lacuna-air.de\/index.php?rest_route=\/wp\/v2\/product\/1296"}],"collection":[{"href":"https:\/\/www.lacuna-air.de\/index.php?rest_route=\/wp\/v2\/product"}],"about":[{"href":"https:\/\/www.lacuna-air.de\/index.php?rest_route=\/wp\/v2\/types\/product"}],"wp:featuredmedia":[{"embeddable":true,"href":"https:\/\/www.lacuna-air.de\/index.php?rest_route=\/wp\/v2\/media\/1298"}],"wp:attachment":[{"href":"https:\/\/www.lacuna-air.de\/index.php?rest_route=%2Fwp%2Fv2%2Fmedia&parent=1296"}],"wp:term":[{"taxonomy":"product_cat","embeddable":true,"href":"https:\/\/www.lacuna-air.de\/index.php?rest_route=%2Fwp%2Fv2%2Fproduct_cat&post=1296"},{"taxonomy":"product_tag","embeddable":true,"href":"https:\/\/www.lacuna-air.de\/index.php?rest_route=%2Fwp%2Fv2%2Fproduct_tag&post=1296"}],"curies":[{"name":"wp","href":"https:\/\/api.w.org\/{rel}","templated":true}]}}